{"id":981,"date":"2025-01-31T11:18:10","date_gmt":"2025-01-31T11:18:10","guid":{"rendered":"https:\/\/preview.quintadosobral.com\/politica-de-privacidade\/"},"modified":"2025-02-02T13:08:51","modified_gmt":"2025-02-02T13:08:51","slug":"politica-de-privacidade","status":"publish","type":"page","link":"https:\/\/quintadosobral.com\/pt-pt\/politica-de-privacidade\/","title":{"rendered":"Pol\u00edtica de privacidade"},"content":{"rendered":"<p>[et_pb_section fb_built=&#8221;1&#8243; module_id=&#8221;the-country-estate&#8221; _builder_version=&#8221;4.27.4&#8243; _module_preset=&#8221;default&#8221; custom_padding=&#8221;||0px||false|false&#8221; locked=&#8221;off&#8221; global_colors_info=&#8221;{}&#8221;][et_pb_row _builder_version=&#8221;4.27.4&#8243; _module_preset=&#8221;default&#8221; custom_padding=&#8221;||10px||false|false&#8221; global_colors_info=&#8221;{}&#8221;][et_pb_column type=&#8221;4_4&#8243; _builder_version=&#8221;4.27.4&#8243; _module_preset=&#8221;default&#8221; global_colors_info=&#8221;{}&#8221;][et_pb_text _builder_version=&#8221;4.27.4&#8243; _module_preset=&#8221;default&#8221; header_3_font=&#8221;|||on|||||&#8221; header_3_text_align=&#8221;center&#8221; header_3_font_size=&#8221;20px&#8221; header_3_letter_spacing=&#8221;3px&#8221; header_3_line_height=&#8221;1.2em&#8221; header_3_font_size_tablet=&#8221;20px&#8221; header_3_font_size_phone=&#8221;18px&#8221; header_3_font_size_last_edited=&#8221;on|desktop&#8221; global_colors_info=&#8221;{}&#8221;]<\/p>\n<h3>Pol\u00edtica de privacidade<\/h3>\n<p>[\/et_pb_text][et_pb_divider _builder_version=&#8221;4.27.4&#8243; _module_preset=&#8221;default&#8221; width=&#8221;100px&#8221; module_alignment=&#8221;center&#8221; custom_padding=&#8221;0px||||false|false&#8221; global_colors_info=&#8221;{}&#8221;][\/et_pb_divider][\/et_pb_column][\/et_pb_row][\/et_pb_section][et_pb_section fb_built=&#8221;1&#8243; _builder_version=&#8221;4.27.4&#8243; _module_preset=&#8221;default&#8221; custom_padding=&#8221;0px||40px||false|false&#8221; global_colors_info=&#8221;{}&#8221;][et_pb_row _builder_version=&#8221;4.27.4&#8243; _module_preset=&#8221;default&#8221; max_width=&#8221;1080px&#8221; custom_padding=&#8221;0px||||false|false&#8221; global_colors_info=&#8221;{}&#8221;][et_pb_column type=&#8221;4_4&#8243; _builder_version=&#8221;4.27.4&#8243; _module_preset=&#8221;default&#8221; global_colors_info=&#8221;{}&#8221;][et_pb_text _builder_version=&#8221;4.27.4&#8243; _module_preset=&#8221;default&#8221; text_line_height=&#8221;1.5em&#8221; header_4_text_color=&#8221;#BBA454&#8243; header_4_letter_spacing=&#8221;1px&#8221; text_font_size_tablet=&#8221;20px&#8221; text_font_size_phone=&#8221;16px&#8221; text_font_size_last_edited=&#8221;on|desktop&#8221; text_line_height_tablet=&#8221;1.5em&#8221; text_line_height_phone=&#8221;1.4em&#8221; text_line_height_last_edited=&#8221;on|phone&#8221; global_colors_info=&#8221;{}&#8221;]<\/p>\n<p>NowaVino, Lda. \u2013 Turismo e Agricultura tem como compromisso assegurar um servi\u00e7o de qualidade a todos os clientes e visitantes do site, assim como a todos os aspectos que se relacionem com a privacidade.<br \/>\nTodas as informa\u00e7\u00f5es pessoais relativas a clientes, membros ou visitantes do site s\u00e3o tratadas de acordo com o Regulamento Geral de Protec\u00e7\u00e3o de Dados.<br \/>O uso do site Quinta Do Sobral\u00ae pressup\u00f5e a aceita\u00e7\u00e3o desta Pol\u00edtica de Privacidade. <\/p>\n<p><strong>Como e para que fins os seus dados pessoais s\u00e3o utilizados?<\/strong><\/p>\n<p>NowaVino, Lda. utiliza a informa\u00e7\u00e3o recolhida para facilitar os processos de reserva de quartos e factura\u00e7\u00e3o, gest\u00e3o de clientes, para fins hist\u00f3ricos e estat\u00edsticos, obriga\u00e7\u00f5es legais, controlo da qualidade de servi\u00e7o e para contactos futuros.<br \/>\nUtilizamos a informa\u00e7\u00e3o recolhida para adequar os nossos produtos e servi\u00e7os aos nossos clientes, para o envio de informa\u00e7\u00f5es, promo\u00e7\u00f5es e pr\u00e9mios em fun\u00e7\u00e3o das estadias atrav\u00e9s de e-mail, SMS ou chamada telef\u00f3nica.<br \/>\nNeste sentido sugerimos que seja fornecido um endere\u00e7o de e-mail adequado \u00e0 recep\u00e7\u00e3o deste tipo de comunica\u00e7\u00f5es.<br \/>\nEstas comunica\u00e7\u00f5es s\u00e3o relativas aos nossos produtos e n\u00e3o constitui uma obriga\u00e7\u00e3o legal ou contratual e n\u00e3o existem consequ\u00eancias para quem n\u00e3o o fornecer.   <\/p>\n<p>A retirada posterior de consentimento n\u00e3o compromete a legalidade do tratamento realizado com base neste consentimento.<\/p>\n<p><strong>Quem \u00e9 o respons\u00e1vel pela informa\u00e7\u00e3o?<\/strong><\/p>\n<p>A NowaVino, \u00e9 o respons\u00e1vel pelos dados recolhidos que s\u00e3o tratados informaticamente.<br \/>\nPara garantir a seguran\u00e7a dos seus dados tratamos a informa\u00e7\u00e3o que nos forneceu de forma absolutamente confidencial, e n\u00e3o partilhamos os dados pessoais com terceiros para fins comerciais. <\/p>\n<p>O titular dos dados pode apresentar reclama\u00e7\u00e3o \u00e0 autoridade de controlo \u2013 a Comiss\u00e3o Nacional de Protec\u00e7\u00e3o de Dados.<\/p>\n<p><strong>Quem pode contactar para aceder, rectificar ou apagar os dados?<\/strong><\/p>\n<p>Os nossos clientes e visitantes t\u00eam diferentes preocupa\u00e7\u00f5es de privacidade e podem a qualquer momento rever, atualizar e decidir que tipo de dados pretendem ver guardados.<br \/>\nO Encarregado de Protec\u00e7\u00e3o de Dados pode ser contactado directamente atrav\u00e9s do e-mail brigitte@quintadosobral.com ou por correio para NowaVino, Lda., Rua Principal, 3260-342 Figueir\u00f3 dos Vinhos a quem poder\u00e1 solicitar a qualquer momento a c\u00f3pia dos dados que lhe digam respeito, a retirada do consentimento, a retifica\u00e7\u00e3o, o apagamento, a limita\u00e7\u00e3o, a portabilidade e a oposi\u00e7\u00e3o ao tratamento dos mesmos. <\/p>\n<p><strong>Por quanto tempo s\u00e3o os dados armazenados?<\/strong><\/p>\n<p>Os dados pessoais s\u00e3o mantidos at\u00e9 se esgotar o fim a que se destinam.<br \/>\nNo caso dos dados relativos a clientes, estes ser\u00e3o eliminados 2 anos a contar da \u00faltima intera\u00e7\u00e3o com os nossos servi\u00e7os, ou, enquanto o cliente beneficiar de um programa de fideliza\u00e7\u00e3o Quinta Do Sobral\u00ae, se em data posterior, e se aplic\u00e1vel.<br \/>\nPoder\u00e3o existir disposi\u00e7\u00f5es legais que obriguem a manter os dados pessoais por um per\u00edodo de tempo m\u00ednimo superior.  <\/p>\n<p><strong>Seguran\u00e7a<\/strong><\/p>\n<p>Para garantir a seguran\u00e7a dos seus dados e a m\u00e1xima confidencialidade, tratamos a informa\u00e7\u00e3o que nos forneceu de forma absolutamente confidencial, de acordo com as nossas pol\u00edticas e procedimentos internos de seguran\u00e7a e confidencialidade.<br \/>\nSempre que lhe for solicitada informa\u00e7\u00e3o do cart\u00e3o de cr\u00e9dito, esta comunica\u00e7\u00e3o \u00e9 efetuada atrav\u00e9s de linha segura SSL (Secured Sockets Layer), quando utilizar browsers que permitam SSL, tais como Microsoft Internet Explorer ou Netscape Navigator.<br \/>\nUtilizaremos tamb\u00e9m SSL em todas as p\u00e1ginas onde lhe for solicitada informa\u00e7\u00e3o pessoal, o que significa que a sua informa\u00e7\u00e3o ser\u00e1 enviada atrav\u00e9s da Internet de forma encriptada.<br \/>\nPoder\u00e1 verificar que est\u00e1 em modo seguro quando visualizar um \u00edcone cadeado ou chave no canto inferior direito ou no canto inferior esquerdo do seu monitor.   <\/p>\n<p><strong>Direitos de propriedade intelectual<\/strong><\/p>\n<p>Todos conte\u00fados presentes no site Quinta Do Sobral\u00ae (textos, imagens e v\u00eddeos) t\u00eam a sua utiliza\u00e7\u00e3o autorizada e est\u00e3o protegidos pelo C\u00f3digo do Direito de Autor e dos Direitos Conexos. Este site pode conter links para sites de terceiros que n\u00e3o est\u00e3o sob o controle da NowaVino, Lda. A nossa Pol\u00edtica de Privacidade n\u00e3o \u00e9 aplic\u00e1vel a esses sites pelo que se recomenda a leitura da Pol\u00edtica de Privacidade neles presente.  <\/p>\n<p><strong>Contacto e pessoa de contacto<\/strong><\/p>\n<p>NowaVino, Lda. | Quinta Do Sobral\u00ae<\/p>\n<p>Ribeira de S\u00e3o Pedro \u2013 Quinta Do Sobral<br \/>P-3260-342 Figueir\u00f3 dos Vinhos<br \/>Tlm.: +351 960 232 988<br \/>Managing Directors: Dr. Bernhard and Dr. Brigitte Nowakowsky<\/p>\n<p>[\/et_pb_text][\/et_pb_column][\/et_pb_row][\/et_pb_section]<\/p>\n","protected":false},"excerpt":{"rendered":"<p>Pol\u00edtica de privacidadeNowaVino, Lda. \u2013 Turismo e Agricultura tem como compromisso assegurar um servi\u00e7o de qualidade a todos os clientes e visitantes do site, assim como a todos os aspectos que se relacionem com a privacidade. Todas as informa\u00e7\u00f5es pessoais relativas a clientes, membros ou visitantes do site s\u00e3o tratadas de acordo com o Regulamento [&hellip;]<\/p>\n","protected":false},"author":1,"featured_media":0,"parent":0,"menu_order":0,"comment_status":"closed","ping_status":"closed","template":"","meta":{"_et_pb_use_builder":"on","_et_pb_old_content":"","_et_gb_content_width":"","footnotes":""},"class_list":["post-981","page","type-page","status-publish","hentry"],"yoast_head":"<!-- This site is optimized with the Yoast SEO plugin v27.1.1 - https:\/\/yoast.com\/product\/yoast-seo-wordpress\/ -->\n<title>Pol\u00edtica de privacidade - Quinta Do Sobral<\/title>\n<meta name=\"robots\" content=\"index, follow, max-snippet:-1, max-image-preview:large, max-video-preview:-1\" \/>\n<link rel=\"canonical\" href=\"https:\/\/quintadosobral.com\/pt-pt\/politica-de-privacidade\/\" \/>\n<meta property=\"og:locale\" content=\"pt_PT\" \/>\n<meta property=\"og:type\" content=\"article\" \/>\n<meta property=\"og:title\" content=\"Pol\u00edtica de privacidade - Quinta Do Sobral\" \/>\n<meta property=\"og:description\" content=\"Pol\u00edtica de privacidadeNowaVino, Lda. \u2013 Turismo e Agricultura tem como compromisso assegurar um servi\u00e7o de qualidade a todos os clientes e visitantes do site, assim como a todos os aspectos que se relacionem com a privacidade. Todas as informa\u00e7\u00f5es pessoais relativas a clientes, membros ou visitantes do site s\u00e3o tratadas de acordo com o Regulamento [&hellip;]\" \/>\n<meta property=\"og:url\" content=\"https:\/\/quintadosobral.com\/pt-pt\/politica-de-privacidade\/\" \/>\n<meta property=\"og:site_name\" content=\"Quinta Do Sobral\" \/>\n<meta property=\"article:publisher\" content=\"https:\/\/www.facebook.com\/BernhardundBrigitte\/\" \/>\n<meta property=\"article:modified_time\" content=\"2025-02-02T13:08:51+00:00\" \/>\n<meta name=\"twitter:card\" content=\"summary_large_image\" \/>\n<meta name=\"twitter:label1\" content=\"Tempo estimado de leitura\" \/>\n\t<meta name=\"twitter:data1\" content=\"5 minutos\" \/>\n<script type=\"application\/ld+json\" class=\"yoast-schema-graph\">{\"@context\":\"https:\/\/schema.org\",\"@graph\":[{\"@type\":\"WebPage\",\"@id\":\"https:\/\/quintadosobral.com\/pt-pt\/politica-de-privacidade\/\",\"url\":\"https:\/\/quintadosobral.com\/pt-pt\/politica-de-privacidade\/\",\"name\":\"Pol\u00edtica de privacidade - Quinta Do Sobral\",\"isPartOf\":{\"@id\":\"https:\/\/quintadosobral.com\/pt-pt\/#website\"},\"datePublished\":\"2025-01-31T11:18:10+00:00\",\"dateModified\":\"2025-02-02T13:08:51+00:00\",\"breadcrumb\":{\"@id\":\"https:\/\/quintadosobral.com\/pt-pt\/politica-de-privacidade\/#breadcrumb\"},\"inLanguage\":\"pt-PT\",\"potentialAction\":[{\"@type\":\"ReadAction\",\"target\":[\"https:\/\/quintadosobral.com\/pt-pt\/politica-de-privacidade\/\"]}]},{\"@type\":\"BreadcrumbList\",\"@id\":\"https:\/\/quintadosobral.com\/pt-pt\/politica-de-privacidade\/#breadcrumb\",\"itemListElement\":[{\"@type\":\"ListItem\",\"position\":1,\"name\":\"Startseite\",\"item\":\"https:\/\/quintadosobral.com\/pt-pt\/\"},{\"@type\":\"ListItem\",\"position\":2,\"name\":\"Pol\u00edtica de privacidade\"}]},{\"@type\":\"WebSite\",\"@id\":\"https:\/\/quintadosobral.com\/pt-pt\/#website\",\"url\":\"https:\/\/quintadosobral.com\/pt-pt\/\",\"name\":\"Quinta Do Sobral\",\"description\":\"Rural Guest Houses | Central Portugal | Acceuil\",\"publisher\":{\"@id\":\"https:\/\/quintadosobral.com\/pt-pt\/#organization\"},\"potentialAction\":[{\"@type\":\"SearchAction\",\"target\":{\"@type\":\"EntryPoint\",\"urlTemplate\":\"https:\/\/quintadosobral.com\/pt-pt\/?s={search_term_string}\"},\"query-input\":{\"@type\":\"PropertyValueSpecification\",\"valueRequired\":true,\"valueName\":\"search_term_string\"}}],\"inLanguage\":\"pt-PT\"},{\"@type\":\"Organization\",\"@id\":\"https:\/\/quintadosobral.com\/pt-pt\/#organization\",\"name\":\"Quinta Do Sobral\",\"url\":\"https:\/\/quintadosobral.com\/pt-pt\/\",\"logo\":{\"@type\":\"ImageObject\",\"inLanguage\":\"pt-PT\",\"@id\":\"https:\/\/quintadosobral.com\/pt-pt\/#\/schema\/logo\/image\/\",\"url\":\"https:\/\/quintadosobral.com\/wp-content\/uploads\/2025\/01\/quinta-do-sobral-pool02-min.jpg\",\"contentUrl\":\"https:\/\/quintadosobral.com\/wp-content\/uploads\/2025\/01\/quinta-do-sobral-pool02-min.jpg\",\"width\":1475,\"height\":983,\"caption\":\"Quinta Do Sobral\"},\"image\":{\"@id\":\"https:\/\/quintadosobral.com\/pt-pt\/#\/schema\/logo\/image\/\"},\"sameAs\":[\"https:\/\/www.facebook.com\/BernhardundBrigitte\/\"]}]}<\/script>\n<!-- \/ Yoast SEO plugin. -->","yoast_head_json":{"title":"Pol\u00edtica de privacidade - Quinta Do Sobral","robots":{"index":"index","follow":"follow","max-snippet":"max-snippet:-1","max-image-preview":"max-image-preview:large","max-video-preview":"max-video-preview:-1"},"canonical":"https:\/\/quintadosobral.com\/pt-pt\/politica-de-privacidade\/","og_locale":"pt_PT","og_type":"article","og_title":"Pol\u00edtica de privacidade - Quinta Do Sobral","og_description":"Pol\u00edtica de privacidadeNowaVino, Lda. \u2013 Turismo e Agricultura tem como compromisso assegurar um servi\u00e7o de qualidade a todos os clientes e visitantes do site, assim como a todos os aspectos que se relacionem com a privacidade. Todas as informa\u00e7\u00f5es pessoais relativas a clientes, membros ou visitantes do site s\u00e3o tratadas de acordo com o Regulamento [&hellip;]","og_url":"https:\/\/quintadosobral.com\/pt-pt\/politica-de-privacidade\/","og_site_name":"Quinta Do Sobral","article_publisher":"https:\/\/www.facebook.com\/BernhardundBrigitte\/","article_modified_time":"2025-02-02T13:08:51+00:00","twitter_card":"summary_large_image","twitter_misc":{"Tempo estimado de leitura":"5 minutos"},"schema":{"@context":"https:\/\/schema.org","@graph":[{"@type":"WebPage","@id":"https:\/\/quintadosobral.com\/pt-pt\/politica-de-privacidade\/","url":"https:\/\/quintadosobral.com\/pt-pt\/politica-de-privacidade\/","name":"Pol\u00edtica de privacidade - Quinta Do Sobral","isPartOf":{"@id":"https:\/\/quintadosobral.com\/pt-pt\/#website"},"datePublished":"2025-01-31T11:18:10+00:00","dateModified":"2025-02-02T13:08:51+00:00","breadcrumb":{"@id":"https:\/\/quintadosobral.com\/pt-pt\/politica-de-privacidade\/#breadcrumb"},"inLanguage":"pt-PT","potentialAction":[{"@type":"ReadAction","target":["https:\/\/quintadosobral.com\/pt-pt\/politica-de-privacidade\/"]}]},{"@type":"BreadcrumbList","@id":"https:\/\/quintadosobral.com\/pt-pt\/politica-de-privacidade\/#breadcrumb","itemListElement":[{"@type":"ListItem","position":1,"name":"Startseite","item":"https:\/\/quintadosobral.com\/pt-pt\/"},{"@type":"ListItem","position":2,"name":"Pol\u00edtica de privacidade"}]},{"@type":"WebSite","@id":"https:\/\/quintadosobral.com\/pt-pt\/#website","url":"https:\/\/quintadosobral.com\/pt-pt\/","name":"Quinta Do Sobral","description":"Rural Guest Houses | Central Portugal | Acceuil","publisher":{"@id":"https:\/\/quintadosobral.com\/pt-pt\/#organization"},"potentialAction":[{"@type":"SearchAction","target":{"@type":"EntryPoint","urlTemplate":"https:\/\/quintadosobral.com\/pt-pt\/?s={search_term_string}"},"query-input":{"@type":"PropertyValueSpecification","valueRequired":true,"valueName":"search_term_string"}}],"inLanguage":"pt-PT"},{"@type":"Organization","@id":"https:\/\/quintadosobral.com\/pt-pt\/#organization","name":"Quinta Do Sobral","url":"https:\/\/quintadosobral.com\/pt-pt\/","logo":{"@type":"ImageObject","inLanguage":"pt-PT","@id":"https:\/\/quintadosobral.com\/pt-pt\/#\/schema\/logo\/image\/","url":"https:\/\/quintadosobral.com\/wp-content\/uploads\/2025\/01\/quinta-do-sobral-pool02-min.jpg","contentUrl":"https:\/\/quintadosobral.com\/wp-content\/uploads\/2025\/01\/quinta-do-sobral-pool02-min.jpg","width":1475,"height":983,"caption":"Quinta Do Sobral"},"image":{"@id":"https:\/\/quintadosobral.com\/pt-pt\/#\/schema\/logo\/image\/"},"sameAs":["https:\/\/www.facebook.com\/BernhardundBrigitte\/"]}]}},"_links":{"self":[{"href":"https:\/\/quintadosobral.com\/pt-pt\/wp-json\/wp\/v2\/pages\/981","targetHints":{"allow":["GET"]}}],"collection":[{"href":"https:\/\/quintadosobral.com\/pt-pt\/wp-json\/wp\/v2\/pages"}],"about":[{"href":"https:\/\/quintadosobral.com\/pt-pt\/wp-json\/wp\/v2\/types\/page"}],"author":[{"embeddable":true,"href":"https:\/\/quintadosobral.com\/pt-pt\/wp-json\/wp\/v2\/users\/1"}],"replies":[{"embeddable":true,"href":"https:\/\/quintadosobral.com\/pt-pt\/wp-json\/wp\/v2\/comments?post=981"}],"version-history":[{"count":3,"href":"https:\/\/quintadosobral.com\/pt-pt\/wp-json\/wp\/v2\/pages\/981\/revisions"}],"predecessor-version":[{"id":1246,"href":"https:\/\/quintadosobral.com\/pt-pt\/wp-json\/wp\/v2\/pages\/981\/revisions\/1246"}],"wp:attachment":[{"href":"https:\/\/quintadosobral.com\/pt-pt\/wp-json\/wp\/v2\/media?parent=981"}],"curies":[{"name":"wp","href":"https:\/\/api.w.org\/{rel}","templated":true}]}}