{"id":960,"date":"2025-01-31T11:09:26","date_gmt":"2025-01-31T11:09:26","guid":{"rendered":"https:\/\/preview.quintadosobral.com\/quem-somos\/"},"modified":"2025-02-02T13:10:00","modified_gmt":"2025-02-02T13:10:00","slug":"quem-somos","status":"publish","type":"page","link":"https:\/\/quintadosobral.com\/pt-pt\/quem-somos\/","title":{"rendered":"Quem Somos"},"content":{"rendered":"<p>[et_pb_section fb_built=&#8221;1&#8243; module_id=&#8221;the-country-estate&#8221; _builder_version=&#8221;4.27.4&#8243; _module_preset=&#8221;default&#8221; custom_padding=&#8221;||0px||false|false&#8221; locked=&#8221;off&#8221; global_colors_info=&#8221;{}&#8221;][et_pb_row _builder_version=&#8221;4.27.4&#8243; _module_preset=&#8221;default&#8221; custom_padding=&#8221;||10px||false|false&#8221; global_colors_info=&#8221;{}&#8221;][et_pb_column type=&#8221;4_4&#8243; _builder_version=&#8221;4.27.4&#8243; _module_preset=&#8221;default&#8221; global_colors_info=&#8221;{}&#8221;][et_pb_text _builder_version=&#8221;4.27.4&#8243; _module_preset=&#8221;default&#8221; header_3_font=&#8221;|||on|||||&#8221; header_3_text_align=&#8221;center&#8221; header_3_font_size=&#8221;20px&#8221; header_3_letter_spacing=&#8221;3px&#8221; header_3_line_height=&#8221;1.2em&#8221; header_3_font_size_tablet=&#8221;20px&#8221; header_3_font_size_phone=&#8221;18px&#8221; header_3_font_size_last_edited=&#8221;on|desktop&#8221; global_colors_info=&#8221;{}&#8221;]<\/p>\n<h3>Quem Somos<\/h3>\n<p>[\/et_pb_text][et_pb_divider _builder_version=&#8221;4.27.4&#8243; _module_preset=&#8221;default&#8221; width=&#8221;100px&#8221; module_alignment=&#8221;center&#8221; custom_padding=&#8221;0px||||false|false&#8221; global_colors_info=&#8221;{}&#8221;][\/et_pb_divider][\/et_pb_column][\/et_pb_row][\/et_pb_section][et_pb_section fb_built=&#8221;1&#8243; _builder_version=&#8221;4.27.4&#8243; _module_preset=&#8221;default&#8221; custom_padding=&#8221;0px||40px||false|false&#8221; global_colors_info=&#8221;{}&#8221;][et_pb_row _builder_version=&#8221;4.27.4&#8243; _module_preset=&#8221;default&#8221; max_width=&#8221;1080px&#8221; custom_padding=&#8221;0px||||false|false&#8221; global_colors_info=&#8221;{}&#8221;][et_pb_column type=&#8221;4_4&#8243; _builder_version=&#8221;4.27.4&#8243; _module_preset=&#8221;default&#8221; global_colors_info=&#8221;{}&#8221;][et_pb_text _builder_version=&#8221;4.27.4&#8243; _module_preset=&#8221;default&#8221; text_line_height=&#8221;1.5em&#8221; header_4_text_color=&#8221;#BBA454&#8243; header_4_letter_spacing=&#8221;1px&#8221; text_font_size_tablet=&#8221;20px&#8221; text_font_size_phone=&#8221;16px&#8221; text_font_size_last_edited=&#8221;on|desktop&#8221; text_line_height_tablet=&#8221;1.5em&#8221; text_line_height_phone=&#8221;1.4em&#8221; text_line_height_last_edited=&#8221;on|phone&#8221; global_colors_info=&#8221;{}&#8221;]<\/p>\n<p>NowaVino, Lda.<br \/>\n| Quinta Do Sobral\u00ae<br \/>Ribeira de S\u00e3o Pedro \u2013 Quinta Do Sobral \u2013 P-3260-342 Figueir\u00f3 dos Vinhos \u2013 Tlm.: +351 960 232 988 (chamada para a rede m\u00f3vel nacional)<br \/>Licen\u00e7a Casa Brigitte: RNET-136 (Turismo de Portugal)<br \/>Licen\u00e7a Solar: RNET-4555 (Turismo de Portugal)<br \/>Licen\u00e7a Casa Ouro: RNET-4554 (Turismo de Portugal)<br \/>Contribuinte: NIF PT507714245<br \/>Gerentes: Dr. Bernhard e Dr. Brigitte Nowakowsky <\/p>\n<p>Livro de Reclama\u00e7\u00f5es Eletr\u00f3nico: <a href=\"https:\/\/www.livroreclamacoes.pt\/inicio\" target=\"_blank\" rel=\"noopener\">https:\/\/www.livroreclamacoes.pt\/inicio<\/a><\/p>\n<p>[\/et_pb_text][\/et_pb_column][\/et_pb_row][\/et_pb_section]<\/p>\n","protected":false},"excerpt":{"rendered":"<p>Quem SomosNowaVino, Lda. | Quinta Do Sobral\u00aeRibeira de S\u00e3o Pedro \u2013 Quinta Do Sobral \u2013 P-3260-342 Figueir\u00f3 dos Vinhos \u2013 Tlm.: +351 960 232 988 (chamada para a rede m\u00f3vel nacional)Licen\u00e7a Casa Brigitte: RNET-136 (Turismo de Portugal)Licen\u00e7a Solar: RNET-4555 (Turismo de Portugal)Licen\u00e7a Casa Ouro: RNET-4554 (Turismo de Portugal)Contribuinte: NIF PT507714245Gerentes: Dr. Bernhard e Dr. Brigitte [&hellip;]<\/p>\n","protected":false},"author":1,"featured_media":0,"parent":0,"menu_order":0,"comment_status":"closed","ping_status":"closed","template":"","meta":{"_et_pb_use_builder":"on","_et_pb_old_content":"","_et_gb_content_width":"","footnotes":""},"class_list":["post-960","page","type-page","status-publish","hentry"],"yoast_head":"<!-- This site is optimized with the Yoast SEO plugin v27.1.1 - https:\/\/yoast.com\/product\/yoast-seo-wordpress\/ -->\n<title>Quem Somos - Quinta Do Sobral<\/title>\n<meta name=\"robots\" content=\"index, follow, max-snippet:-1, max-image-preview:large, max-video-preview:-1\" \/>\n<link rel=\"canonical\" href=\"https:\/\/quintadosobral.com\/pt-pt\/quem-somos\/\" \/>\n<meta property=\"og:locale\" content=\"pt_PT\" \/>\n<meta property=\"og:type\" content=\"article\" \/>\n<meta property=\"og:title\" content=\"Quem Somos - Quinta Do Sobral\" \/>\n<meta property=\"og:description\" content=\"Quem SomosNowaVino, Lda. | Quinta Do Sobral\u00aeRibeira de S\u00e3o Pedro \u2013 Quinta Do Sobral \u2013 P-3260-342 Figueir\u00f3 dos Vinhos \u2013 Tlm.: +351 960 232 988 (chamada para a rede m\u00f3vel nacional)Licen\u00e7a Casa Brigitte: RNET-136 (Turismo de Portugal)Licen\u00e7a Solar: RNET-4555 (Turismo de Portugal)Licen\u00e7a Casa Ouro: RNET-4554 (Turismo de Portugal)Contribuinte: NIF PT507714245Gerentes: Dr. Bernhard e Dr. Brigitte [&hellip;]\" \/>\n<meta property=\"og:url\" content=\"https:\/\/quintadosobral.com\/pt-pt\/quem-somos\/\" \/>\n<meta property=\"og:site_name\" content=\"Quinta Do Sobral\" \/>\n<meta property=\"article:publisher\" content=\"https:\/\/www.facebook.com\/BernhardundBrigitte\/\" \/>\n<meta property=\"article:modified_time\" content=\"2025-02-02T13:10:00+00:00\" \/>\n<meta name=\"twitter:card\" content=\"summary_large_image\" \/>\n<meta name=\"twitter:label1\" content=\"Tempo estimado de leitura\" \/>\n\t<meta name=\"twitter:data1\" content=\"2 minutos\" \/>\n<script type=\"application\/ld+json\" class=\"yoast-schema-graph\">{\"@context\":\"https:\/\/schema.org\",\"@graph\":[{\"@type\":\"WebPage\",\"@id\":\"https:\/\/quintadosobral.com\/pt-pt\/quem-somos\/\",\"url\":\"https:\/\/quintadosobral.com\/pt-pt\/quem-somos\/\",\"name\":\"Quem Somos - Quinta Do Sobral\",\"isPartOf\":{\"@id\":\"https:\/\/quintadosobral.com\/pt-pt\/#website\"},\"datePublished\":\"2025-01-31T11:09:26+00:00\",\"dateModified\":\"2025-02-02T13:10:00+00:00\",\"breadcrumb\":{\"@id\":\"https:\/\/quintadosobral.com\/pt-pt\/quem-somos\/#breadcrumb\"},\"inLanguage\":\"pt-PT\",\"potentialAction\":[{\"@type\":\"ReadAction\",\"target\":[\"https:\/\/quintadosobral.com\/pt-pt\/quem-somos\/\"]}]},{\"@type\":\"BreadcrumbList\",\"@id\":\"https:\/\/quintadosobral.com\/pt-pt\/quem-somos\/#breadcrumb\",\"itemListElement\":[{\"@type\":\"ListItem\",\"position\":1,\"name\":\"Startseite\",\"item\":\"https:\/\/quintadosobral.com\/pt-pt\/\"},{\"@type\":\"ListItem\",\"position\":2,\"name\":\"Quem Somos\"}]},{\"@type\":\"WebSite\",\"@id\":\"https:\/\/quintadosobral.com\/pt-pt\/#website\",\"url\":\"https:\/\/quintadosobral.com\/pt-pt\/\",\"name\":\"Quinta Do Sobral\",\"description\":\"Rural Guest Houses | Central Portugal | Acceuil\",\"publisher\":{\"@id\":\"https:\/\/quintadosobral.com\/pt-pt\/#organization\"},\"potentialAction\":[{\"@type\":\"SearchAction\",\"target\":{\"@type\":\"EntryPoint\",\"urlTemplate\":\"https:\/\/quintadosobral.com\/pt-pt\/?s={search_term_string}\"},\"query-input\":{\"@type\":\"PropertyValueSpecification\",\"valueRequired\":true,\"valueName\":\"search_term_string\"}}],\"inLanguage\":\"pt-PT\"},{\"@type\":\"Organization\",\"@id\":\"https:\/\/quintadosobral.com\/pt-pt\/#organization\",\"name\":\"Quinta Do Sobral\",\"url\":\"https:\/\/quintadosobral.com\/pt-pt\/\",\"logo\":{\"@type\":\"ImageObject\",\"inLanguage\":\"pt-PT\",\"@id\":\"https:\/\/quintadosobral.com\/pt-pt\/#\/schema\/logo\/image\/\",\"url\":\"https:\/\/quintadosobral.com\/wp-content\/uploads\/2025\/01\/quinta-do-sobral-pool02-min.jpg\",\"contentUrl\":\"https:\/\/quintadosobral.com\/wp-content\/uploads\/2025\/01\/quinta-do-sobral-pool02-min.jpg\",\"width\":1475,\"height\":983,\"caption\":\"Quinta Do Sobral\"},\"image\":{\"@id\":\"https:\/\/quintadosobral.com\/pt-pt\/#\/schema\/logo\/image\/\"},\"sameAs\":[\"https:\/\/www.facebook.com\/BernhardundBrigitte\/\"]}]}<\/script>\n<!-- \/ Yoast SEO plugin. -->","yoast_head_json":{"title":"Quem Somos - Quinta Do Sobral","robots":{"index":"index","follow":"follow","max-snippet":"max-snippet:-1","max-image-preview":"max-image-preview:large","max-video-preview":"max-video-preview:-1"},"canonical":"https:\/\/quintadosobral.com\/pt-pt\/quem-somos\/","og_locale":"pt_PT","og_type":"article","og_title":"Quem Somos - Quinta Do Sobral","og_description":"Quem SomosNowaVino, Lda. | Quinta Do Sobral\u00aeRibeira de S\u00e3o Pedro \u2013 Quinta Do Sobral \u2013 P-3260-342 Figueir\u00f3 dos Vinhos \u2013 Tlm.: +351 960 232 988 (chamada para a rede m\u00f3vel nacional)Licen\u00e7a Casa Brigitte: RNET-136 (Turismo de Portugal)Licen\u00e7a Solar: RNET-4555 (Turismo de Portugal)Licen\u00e7a Casa Ouro: RNET-4554 (Turismo de Portugal)Contribuinte: NIF PT507714245Gerentes: Dr. Bernhard e Dr. Brigitte [&hellip;]","og_url":"https:\/\/quintadosobral.com\/pt-pt\/quem-somos\/","og_site_name":"Quinta Do Sobral","article_publisher":"https:\/\/www.facebook.com\/BernhardundBrigitte\/","article_modified_time":"2025-02-02T13:10:00+00:00","twitter_card":"summary_large_image","twitter_misc":{"Tempo estimado de leitura":"2 minutos"},"schema":{"@context":"https:\/\/schema.org","@graph":[{"@type":"WebPage","@id":"https:\/\/quintadosobral.com\/pt-pt\/quem-somos\/","url":"https:\/\/quintadosobral.com\/pt-pt\/quem-somos\/","name":"Quem Somos - Quinta Do Sobral","isPartOf":{"@id":"https:\/\/quintadosobral.com\/pt-pt\/#website"},"datePublished":"2025-01-31T11:09:26+00:00","dateModified":"2025-02-02T13:10:00+00:00","breadcrumb":{"@id":"https:\/\/quintadosobral.com\/pt-pt\/quem-somos\/#breadcrumb"},"inLanguage":"pt-PT","potentialAction":[{"@type":"ReadAction","target":["https:\/\/quintadosobral.com\/pt-pt\/quem-somos\/"]}]},{"@type":"BreadcrumbList","@id":"https:\/\/quintadosobral.com\/pt-pt\/quem-somos\/#breadcrumb","itemListElement":[{"@type":"ListItem","position":1,"name":"Startseite","item":"https:\/\/quintadosobral.com\/pt-pt\/"},{"@type":"ListItem","position":2,"name":"Quem Somos"}]},{"@type":"WebSite","@id":"https:\/\/quintadosobral.com\/pt-pt\/#website","url":"https:\/\/quintadosobral.com\/pt-pt\/","name":"Quinta Do Sobral","description":"Rural Guest Houses | Central Portugal | Acceuil","publisher":{"@id":"https:\/\/quintadosobral.com\/pt-pt\/#organization"},"potentialAction":[{"@type":"SearchAction","target":{"@type":"EntryPoint","urlTemplate":"https:\/\/quintadosobral.com\/pt-pt\/?s={search_term_string}"},"query-input":{"@type":"PropertyValueSpecification","valueRequired":true,"valueName":"search_term_string"}}],"inLanguage":"pt-PT"},{"@type":"Organization","@id":"https:\/\/quintadosobral.com\/pt-pt\/#organization","name":"Quinta Do Sobral","url":"https:\/\/quintadosobral.com\/pt-pt\/","logo":{"@type":"ImageObject","inLanguage":"pt-PT","@id":"https:\/\/quintadosobral.com\/pt-pt\/#\/schema\/logo\/image\/","url":"https:\/\/quintadosobral.com\/wp-content\/uploads\/2025\/01\/quinta-do-sobral-pool02-min.jpg","contentUrl":"https:\/\/quintadosobral.com\/wp-content\/uploads\/2025\/01\/quinta-do-sobral-pool02-min.jpg","width":1475,"height":983,"caption":"Quinta Do Sobral"},"image":{"@id":"https:\/\/quintadosobral.com\/pt-pt\/#\/schema\/logo\/image\/"},"sameAs":["https:\/\/www.facebook.com\/BernhardundBrigitte\/"]}]}},"_links":{"self":[{"href":"https:\/\/quintadosobral.com\/pt-pt\/wp-json\/wp\/v2\/pages\/960","targetHints":{"allow":["GET"]}}],"collection":[{"href":"https:\/\/quintadosobral.com\/pt-pt\/wp-json\/wp\/v2\/pages"}],"about":[{"href":"https:\/\/quintadosobral.com\/pt-pt\/wp-json\/wp\/v2\/types\/page"}],"author":[{"embeddable":true,"href":"https:\/\/quintadosobral.com\/pt-pt\/wp-json\/wp\/v2\/users\/1"}],"replies":[{"embeddable":true,"href":"https:\/\/quintadosobral.com\/pt-pt\/wp-json\/wp\/v2\/comments?post=960"}],"version-history":[{"count":3,"href":"https:\/\/quintadosobral.com\/pt-pt\/wp-json\/wp\/v2\/pages\/960\/revisions"}],"predecessor-version":[{"id":1290,"href":"https:\/\/quintadosobral.com\/pt-pt\/wp-json\/wp\/v2\/pages\/960\/revisions\/1290"}],"wp:attachment":[{"href":"https:\/\/quintadosobral.com\/pt-pt\/wp-json\/wp\/v2\/media?parent=960"}],"curies":[{"name":"wp","href":"https:\/\/api.w.org\/{rel}","templated":true}]}}