{"id":885,"date":"2025-01-30T16:11:09","date_gmt":"2025-01-30T16:11:09","guid":{"rendered":"https:\/\/preview.quintadosobral.com\/atividades\/"},"modified":"2025-02-02T12:54:22","modified_gmt":"2025-02-02T12:54:22","slug":"atividades","status":"publish","type":"page","link":"https:\/\/quintadosobral.com\/pt-pt\/atividades\/","title":{"rendered":"Atividades"},"content":{"rendered":"<p>[et_pb_section fb_built=&#8221;1&#8243; _builder_version=&#8221;4.27.4&#8243; _module_preset=&#8221;default&#8221; global_colors_info=&#8221;{}&#8221;][et_pb_row _builder_version=&#8221;4.27.4&#8243; _module_preset=&#8221;default&#8221; custom_padding=&#8221;||10px||false|false&#8221; locked=&#8221;off&#8221; global_colors_info=&#8221;{}&#8221;][et_pb_column type=&#8221;4_4&#8243; _builder_version=&#8221;4.27.4&#8243; _module_preset=&#8221;default&#8221; global_colors_info=&#8221;{}&#8221;][et_pb_text _builder_version=&#8221;4.27.4&#8243; _module_preset=&#8221;default&#8221; header_3_font=&#8221;|||on|||||&#8221; header_3_text_align=&#8221;center&#8221; header_3_font_size=&#8221;20px&#8221; header_3_letter_spacing=&#8221;3px&#8221; header_3_line_height=&#8221;1.2em&#8221; header_3_font_size_tablet=&#8221;20px&#8221; header_3_font_size_phone=&#8221;18px&#8221; header_3_font_size_last_edited=&#8221;on|desktop&#8221; global_colors_info=&#8221;{}&#8221;]<\/p>\n<h3>Atividades<\/h3>\n<p>[\/et_pb_text][et_pb_divider _builder_version=&#8221;4.27.4&#8243; _module_preset=&#8221;default&#8221; width=&#8221;100px&#8221; module_alignment=&#8221;center&#8221; custom_padding=&#8221;0px||||false|false&#8221; global_colors_info=&#8221;{}&#8221;][\/et_pb_divider][\/et_pb_column][\/et_pb_row][et_pb_row _builder_version=&#8221;4.27.4&#8243; _module_preset=&#8221;default&#8221; global_colors_info=&#8221;{}&#8221;][et_pb_column type=&#8221;4_4&#8243; _builder_version=&#8221;4.27.4&#8243; _module_preset=&#8221;default&#8221; global_colors_info=&#8221;{}&#8221;][et_pb_text _builder_version=&#8221;4.27.4&#8243; _module_preset=&#8221;default&#8221; text_font_size=&#8221;22px&#8221; text_orientation=&#8221;center&#8221; text_font_size_tablet=&#8221;22px&#8221; text_font_size_phone=&#8221;18px&#8221; text_font_size_last_edited=&#8221;on|phone&#8221; text_line_height_tablet=&#8221;&#8221; text_line_height_phone=&#8221;1.5em&#8221; text_line_height_last_edited=&#8221;on|phone&#8221; global_colors_info=&#8221;{}&#8221;]<\/p>\n<p>Cultura, desporto, lazer: muitas op\u00e7\u00f5es!<\/p>\n<p>[\/et_pb_text][\/et_pb_column][\/et_pb_row][et_pb_row column_structure=&#8221;1_4,1_4,1_4,1_4&#8243; _builder_version=&#8221;4.27.4&#8243; _module_preset=&#8221;default&#8221; global_colors_info=&#8221;{}&#8221;][et_pb_column type=&#8221;1_4&#8243; _builder_version=&#8221;4.27.4&#8243; _module_preset=&#8221;default&#8221; global_colors_info=&#8221;{}&#8221;][et_pb_blurb title=&#8221;Festas tradicionais&#8221; image=&#8221;https:\/\/quintadosobral.com\/wp-content\/uploads\/2025\/01\/quinta-do-sobral-traditionelle-feste.jpg&#8221; image_icon_width_tablet=&#8221;&#8221; image_icon_width_phone=&#8221;&#8221; image_icon_width_last_edited=&#8221;on|phone&#8221; _builder_version=&#8221;4.27.4&#8243; _module_preset=&#8221;default&#8221; header_font=&#8221;Montserrat Semibold lokal||||||||&#8221; header_text_align=&#8221;center&#8221; header_font_size=&#8221;20px&#8221; header_letter_spacing=&#8221;1px&#8221; body_text_align=&#8221;center&#8221; body_font_size=&#8221;16px&#8221; header_font_size_phone=&#8221;20px&#8221; header_font_size_last_edited=&#8221;off|phone&#8221; body_font_size_tablet=&#8221;16px&#8221; body_font_size_phone=&#8221;16px&#8221; body_font_size_last_edited=&#8221;on|phone&#8221; border_radii_image=&#8221;on|400px|400px|400px|400px&#8221; global_colors_info=&#8221;{}&#8221;]<\/p>\n<p>H\u00e1 um calend\u00e1rio de festas e eventos para o ano inteiro, por exemplo a festa de S\u00e3o Jo\u00e3o no dia 24 de junho. Venha e visite! <\/p>\n<p>[\/et_pb_blurb][\/et_pb_column][et_pb_column type=&#8221;1_4&#8243; _builder_version=&#8221;4.27.4&#8243; _module_preset=&#8221;default&#8221; global_colors_info=&#8221;{}&#8221;][et_pb_blurb title=&#8221;Natureza&#8221; image=&#8221;https:\/\/quintadosobral.com\/wp-content\/uploads\/2025\/01\/quinta-do-sobral-natur.jpg&#8221; image_icon_width_tablet=&#8221;&#8221; image_icon_width_phone=&#8221;&#8221; image_icon_width_last_edited=&#8221;on|phone&#8221; _builder_version=&#8221;4.27.4&#8243; _module_preset=&#8221;default&#8221; header_font=&#8221;Montserrat Semibold lokal||||||||&#8221; header_text_align=&#8221;center&#8221; header_font_size=&#8221;20px&#8221; header_letter_spacing=&#8221;1px&#8221; body_text_align=&#8221;center&#8221; body_font_size=&#8221;16px&#8221; header_font_size_phone=&#8221;20px&#8221; header_font_size_last_edited=&#8221;off|phone&#8221; body_font_size_tablet=&#8221;16px&#8221; body_font_size_phone=&#8221;16px&#8221; body_font_size_last_edited=&#8221;on|phone&#8221; border_radii_image=&#8221;on|400px|400px|400px|400px&#8221; global_colors_info=&#8221;{}&#8221;]<\/p>\n<p>O encantador lado do pa\u00eds oferece diversas oportunidades para observar a flora e a fauna, por exemplo, aves end\u00e9micas raras.<\/p>\n<p>[\/et_pb_blurb][\/et_pb_column][et_pb_column type=&#8221;1_4&#8243; _builder_version=&#8221;4.27.4&#8243; _module_preset=&#8221;default&#8221; global_colors_info=&#8221;{}&#8221;][et_pb_blurb title=&#8221;Montar a cavalo&#8221; image=&#8221;https:\/\/quintadosobral.com\/wp-content\/uploads\/2025\/01\/quinta-do-sobral-reiten.jpg&#8221; image_icon_width_tablet=&#8221;&#8221; image_icon_width_phone=&#8221;&#8221; image_icon_width_last_edited=&#8221;on|phone&#8221; _builder_version=&#8221;4.27.4&#8243; _module_preset=&#8221;default&#8221; header_font=&#8221;Montserrat Semibold lokal||||||||&#8221; header_text_align=&#8221;center&#8221; header_font_size=&#8221;20px&#8221; header_letter_spacing=&#8221;1px&#8221; body_text_align=&#8221;center&#8221; body_font_size=&#8221;16px&#8221; header_font_size_phone=&#8221;20px&#8221; header_font_size_last_edited=&#8221;off|phone&#8221; body_font_size_tablet=&#8221;16px&#8221; body_font_size_phone=&#8221;16px&#8221; body_font_size_last_edited=&#8221;on|phone&#8221; border_radii_image=&#8221;on|400px|400px|400px|400px&#8221; global_colors_info=&#8221;{}&#8221;]<\/p>\n<p>No munic\u00edpio existe um centro h\u00edpico atraente. Entre outro pode levar aulas ou realizar excurs\u00f5es a cavalo na \u00e1rea. <\/p>\n<p>[\/et_pb_blurb][\/et_pb_column][et_pb_column type=&#8221;1_4&#8243; _builder_version=&#8221;4.27.4&#8243; _module_preset=&#8221;default&#8221; global_colors_info=&#8221;{}&#8221;][et_pb_blurb title=&#8221;Desportos n\u00e1uticos&#8221; image=&#8221;https:\/\/quintadosobral.com\/wp-content\/uploads\/2025\/01\/quinta-do-sobral-wassersport.jpg&#8221; image_icon_width_tablet=&#8221;&#8221; image_icon_width_phone=&#8221;&#8221; image_icon_width_last_edited=&#8221;on|phone&#8221; _builder_version=&#8221;4.27.4&#8243; _module_preset=&#8221;default&#8221; header_font=&#8221;Montserrat Semibold lokal||||||||&#8221; header_text_align=&#8221;center&#8221; header_font_size=&#8221;20px&#8221; header_letter_spacing=&#8221;1px&#8221; body_text_align=&#8221;center&#8221; body_font_size=&#8221;16px&#8221; header_font_size_phone=&#8221;20px&#8221; header_font_size_last_edited=&#8221;off|phone&#8221; body_font_size_tablet=&#8221;16px&#8221; body_font_size_phone=&#8221;16px&#8221; body_font_size_last_edited=&#8221;on|phone&#8221; border_radii_image=&#8221;on|400px|400px|400px|400px&#8221; global_colors_info=&#8221;{}&#8221;]<\/p>\n<p>Existem muitas possibilidades. Po rexemplo no Rio Z\u00eazere pode alugar canoa e navegar muitos quil\u00f4metros. <\/p>\n<p>[\/et_pb_blurb][\/et_pb_column][\/et_pb_row][et_pb_row column_structure=&#8221;1_4,1_4,1_4,1_4&#8243; _builder_version=&#8221;4.27.4&#8243; _module_preset=&#8221;default&#8221; global_colors_info=&#8221;{}&#8221;][et_pb_column type=&#8221;1_4&#8243; _builder_version=&#8221;4.27.4&#8243; _module_preset=&#8221;default&#8221; global_colors_info=&#8221;{}&#8221;][et_pb_blurb title=&#8221;Agricultura&#8221; image=&#8221;https:\/\/quintadosobral.com\/wp-content\/uploads\/2025\/01\/quinta-do-sobral-landwirtschaft.jpg&#8221; image_icon_width_tablet=&#8221;&#8221; image_icon_width_phone=&#8221;&#8221; image_icon_width_last_edited=&#8221;on|phone&#8221; _builder_version=&#8221;4.27.4&#8243; _module_preset=&#8221;default&#8221; header_font=&#8221;Montserrat Semibold lokal||||||||&#8221; header_text_align=&#8221;center&#8221; header_font_size=&#8221;20px&#8221; header_letter_spacing=&#8221;1px&#8221; body_text_align=&#8221;center&#8221; body_font_size=&#8221;16px&#8221; header_font_size_phone=&#8221;20px&#8221; header_font_size_last_edited=&#8221;off|phone&#8221; body_font_size_tablet=&#8221;16px&#8221; body_font_size_phone=&#8221;16px&#8221; body_font_size_last_edited=&#8221;on|phone&#8221; border_radii_image=&#8221;on|400px|400px|400px|400px&#8221; global_colors_info=&#8221;{}&#8221;]<\/p>\n<p>A quinta tem um hectar de vinho em produ\u00e7\u00e3o. Mais, tem castanha doce, olival, sobral, limoeiros, ovelhas e muito mais. Oferecemos aos clientes uma visita guiada! <\/p>\n<p>[\/et_pb_blurb][\/et_pb_column][et_pb_column type=&#8221;1_4&#8243; _builder_version=&#8221;4.27.4&#8243; _module_preset=&#8221;default&#8221; global_colors_info=&#8221;{}&#8221;][et_pb_blurb title=&#8221;BTT&#8221; image=&#8221;https:\/\/quintadosobral.com\/wp-content\/uploads\/2025\/01\/quinta-do-sobral-mountainbiking.jpg&#8221; image_icon_width_tablet=&#8221;&#8221; image_icon_width_phone=&#8221;&#8221; image_icon_width_last_edited=&#8221;on|phone&#8221; _builder_version=&#8221;4.27.4&#8243; _module_preset=&#8221;default&#8221; header_font=&#8221;Montserrat Semibold lokal||||||||&#8221; header_text_align=&#8221;center&#8221; header_font_size=&#8221;20px&#8221; header_letter_spacing=&#8221;1px&#8221; body_text_align=&#8221;center&#8221; body_font_size=&#8221;16px&#8221; header_font_size_phone=&#8221;20px&#8221; header_font_size_last_edited=&#8221;off|phone&#8221; body_font_size_tablet=&#8221;16px&#8221; body_font_size_phone=&#8221;16px&#8221; body_font_size_last_edited=&#8221;on|phone&#8221; border_radii_image=&#8221;on|400px|400px|400px|400px&#8221; global_colors_info=&#8221;{}&#8221;]<\/p>\n<p>Existem muitos percursos bem cuidados e sinalizados de niveis diferentes de dificuldade. V\u00e1rios disp\u00f5em de boas esta\u00e7\u00f5es de servi\u00e7o e mais. Venha descubrir \u2013 aproveite a oferta! <\/p>\n<p>[\/et_pb_blurb][\/et_pb_column][et_pb_column type=&#8221;1_4&#8243; _builder_version=&#8221;4.27.4&#8243; _module_preset=&#8221;default&#8221; global_colors_info=&#8221;{}&#8221;][et_pb_blurb title=&#8221;Del\u00edcias culin\u00e1rias&#8221; image=&#8221;https:\/\/quintadosobral.com\/wp-content\/uploads\/2025\/01\/quinta-do-sobral-essen-trinken.jpg&#8221; image_icon_width_tablet=&#8221;&#8221; image_icon_width_phone=&#8221;&#8221; image_icon_width_last_edited=&#8221;on|phone&#8221; _builder_version=&#8221;4.27.4&#8243; _module_preset=&#8221;default&#8221; header_font=&#8221;Montserrat Semibold lokal||||||||&#8221; header_text_align=&#8221;center&#8221; header_font_size=&#8221;20px&#8221; header_letter_spacing=&#8221;1px&#8221; body_text_align=&#8221;center&#8221; body_font_size=&#8221;16px&#8221; header_font_size_phone=&#8221;20px&#8221; header_font_size_last_edited=&#8221;off|phone&#8221; body_font_size_tablet=&#8221;16px&#8221; body_font_size_phone=&#8221;16px&#8221; body_font_size_last_edited=&#8221;on|phone&#8221; border_radii_image=&#8221;on|400px|400px|400px|400px&#8221; global_colors_info=&#8221;{}&#8221;]<\/p>\n<p>Orgulhamo-nos de ajudar a descobrir a Gastronomia Portuguesa da regi\u00e3o que oferece muitos restaurantes t\u00edpicos. Tamb\u00e9m se servem refei\u00e7\u00f5es deliciosas na Quinta. <\/p>\n<p>[\/et_pb_blurb][\/et_pb_column][et_pb_column type=&#8221;1_4&#8243; _builder_version=&#8221;4.27.4&#8243; _module_preset=&#8221;default&#8221; global_colors_info=&#8221;{}&#8221;][et_pb_blurb title=&#8221;Cultura&#8221; image=&#8221;https:\/\/quintadosobral.com\/wp-content\/uploads\/2025\/01\/quinta-do-sobral-kultur.jpg&#8221; image_icon_width_tablet=&#8221;&#8221; image_icon_width_phone=&#8221;&#8221; image_icon_width_last_edited=&#8221;on|phone&#8221; _builder_version=&#8221;4.27.4&#8243; _module_preset=&#8221;default&#8221; header_font=&#8221;Montserrat Semibold lokal||||||||&#8221; header_text_align=&#8221;center&#8221; header_font_size=&#8221;20px&#8221; header_letter_spacing=&#8221;1px&#8221; body_text_align=&#8221;center&#8221; body_font_size=&#8221;16px&#8221; header_font_size_phone=&#8221;20px&#8221; header_font_size_last_edited=&#8221;off|phone&#8221; body_font_size_tablet=&#8221;16px&#8221; body_font_size_phone=&#8221;16px&#8221; body_font_size_last_edited=&#8221;on|phone&#8221; border_radii_image=&#8221;on|400px|400px|400px|400px&#8221; global_colors_info=&#8221;{}&#8221;]<\/p>\n<p>Figueir\u00f3 dos Vinhos est\u00e1 inserida no meio do \u201cTri\u00e2ngulo Hist\u00f3rico\u201d de Portugal. Poder\u00e1 visitar entre outro quatro s\u00edtios do Patrim\u00f3nio Mundial da UNESCO em passeios agrad\u00e1veis. <\/p>\n<p>[\/et_pb_blurb][\/et_pb_column][\/et_pb_row][et_pb_row column_structure=&#8221;1_4,1_4,1_4,1_4&#8243; _builder_version=&#8221;4.27.4&#8243; _module_preset=&#8221;default&#8221; global_colors_info=&#8221;{}&#8221;][et_pb_column type=&#8221;1_4&#8243; _builder_version=&#8221;4.27.4&#8243; _module_preset=&#8221;default&#8221; global_colors_info=&#8221;{}&#8221;][et_pb_blurb title=&#8221;Pesca&#8221; image=&#8221;https:\/\/quintadosobral.com\/wp-content\/uploads\/2025\/01\/quinta-do-sobral-angeln.jpg&#8221; image_icon_width_tablet=&#8221;&#8221; image_icon_width_phone=&#8221;&#8221; image_icon_width_last_edited=&#8221;on|phone&#8221; _builder_version=&#8221;4.27.4&#8243; _module_preset=&#8221;default&#8221; header_font=&#8221;Montserrat Semibold lokal||||||||&#8221; header_text_align=&#8221;center&#8221; header_font_size=&#8221;20px&#8221; header_letter_spacing=&#8221;1px&#8221; body_text_align=&#8221;center&#8221; body_font_size=&#8221;16px&#8221; header_font_size_phone=&#8221;20px&#8221; header_font_size_last_edited=&#8221;off|phone&#8221; body_font_size_tablet=&#8221;16px&#8221; body_font_size_phone=&#8221;16px&#8221; body_font_size_last_edited=&#8221;on|phone&#8221; border_radii_image=&#8221;on|400px|400px|400px|400px&#8221; global_colors_info=&#8221;{}&#8221;]<\/p>\n<p>A Quinta Do Sobral est\u00e1 inserida na natureza de uma beleza extraordin\u00e1ria, com montanhas, vales e rios. Um para\u00edso para os pescadores \u2013 simplesmente para todos os que amam a natureza. <\/p>\n<p>[\/et_pb_blurb][\/et_pb_column][et_pb_column type=&#8221;1_4&#8243; _builder_version=&#8221;4.27.4&#8243; _module_preset=&#8221;default&#8221; global_colors_info=&#8221;{}&#8221;][et_pb_blurb title=&#8221;Nata\u00e7\u00e3o&#8221; image=&#8221;https:\/\/quintadosobral.com\/wp-content\/uploads\/2025\/01\/quinta-do-sobral-schwimmen.jpg&#8221; image_icon_width_tablet=&#8221;&#8221; image_icon_width_phone=&#8221;&#8221; image_icon_width_last_edited=&#8221;on|phone&#8221; _builder_version=&#8221;4.27.4&#8243; _module_preset=&#8221;default&#8221; header_font=&#8221;Montserrat Semibold lokal||||||||&#8221; header_text_align=&#8221;center&#8221; header_font_size=&#8221;20px&#8221; header_letter_spacing=&#8221;1px&#8221; body_text_align=&#8221;center&#8221; body_font_size=&#8221;16px&#8221; header_font_size_phone=&#8221;20px&#8221; header_font_size_last_edited=&#8221;off|phone&#8221; body_font_size_tablet=&#8221;16px&#8221; body_font_size_phone=&#8221;16px&#8221; body_font_size_last_edited=&#8221;on|phone&#8221; border_radii_image=&#8221;on|400px|400px|400px|400px&#8221; global_colors_info=&#8221;{}&#8221;]<\/p>\n<p>A Quinta Do Sobral disp\u00f5e de uma piscina lindissima com todas as comodidades incluindo anexos. Tamb\u00e9m existem perto da quinta v\u00e1rias praias fluviais \u2013 particulariedade da regi\u00e3o. <\/p>\n<p>[\/et_pb_blurb][\/et_pb_column][et_pb_column type=&#8221;1_4&#8243; _builder_version=&#8221;4.27.4&#8243; _module_preset=&#8221;default&#8221; global_colors_info=&#8221;{}&#8221;][et_pb_blurb title=&#8221;Escalada&#8221; image=&#8221;https:\/\/quintadosobral.com\/wp-content\/uploads\/2025\/01\/quinta-do-sobral-klettern.jpg&#8221; image_icon_width_tablet=&#8221;&#8221; image_icon_width_phone=&#8221;&#8221; image_icon_width_last_edited=&#8221;on|phone&#8221; _builder_version=&#8221;4.27.4&#8243; _module_preset=&#8221;default&#8221; header_font=&#8221;Montserrat Semibold lokal||||||||&#8221; header_text_align=&#8221;center&#8221; header_font_size=&#8221;20px&#8221; header_letter_spacing=&#8221;1px&#8221; body_text_align=&#8221;center&#8221; body_font_size=&#8221;16px&#8221; header_font_size_phone=&#8221;20px&#8221; header_font_size_last_edited=&#8221;off|phone&#8221; body_font_size_tablet=&#8221;16px&#8221; body_font_size_phone=&#8221;16px&#8221; body_font_size_last_edited=&#8221;on|phone&#8221; border_radii_image=&#8221;on|400px|400px|400px|400px&#8221; global_colors_info=&#8221;{}&#8221;]<\/p>\n<p>Ficam perto duas zonas de escalada, nas Fragas de S. Sim\u00e3o e nas Fragas do Cercal, com cerca de 40 vias de escalada. Poder\u00e1 participar nas actividades de v\u00e1rias ag\u00eancias especializadas. <\/p>\n<p>[\/et_pb_blurb][\/et_pb_column][et_pb_column type=&#8221;1_4&#8243; _builder_version=&#8221;4.27.4&#8243; _module_preset=&#8221;default&#8221; global_colors_info=&#8221;{}&#8221;][et_pb_blurb title=&#8221;Pedestrianismo&#8221; image=&#8221;https:\/\/quintadosobral.com\/wp-content\/uploads\/2025\/01\/quinta-do-sobral-wandern.jpg&#8221; image_icon_width_tablet=&#8221;&#8221; image_icon_width_phone=&#8221;&#8221; image_icon_width_last_edited=&#8221;on|phone&#8221; _builder_version=&#8221;4.27.4&#8243; _module_preset=&#8221;default&#8221; header_font=&#8221;Montserrat Semibold lokal||||||||&#8221; header_text_align=&#8221;center&#8221; header_font_size=&#8221;20px&#8221; header_letter_spacing=&#8221;1px&#8221; body_text_align=&#8221;center&#8221; body_font_size=&#8221;16px&#8221; header_font_size_phone=&#8221;20px&#8221; header_font_size_last_edited=&#8221;off|phone&#8221; body_font_size_tablet=&#8221;16px&#8221; body_font_size_phone=&#8221;16px&#8221; body_font_size_last_edited=&#8221;on|phone&#8221; border_radii_image=&#8221;on|400px|400px|400px|400px&#8221; global_colors_info=&#8221;{}&#8221;]<\/p>\n<p>Existem muitos percursos pedestres, bem cuidados e sinalizados ou n\u00e3o sinalizados. Permitem a descoberta da regi\u00e3o em contacto com a natureza belissima ou com n\u00facleos urbanos carregados de hist\u00f3ria.<\/p>\n<p>[\/et_pb_blurb][\/et_pb_column][\/et_pb_row][\/et_pb_section]<\/p>\n","protected":false},"excerpt":{"rendered":"<p>AtividadesCultura, desporto, lazer: muitas op\u00e7\u00f5es!H\u00e1 um calend\u00e1rio de festas e eventos para o ano inteiro, por exemplo a festa de S\u00e3o Jo\u00e3o no dia 24 de junho. Venha e visite! O encantador lado do pa\u00eds oferece diversas oportunidades para observar a flora e a fauna, por exemplo, aves end\u00e9micas raras.No munic\u00edpio existe um centro h\u00edpico [&hellip;]<\/p>\n","protected":false},"author":1,"featured_media":0,"parent":0,"menu_order":0,"comment_status":"closed","ping_status":"closed","template":"","meta":{"_et_pb_use_builder":"on","_et_pb_old_content":"","_et_gb_content_width":"","footnotes":""},"class_list":["post-885","page","type-page","status-publish","hentry"],"yoast_head":"<!-- This site is optimized with the Yoast SEO plugin v27.1.1 - https:\/\/yoast.com\/product\/yoast-seo-wordpress\/ -->\n<title>Atividades - Quinta Do Sobral<\/title>\n<meta name=\"robots\" content=\"index, follow, max-snippet:-1, max-image-preview:large, max-video-preview:-1\" \/>\n<link rel=\"canonical\" href=\"https:\/\/quintadosobral.com\/pt-pt\/atividades\/\" \/>\n<meta property=\"og:locale\" content=\"pt_PT\" \/>\n<meta property=\"og:type\" content=\"article\" \/>\n<meta property=\"og:title\" content=\"Atividades - Quinta Do Sobral\" \/>\n<meta property=\"og:description\" content=\"AtividadesCultura, desporto, lazer: muitas op\u00e7\u00f5es!H\u00e1 um calend\u00e1rio de festas e eventos para o ano inteiro, por exemplo a festa de S\u00e3o Jo\u00e3o no dia 24 de junho. Venha e visite! O encantador lado do pa\u00eds oferece diversas oportunidades para observar a flora e a fauna, por exemplo, aves end\u00e9micas raras.No munic\u00edpio existe um centro h\u00edpico [&hellip;]\" \/>\n<meta property=\"og:url\" content=\"https:\/\/quintadosobral.com\/pt-pt\/atividades\/\" \/>\n<meta property=\"og:site_name\" content=\"Quinta Do Sobral\" \/>\n<meta property=\"article:publisher\" content=\"https:\/\/www.facebook.com\/BernhardundBrigitte\/\" \/>\n<meta property=\"article:modified_time\" content=\"2025-02-02T12:54:22+00:00\" \/>\n<meta name=\"twitter:card\" content=\"summary_large_image\" \/>\n<meta name=\"twitter:label1\" content=\"Tempo estimado de leitura\" \/>\n\t<meta name=\"twitter:data1\" content=\"10 minutos\" \/>\n<script type=\"application\/ld+json\" class=\"yoast-schema-graph\">{\"@context\":\"https:\/\/schema.org\",\"@graph\":[{\"@type\":\"WebPage\",\"@id\":\"https:\/\/quintadosobral.com\/pt-pt\/atividades\/\",\"url\":\"https:\/\/quintadosobral.com\/pt-pt\/atividades\/\",\"name\":\"Atividades - Quinta Do Sobral\",\"isPartOf\":{\"@id\":\"https:\/\/quintadosobral.com\/pt-pt\/#website\"},\"datePublished\":\"2025-01-30T16:11:09+00:00\",\"dateModified\":\"2025-02-02T12:54:22+00:00\",\"breadcrumb\":{\"@id\":\"https:\/\/quintadosobral.com\/pt-pt\/atividades\/#breadcrumb\"},\"inLanguage\":\"pt-PT\",\"potentialAction\":[{\"@type\":\"ReadAction\",\"target\":[\"https:\/\/quintadosobral.com\/pt-pt\/atividades\/\"]}]},{\"@type\":\"BreadcrumbList\",\"@id\":\"https:\/\/quintadosobral.com\/pt-pt\/atividades\/#breadcrumb\",\"itemListElement\":[{\"@type\":\"ListItem\",\"position\":1,\"name\":\"Startseite\",\"item\":\"https:\/\/quintadosobral.com\/pt-pt\/\"},{\"@type\":\"ListItem\",\"position\":2,\"name\":\"Atividades\"}]},{\"@type\":\"WebSite\",\"@id\":\"https:\/\/quintadosobral.com\/pt-pt\/#website\",\"url\":\"https:\/\/quintadosobral.com\/pt-pt\/\",\"name\":\"Quinta Do Sobral\",\"description\":\"Rural Guest Houses | Central Portugal | Acceuil\",\"publisher\":{\"@id\":\"https:\/\/quintadosobral.com\/pt-pt\/#organization\"},\"potentialAction\":[{\"@type\":\"SearchAction\",\"target\":{\"@type\":\"EntryPoint\",\"urlTemplate\":\"https:\/\/quintadosobral.com\/pt-pt\/?s={search_term_string}\"},\"query-input\":{\"@type\":\"PropertyValueSpecification\",\"valueRequired\":true,\"valueName\":\"search_term_string\"}}],\"inLanguage\":\"pt-PT\"},{\"@type\":\"Organization\",\"@id\":\"https:\/\/quintadosobral.com\/pt-pt\/#organization\",\"name\":\"Quinta Do Sobral\",\"url\":\"https:\/\/quintadosobral.com\/pt-pt\/\",\"logo\":{\"@type\":\"ImageObject\",\"inLanguage\":\"pt-PT\",\"@id\":\"https:\/\/quintadosobral.com\/pt-pt\/#\/schema\/logo\/image\/\",\"url\":\"https:\/\/quintadosobral.com\/wp-content\/uploads\/2025\/01\/quinta-do-sobral-pool02-min.jpg\",\"contentUrl\":\"https:\/\/quintadosobral.com\/wp-content\/uploads\/2025\/01\/quinta-do-sobral-pool02-min.jpg\",\"width\":1475,\"height\":983,\"caption\":\"Quinta Do Sobral\"},\"image\":{\"@id\":\"https:\/\/quintadosobral.com\/pt-pt\/#\/schema\/logo\/image\/\"},\"sameAs\":[\"https:\/\/www.facebook.com\/BernhardundBrigitte\/\"]}]}<\/script>\n<!-- \/ Yoast SEO plugin. -->","yoast_head_json":{"title":"Atividades - Quinta Do Sobral","robots":{"index":"index","follow":"follow","max-snippet":"max-snippet:-1","max-image-preview":"max-image-preview:large","max-video-preview":"max-video-preview:-1"},"canonical":"https:\/\/quintadosobral.com\/pt-pt\/atividades\/","og_locale":"pt_PT","og_type":"article","og_title":"Atividades - Quinta Do Sobral","og_description":"AtividadesCultura, desporto, lazer: muitas op\u00e7\u00f5es!H\u00e1 um calend\u00e1rio de festas e eventos para o ano inteiro, por exemplo a festa de S\u00e3o Jo\u00e3o no dia 24 de junho. Venha e visite! O encantador lado do pa\u00eds oferece diversas oportunidades para observar a flora e a fauna, por exemplo, aves end\u00e9micas raras.No munic\u00edpio existe um centro h\u00edpico [&hellip;]","og_url":"https:\/\/quintadosobral.com\/pt-pt\/atividades\/","og_site_name":"Quinta Do Sobral","article_publisher":"https:\/\/www.facebook.com\/BernhardundBrigitte\/","article_modified_time":"2025-02-02T12:54:22+00:00","twitter_card":"summary_large_image","twitter_misc":{"Tempo estimado de leitura":"10 minutos"},"schema":{"@context":"https:\/\/schema.org","@graph":[{"@type":"WebPage","@id":"https:\/\/quintadosobral.com\/pt-pt\/atividades\/","url":"https:\/\/quintadosobral.com\/pt-pt\/atividades\/","name":"Atividades - Quinta Do Sobral","isPartOf":{"@id":"https:\/\/quintadosobral.com\/pt-pt\/#website"},"datePublished":"2025-01-30T16:11:09+00:00","dateModified":"2025-02-02T12:54:22+00:00","breadcrumb":{"@id":"https:\/\/quintadosobral.com\/pt-pt\/atividades\/#breadcrumb"},"inLanguage":"pt-PT","potentialAction":[{"@type":"ReadAction","target":["https:\/\/quintadosobral.com\/pt-pt\/atividades\/"]}]},{"@type":"BreadcrumbList","@id":"https:\/\/quintadosobral.com\/pt-pt\/atividades\/#breadcrumb","itemListElement":[{"@type":"ListItem","position":1,"name":"Startseite","item":"https:\/\/quintadosobral.com\/pt-pt\/"},{"@type":"ListItem","position":2,"name":"Atividades"}]},{"@type":"WebSite","@id":"https:\/\/quintadosobral.com\/pt-pt\/#website","url":"https:\/\/quintadosobral.com\/pt-pt\/","name":"Quinta Do Sobral","description":"Rural Guest Houses | Central Portugal | Acceuil","publisher":{"@id":"https:\/\/quintadosobral.com\/pt-pt\/#organization"},"potentialAction":[{"@type":"SearchAction","target":{"@type":"EntryPoint","urlTemplate":"https:\/\/quintadosobral.com\/pt-pt\/?s={search_term_string}"},"query-input":{"@type":"PropertyValueSpecification","valueRequired":true,"valueName":"search_term_string"}}],"inLanguage":"pt-PT"},{"@type":"Organization","@id":"https:\/\/quintadosobral.com\/pt-pt\/#organization","name":"Quinta Do Sobral","url":"https:\/\/quintadosobral.com\/pt-pt\/","logo":{"@type":"ImageObject","inLanguage":"pt-PT","@id":"https:\/\/quintadosobral.com\/pt-pt\/#\/schema\/logo\/image\/","url":"https:\/\/quintadosobral.com\/wp-content\/uploads\/2025\/01\/quinta-do-sobral-pool02-min.jpg","contentUrl":"https:\/\/quintadosobral.com\/wp-content\/uploads\/2025\/01\/quinta-do-sobral-pool02-min.jpg","width":1475,"height":983,"caption":"Quinta Do Sobral"},"image":{"@id":"https:\/\/quintadosobral.com\/pt-pt\/#\/schema\/logo\/image\/"},"sameAs":["https:\/\/www.facebook.com\/BernhardundBrigitte\/"]}]}},"_links":{"self":[{"href":"https:\/\/quintadosobral.com\/pt-pt\/wp-json\/wp\/v2\/pages\/885","targetHints":{"allow":["GET"]}}],"collection":[{"href":"https:\/\/quintadosobral.com\/pt-pt\/wp-json\/wp\/v2\/pages"}],"about":[{"href":"https:\/\/quintadosobral.com\/pt-pt\/wp-json\/wp\/v2\/types\/page"}],"author":[{"embeddable":true,"href":"https:\/\/quintadosobral.com\/pt-pt\/wp-json\/wp\/v2\/users\/1"}],"replies":[{"embeddable":true,"href":"https:\/\/quintadosobral.com\/pt-pt\/wp-json\/wp\/v2\/comments?post=885"}],"version-history":[{"count":3,"href":"https:\/\/quintadosobral.com\/pt-pt\/wp-json\/wp\/v2\/pages\/885\/revisions"}],"predecessor-version":[{"id":1177,"href":"https:\/\/quintadosobral.com\/pt-pt\/wp-json\/wp\/v2\/pages\/885\/revisions\/1177"}],"wp:attachment":[{"href":"https:\/\/quintadosobral.com\/pt-pt\/wp-json\/wp\/v2\/media?parent=885"}],"curies":[{"name":"wp","href":"https:\/\/api.w.org\/{rel}","templated":true}]}}