{"id":987,"date":"2025-01-31T11:18:10","date_gmt":"2025-01-31T11:18:10","guid":{"rendered":"https:\/\/preview.quintadosobral.com\/charte-de-confidentialite\/"},"modified":"2025-02-02T13:08:34","modified_gmt":"2025-02-02T13:08:34","slug":"charte-de-confidentialite","status":"publish","type":"page","link":"https:\/\/quintadosobral.com\/fr\/charte-de-confidentialite\/","title":{"rendered":"Charte de confidentialit\u00e9"},"content":{"rendered":"<p>[et_pb_section fb_built=\u00a0\u00bb1&Prime; module_id=\u00a0\u00bbthe-country-estate\u00a0\u00bb _builder_version=\u00a0\u00bb4.27.4&Prime; _module_preset=\u00a0\u00bbdefault\u00a0\u00bb custom_padding=\u00a0\u00bb||0px||false|false\u00a0\u00bb locked=\u00a0\u00bboff\u00a0\u00bb global_colors_info=\u00a0\u00bb{}\u00a0\u00bb][et_pb_row _builder_version=\u00a0\u00bb4.27.4&Prime; _module_preset=\u00a0\u00bbdefault\u00a0\u00bb custom_padding=\u00a0\u00bb||10px||false|false\u00a0\u00bb global_colors_info=\u00a0\u00bb{}\u00a0\u00bb][et_pb_column type=\u00a0\u00bb4_4&Prime; _builder_version=\u00a0\u00bb4.27.4&Prime; _module_preset=\u00a0\u00bbdefault\u00a0\u00bb global_colors_info=\u00a0\u00bb{}\u00a0\u00bb][et_pb_text _builder_version=\u00a0\u00bb4.27.4&Prime; _module_preset=\u00a0\u00bbdefault\u00a0\u00bb header_3_font=\u00a0\u00bb|||on|||||\u00a0\u00bb header_3_text_align=\u00a0\u00bbcenter\u00a0\u00bb header_3_font_size=\u00a0\u00bb20px\u00a0\u00bb header_3_letter_spacing=\u00a0\u00bb3px\u00a0\u00bb header_3_line_height=\u00a0\u00bb1.2em\u00a0\u00bb header_3_font_size_tablet=\u00a0\u00bb20px\u00a0\u00bb header_3_font_size_phone=\u00a0\u00bb18px\u00a0\u00bb header_3_font_size_last_edited=\u00a0\u00bbon|desktop\u00a0\u00bb global_colors_info=\u00a0\u00bb{}\u00a0\u00bb]<\/p>\n<h3>Charte de confidentialit\u00e9<\/h3>\n<p>[\/et_pb_text][et_pb_divider _builder_version=\u00a0\u00bb4.27.4&Prime; _module_preset=\u00a0\u00bbdefault\u00a0\u00bb width=\u00a0\u00bb100px\u00a0\u00bb module_alignment=\u00a0\u00bbcenter\u00a0\u00bb custom_padding=\u00a0\u00bb0px||||false|false\u00a0\u00bb global_colors_info=\u00a0\u00bb{}\u00a0\u00bb][\/et_pb_divider][\/et_pb_column][\/et_pb_row][\/et_pb_section][et_pb_section fb_built=\u00a0\u00bb1&Prime; _builder_version=\u00a0\u00bb4.27.4&Prime; _module_preset=\u00a0\u00bbdefault\u00a0\u00bb custom_padding=\u00a0\u00bb0px||40px||false|false\u00a0\u00bb global_colors_info=\u00a0\u00bb{}\u00a0\u00bb][et_pb_row _builder_version=\u00a0\u00bb4.27.4&Prime; _module_preset=\u00a0\u00bbdefault\u00a0\u00bb max_width=\u00a0\u00bb1080px\u00a0\u00bb custom_padding=\u00a0\u00bb0px||||false|false\u00a0\u00bb global_colors_info=\u00a0\u00bb{}\u00a0\u00bb][et_pb_column type=\u00a0\u00bb4_4&Prime; _builder_version=\u00a0\u00bb4.27.4&Prime; _module_preset=\u00a0\u00bbdefault\u00a0\u00bb global_colors_info=\u00a0\u00bb{}\u00a0\u00bb][et_pb_text _builder_version=\u00a0\u00bb4.27.4&Prime; _module_preset=\u00a0\u00bbdefault\u00a0\u00bb text_line_height=\u00a0\u00bb1.5em\u00a0\u00bb header_4_text_color=\u00a0\u00bb#BBA454&Prime; header_4_letter_spacing=\u00a0\u00bb1px\u00a0\u00bb text_font_size_tablet=\u00a0\u00bb20px\u00a0\u00bb text_font_size_phone=\u00a0\u00bb16px\u00a0\u00bb text_font_size_last_edited=\u00a0\u00bbon|desktop\u00a0\u00bb text_line_height_tablet=\u00a0\u00bb1.5em\u00a0\u00bb text_line_height_phone=\u00a0\u00bb1.4em\u00a0\u00bb text_line_height_last_edited=\u00a0\u00bbon|phone\u00a0\u00bb global_colors_info=\u00a0\u00bb{}\u00a0\u00bb]<\/p>\n<p>NowaVino, Lda. \u2013 Tourisme et agriculture s\u2019est fix\u00e9 pour objectif de fournir un service de haute qualit\u00e9 \u00e0 tous les clients et visiteurs du site Web Quinta Do Sobral\u00ae dans tous les aspects de la protection des donn\u00e9es.<br \/>\nToutes les informations personnelles concernant les clients, les membres ou les visiteurs du site Web seront trait\u00e9es conform\u00e9ment au RGPD (Regulamento Geral de Prote\u00e7\u00e3o de Dados). L\u2019utilisation du site Web Quinta Do Sobral\u00ae n\u00e9cessite l\u2019acceptation de cette politique de confidentialit\u00e9. <\/p>\n<p><strong>Comment et \u00e0 quelles fins vos informations personnelles sont-elles utilis\u00e9es?<\/strong><\/p>\n<p>NowaVino, Lda. Utilise les informations recueillies pour faciliter la r\u00e9servation de chambres et de maisons de vacances avec facturation, gestion de la client\u00e8le, \u00e0 des fins historiques et statistiques, d\u2019obligations l\u00e9gales, de contr\u00f4le de la qualit\u00e9 des services et de futurs contacts. Nous utilisons les informations collect\u00e9es pour adapter nos produits et services aux besoins de nos clients et leur envoyer des informations, des promotions et des tarifs par e-mail, SMS ou appel t\u00e9l\u00e9phonique, en fonction de votre s\u00e9jour. Dans ce contexte, nous sugg\u00e9rons qu\u2019une adresse \u00e9lectronique appropri\u00e9e soit fournie pour la r\u00e9ception de tels messages. Ces communications concernent nos produits et services et ne constituent pas une obligation l\u00e9gale ou contractuelle, et il n\u2019y a aucune cons\u00e9quence pour ceux qui ne les fournissent pas.   <\/p>\n<p>Le retrait r\u00e9troactif du consentement n\u2019affecte pas la l\u00e9galit\u00e9 de la ligne de conduite choisie sur la base de ce consentement.<\/p>\n<p><strong>Qui est responsable de l\u2019information?<\/strong><\/p>\n<p>NowaVino est responsable des donn\u00e9es collect\u00e9es trait\u00e9es par l\u2019ordinateur. Pour assurer la s\u00e9curit\u00e9 de vos informations, nous traitons les informations que vous nous fournissez comme strictement confidentielles, ne les partageons pas et ne les divulguons pas \u00e0 des tiers \u00e0 des fins commerciales. <\/p>\n<p>La personne concern\u00e9e peut d\u00e9poser une plainte aupr\u00e8s de l\u2019autorit\u00e9 de contr\u00f4le (Comiss\u00e3o Nacional de Prote\u00e7\u00e3o de Dados).<\/p>\n<p><strong>Qui pouvez-vous contacter pour acc\u00e9der, corriger ou supprimer les donn\u00e9es?<\/strong><\/p>\n<p>Nos clients et visiteurs ont des probl\u00e8mes de confidentialit\u00e9 diff\u00e9rents et peuvent toujours examiner, mettre \u00e0 jour et d\u00e9cider du type de donn\u00e9es qu\u2019ils souhaitent stocker. Le responsable de la protection des donn\u00e9es peut \u00eatre contact\u00e9 directement par e-mail ou par courrier postal \u00e0 l\u2019adresse brigitte@quintadosobral.com ou respectivement \u00e0 NowaVino, Lda, Directeur g\u00e9n\u00e9ral, 3260-342 Figueir\u00f3 dos Vinhos, \u00e0 tout moment avec une copie des donn\u00e9es, r\u00e9vocation du consentement, rectification, suppression, Restriction, transf\u00e9rabilit\u00e9 et opposition \u00e0 leur traitement. <\/p>\n<p><strong>Combien de temps les donn\u00e9es sont-elles stock\u00e9es?<\/strong><\/p>\n<p>Les donn\u00e9es personnelles sont conserv\u00e9es jusqu\u2019\u00e0 la fin de la p\u00e9riode pour laquelle elles sont destin\u00e9es. Dans le cas des donn\u00e9es client, celles-ci seront supprim\u00e9es 2 ans apr\u00e8s la derni\u00e8re interaction concernant les services ou, si le client b\u00e9n\u00e9ficie d\u2019un programme de fid\u00e9lit\u00e9 Quinta Do Sobral\u00ae, \u00e0 une date ult\u00e9rieure et le cas \u00e9ch\u00e9ant, le cas \u00e9ch\u00e9ant. Il peut exister des dispositions l\u00e9gales exigeant que les donn\u00e9es personnelles soient conserv\u00e9es pendant une p\u00e9riode minimale.  <\/p>\n<p><strong>S\u00e9curit\u00e9<\/strong><\/p>\n<p>Pour assurer la s\u00e9curit\u00e9 de vos informations et une confidentialit\u00e9 maximale, nous traitons les informations que vous nous fournissez en toute confidentialit\u00e9 avec nos politiques et proc\u00e9dures de s\u00e9curit\u00e9 et de confidentialit\u00e9 internes. Chaque fois que vous \u00eates invit\u00e9 \u00e0 fournir des informations de carte de cr\u00e9dit, cette communication est \u00e9tablie via une connexion s\u00e9curis\u00e9e Secure Sockets Layer (SSL) lors de l\u2019utilisation de navigateurs compatibles SSL, tels que Microsoft Internet Explorer ou Netscape Navigator. Nous utiliserons \u00e9galement le protocole SSL sur toutes les pages demandant des informations personnelles, ce qui signifie que vos informations seront transmises crypt\u00e9es sur Internet. Vous pouvez constater que vous \u00eates en mode sans \u00e9chec lorsque vous voyez un verrou ou une ic\u00f4ne de cl\u00e9 dans le coin inf\u00e9rieur droit ou gauche du moniteur.   <\/p>\n<p><strong>Droits de propri\u00e9t\u00e9 intellectuelle<\/strong><\/p>\n<p>Tous les contenus du site web Quinta Do Sobral\u00ae (textes, images et vid\u00e9os) sont autoris\u00e9s et prot\u00e9g\u00e9s par le Code of Copyright and Related Rights. Ce site web peut contenir des liens vers des sites web de tiers qui ne sont pas sous le contr\u00f4le de NowaVino, Lda. Notre politique de confidentialit\u00e9 ne s&rsquo;applique pas \u00e0 ces sites et il est donc recommand\u00e9 de lire la politique de confidentialit\u00e9 de ces sites.  <\/p>\n<p><strong>Contact et personnes \u00e0 contacter<\/strong><\/p>\n<p>NowaVino, Lda. | Quinta Do Sobral\u00ae<\/p>\n<p>Ribeira de S\u00e3o Pedro \u2013 Quinta Do Sobral<br \/>P-3260-342 Figueir\u00f3 dos Vinhos<br \/>Tlm.: +351 960 232 988<br \/>Managing Directors: Dr. Bernhard and Dr. Brigitte Nowakowsky<\/p>\n<p>[\/et_pb_text][\/et_pb_column][\/et_pb_row][\/et_pb_section]<\/p>\n","protected":false},"excerpt":{"rendered":"<p>Charte de confidentialit\u00e9NowaVino, Lda. \u2013 Tourisme et agriculture s\u2019est fix\u00e9 pour objectif de fournir un service de haute qualit\u00e9 \u00e0 tous les clients et visiteurs du site Web Quinta Do Sobral\u00ae dans tous les aspects de la protection des donn\u00e9es. Toutes les informations personnelles concernant les clients, les membres ou les visiteurs du site Web [&hellip;]<\/p>\n","protected":false},"author":1,"featured_media":0,"parent":0,"menu_order":0,"comment_status":"closed","ping_status":"closed","template":"","meta":{"_et_pb_use_builder":"on","_et_pb_old_content":"","_et_gb_content_width":"","footnotes":""},"class_list":["post-987","page","type-page","status-publish","hentry"],"yoast_head":"<!-- This site is optimized with the Yoast SEO plugin v27.1.1 - https:\/\/yoast.com\/product\/yoast-seo-wordpress\/ -->\n<title>Charte de confidentialit\u00e9 - Quinta Do Sobral<\/title>\n<meta name=\"robots\" content=\"index, follow, max-snippet:-1, max-image-preview:large, max-video-preview:-1\" \/>\n<link rel=\"canonical\" href=\"https:\/\/quintadosobral.com\/fr\/charte-de-confidentialite\/\" \/>\n<meta property=\"og:locale\" content=\"fr_FR\" \/>\n<meta property=\"og:type\" content=\"article\" \/>\n<meta property=\"og:title\" content=\"Charte de confidentialit\u00e9 - Quinta Do Sobral\" \/>\n<meta property=\"og:description\" content=\"Charte de confidentialit\u00e9NowaVino, Lda. \u2013 Tourisme et agriculture s\u2019est fix\u00e9 pour objectif de fournir un service de haute qualit\u00e9 \u00e0 tous les clients et visiteurs du site Web Quinta Do Sobral\u00ae dans tous les aspects de la protection des donn\u00e9es. Toutes les informations personnelles concernant les clients, les membres ou les visiteurs du site Web [&hellip;]\" \/>\n<meta property=\"og:url\" content=\"https:\/\/quintadosobral.com\/fr\/charte-de-confidentialite\/\" \/>\n<meta property=\"og:site_name\" content=\"Quinta Do Sobral\" \/>\n<meta property=\"article:publisher\" content=\"https:\/\/www.facebook.com\/BernhardundBrigitte\/\" \/>\n<meta property=\"article:modified_time\" content=\"2025-02-02T13:08:34+00:00\" \/>\n<meta name=\"twitter:card\" content=\"summary_large_image\" \/>\n<meta name=\"twitter:label1\" content=\"Dur\u00e9e de lecture estim\u00e9e\" \/>\n\t<meta name=\"twitter:data1\" content=\"5 minutes\" \/>\n<script type=\"application\/ld+json\" class=\"yoast-schema-graph\">{\"@context\":\"https:\/\/schema.org\",\"@graph\":[{\"@type\":\"WebPage\",\"@id\":\"https:\/\/quintadosobral.com\/fr\/charte-de-confidentialite\/\",\"url\":\"https:\/\/quintadosobral.com\/fr\/charte-de-confidentialite\/\",\"name\":\"Charte de confidentialit\u00e9 - Quinta Do Sobral\",\"isPartOf\":{\"@id\":\"https:\/\/quintadosobral.com\/fr\/#website\"},\"datePublished\":\"2025-01-31T11:18:10+00:00\",\"dateModified\":\"2025-02-02T13:08:34+00:00\",\"breadcrumb\":{\"@id\":\"https:\/\/quintadosobral.com\/fr\/charte-de-confidentialite\/#breadcrumb\"},\"inLanguage\":\"fr-FR\",\"potentialAction\":[{\"@type\":\"ReadAction\",\"target\":[\"https:\/\/quintadosobral.com\/fr\/charte-de-confidentialite\/\"]}]},{\"@type\":\"BreadcrumbList\",\"@id\":\"https:\/\/quintadosobral.com\/fr\/charte-de-confidentialite\/#breadcrumb\",\"itemListElement\":[{\"@type\":\"ListItem\",\"position\":1,\"name\":\"Startseite\",\"item\":\"https:\/\/quintadosobral.com\/fr\/\"},{\"@type\":\"ListItem\",\"position\":2,\"name\":\"Charte de confidentialit\u00e9\"}]},{\"@type\":\"WebSite\",\"@id\":\"https:\/\/quintadosobral.com\/fr\/#website\",\"url\":\"https:\/\/quintadosobral.com\/fr\/\",\"name\":\"Quinta Do Sobral\",\"description\":\"Rural Guest Houses | Central Portugal | Acceuil\",\"publisher\":{\"@id\":\"https:\/\/quintadosobral.com\/fr\/#organization\"},\"potentialAction\":[{\"@type\":\"SearchAction\",\"target\":{\"@type\":\"EntryPoint\",\"urlTemplate\":\"https:\/\/quintadosobral.com\/fr\/?s={search_term_string}\"},\"query-input\":{\"@type\":\"PropertyValueSpecification\",\"valueRequired\":true,\"valueName\":\"search_term_string\"}}],\"inLanguage\":\"fr-FR\"},{\"@type\":\"Organization\",\"@id\":\"https:\/\/quintadosobral.com\/fr\/#organization\",\"name\":\"Quinta Do Sobral\",\"url\":\"https:\/\/quintadosobral.com\/fr\/\",\"logo\":{\"@type\":\"ImageObject\",\"inLanguage\":\"fr-FR\",\"@id\":\"https:\/\/quintadosobral.com\/fr\/#\/schema\/logo\/image\/\",\"url\":\"https:\/\/quintadosobral.com\/wp-content\/uploads\/2025\/01\/quinta-do-sobral-pool02-min.jpg\",\"contentUrl\":\"https:\/\/quintadosobral.com\/wp-content\/uploads\/2025\/01\/quinta-do-sobral-pool02-min.jpg\",\"width\":1475,\"height\":983,\"caption\":\"Quinta Do Sobral\"},\"image\":{\"@id\":\"https:\/\/quintadosobral.com\/fr\/#\/schema\/logo\/image\/\"},\"sameAs\":[\"https:\/\/www.facebook.com\/BernhardundBrigitte\/\"]}]}<\/script>\n<!-- \/ Yoast SEO plugin. -->","yoast_head_json":{"title":"Charte de confidentialit\u00e9 - Quinta Do Sobral","robots":{"index":"index","follow":"follow","max-snippet":"max-snippet:-1","max-image-preview":"max-image-preview:large","max-video-preview":"max-video-preview:-1"},"canonical":"https:\/\/quintadosobral.com\/fr\/charte-de-confidentialite\/","og_locale":"fr_FR","og_type":"article","og_title":"Charte de confidentialit\u00e9 - Quinta Do Sobral","og_description":"Charte de confidentialit\u00e9NowaVino, Lda. \u2013 Tourisme et agriculture s\u2019est fix\u00e9 pour objectif de fournir un service de haute qualit\u00e9 \u00e0 tous les clients et visiteurs du site Web Quinta Do Sobral\u00ae dans tous les aspects de la protection des donn\u00e9es. Toutes les informations personnelles concernant les clients, les membres ou les visiteurs du site Web [&hellip;]","og_url":"https:\/\/quintadosobral.com\/fr\/charte-de-confidentialite\/","og_site_name":"Quinta Do Sobral","article_publisher":"https:\/\/www.facebook.com\/BernhardundBrigitte\/","article_modified_time":"2025-02-02T13:08:34+00:00","twitter_card":"summary_large_image","twitter_misc":{"Dur\u00e9e de lecture estim\u00e9e":"5 minutes"},"schema":{"@context":"https:\/\/schema.org","@graph":[{"@type":"WebPage","@id":"https:\/\/quintadosobral.com\/fr\/charte-de-confidentialite\/","url":"https:\/\/quintadosobral.com\/fr\/charte-de-confidentialite\/","name":"Charte de confidentialit\u00e9 - Quinta Do Sobral","isPartOf":{"@id":"https:\/\/quintadosobral.com\/fr\/#website"},"datePublished":"2025-01-31T11:18:10+00:00","dateModified":"2025-02-02T13:08:34+00:00","breadcrumb":{"@id":"https:\/\/quintadosobral.com\/fr\/charte-de-confidentialite\/#breadcrumb"},"inLanguage":"fr-FR","potentialAction":[{"@type":"ReadAction","target":["https:\/\/quintadosobral.com\/fr\/charte-de-confidentialite\/"]}]},{"@type":"BreadcrumbList","@id":"https:\/\/quintadosobral.com\/fr\/charte-de-confidentialite\/#breadcrumb","itemListElement":[{"@type":"ListItem","position":1,"name":"Startseite","item":"https:\/\/quintadosobral.com\/fr\/"},{"@type":"ListItem","position":2,"name":"Charte de confidentialit\u00e9"}]},{"@type":"WebSite","@id":"https:\/\/quintadosobral.com\/fr\/#website","url":"https:\/\/quintadosobral.com\/fr\/","name":"Quinta Do Sobral","description":"Rural Guest Houses | Central Portugal | Acceuil","publisher":{"@id":"https:\/\/quintadosobral.com\/fr\/#organization"},"potentialAction":[{"@type":"SearchAction","target":{"@type":"EntryPoint","urlTemplate":"https:\/\/quintadosobral.com\/fr\/?s={search_term_string}"},"query-input":{"@type":"PropertyValueSpecification","valueRequired":true,"valueName":"search_term_string"}}],"inLanguage":"fr-FR"},{"@type":"Organization","@id":"https:\/\/quintadosobral.com\/fr\/#organization","name":"Quinta Do Sobral","url":"https:\/\/quintadosobral.com\/fr\/","logo":{"@type":"ImageObject","inLanguage":"fr-FR","@id":"https:\/\/quintadosobral.com\/fr\/#\/schema\/logo\/image\/","url":"https:\/\/quintadosobral.com\/wp-content\/uploads\/2025\/01\/quinta-do-sobral-pool02-min.jpg","contentUrl":"https:\/\/quintadosobral.com\/wp-content\/uploads\/2025\/01\/quinta-do-sobral-pool02-min.jpg","width":1475,"height":983,"caption":"Quinta Do Sobral"},"image":{"@id":"https:\/\/quintadosobral.com\/fr\/#\/schema\/logo\/image\/"},"sameAs":["https:\/\/www.facebook.com\/BernhardundBrigitte\/"]}]}},"_links":{"self":[{"href":"https:\/\/quintadosobral.com\/fr\/wp-json\/wp\/v2\/pages\/987","targetHints":{"allow":["GET"]}}],"collection":[{"href":"https:\/\/quintadosobral.com\/fr\/wp-json\/wp\/v2\/pages"}],"about":[{"href":"https:\/\/quintadosobral.com\/fr\/wp-json\/wp\/v2\/types\/page"}],"author":[{"embeddable":true,"href":"https:\/\/quintadosobral.com\/fr\/wp-json\/wp\/v2\/users\/1"}],"replies":[{"embeddable":true,"href":"https:\/\/quintadosobral.com\/fr\/wp-json\/wp\/v2\/comments?post=987"}],"version-history":[{"count":3,"href":"https:\/\/quintadosobral.com\/fr\/wp-json\/wp\/v2\/pages\/987\/revisions"}],"predecessor-version":[{"id":1240,"href":"https:\/\/quintadosobral.com\/fr\/wp-json\/wp\/v2\/pages\/987\/revisions\/1240"}],"wp:attachment":[{"href":"https:\/\/quintadosobral.com\/fr\/wp-json\/wp\/v2\/media?parent=987"}],"curies":[{"name":"wp","href":"https:\/\/api.w.org\/{rel}","templated":true}]}}