{"id":905,"date":"2025-01-30T15:31:29","date_gmt":"2025-01-30T15:31:29","guid":{"rendered":"https:\/\/preview.quintadosobral.com\/demande-de-reservation\/"},"modified":"2025-02-03T09:43:09","modified_gmt":"2025-02-03T09:43:09","slug":"demande-de-reservation","status":"publish","type":"page","link":"https:\/\/quintadosobral.com\/fr\/demande-de-reservation\/","title":{"rendered":"DEMANDE DE R\u00c9SERVATION"},"content":{"rendered":"<p>[et_pb_section fb_built=\u00a0\u00bb1&Prime; module_id=\u00a0\u00bbthe-country-estate\u00a0\u00bb _builder_version=\u00a0\u00bb4.27.4&Prime; _module_preset=\u00a0\u00bbdefault\u00a0\u00bb custom_padding=\u00a0\u00bb||0px||false|false\u00a0\u00bb locked=\u00a0\u00bboff\u00a0\u00bb global_colors_info=\u00a0\u00bb{}\u00a0\u00bb][et_pb_row _builder_version=\u00a0\u00bb4.27.4&Prime; _module_preset=\u00a0\u00bbdefault\u00a0\u00bb custom_padding=\u00a0\u00bb||10px||false|false\u00a0\u00bb global_colors_info=\u00a0\u00bb{}\u00a0\u00bb][et_pb_column type=\u00a0\u00bb4_4&Prime; _builder_version=\u00a0\u00bb4.27.4&Prime; _module_preset=\u00a0\u00bbdefault\u00a0\u00bb global_colors_info=\u00a0\u00bb{}\u00a0\u00bb][et_pb_text _builder_version=\u00a0\u00bb4.27.4&Prime; _module_preset=\u00a0\u00bbdefault\u00a0\u00bb header_3_font=\u00a0\u00bb|||on|||||\u00a0\u00bb header_3_text_align=\u00a0\u00bbcenter\u00a0\u00bb header_3_font_size=\u00a0\u00bb20px\u00a0\u00bb header_3_letter_spacing=\u00a0\u00bb3px\u00a0\u00bb header_3_line_height=\u00a0\u00bb1.2em\u00a0\u00bb header_3_font_size_tablet=\u00a0\u00bb20px\u00a0\u00bb header_3_font_size_phone=\u00a0\u00bb18px\u00a0\u00bb header_3_font_size_last_edited=\u00a0\u00bbon|desktop\u00a0\u00bb global_colors_info=\u00a0\u00bb{}\u00a0\u00bb]<\/p>\n<h3>DEMANDE DE R\u00c9SERVATION<\/h3>\n<p>[\/et_pb_text][et_pb_divider _builder_version=\u00a0\u00bb4.27.4&Prime; _module_preset=\u00a0\u00bbdefault\u00a0\u00bb width=\u00a0\u00bb100px\u00a0\u00bb module_alignment=\u00a0\u00bbcenter\u00a0\u00bb custom_padding=\u00a0\u00bb0px||||false|false\u00a0\u00bb global_colors_info=\u00a0\u00bb{}\u00a0\u00bb][\/et_pb_divider][\/et_pb_column][\/et_pb_row][\/et_pb_section][et_pb_section fb_built=\u00a0\u00bb1&Prime; _builder_version=\u00a0\u00bb4.27.4&Prime; _module_preset=\u00a0\u00bbdefault\u00a0\u00bb custom_padding=\u00a0\u00bb0px||40px||false|false\u00a0\u00bb global_colors_info=\u00a0\u00bb{}\u00a0\u00bb][et_pb_row _builder_version=\u00a0\u00bb4.27.4&Prime; _module_preset=\u00a0\u00bbdefault\u00a0\u00bb custom_padding=\u00a0\u00bb0px||||false|false\u00a0\u00bb hover_enabled=\u00a0\u00bb0&Prime; global_colors_info=\u00a0\u00bb{}\u00a0\u00bb width=\u00a0\u00bb800px\u00a0\u00bb width_last_edited=\u00a0\u00bbon|phone\u00a0\u00bb sticky_enabled=\u00a0\u00bb0&Prime; width_phone=\u00a0\u00bb90%\u00a0\u00bb width_tablet=\u00a0\u00bb800px\u00a0\u00bb][et_pb_column type=\u00a0\u00bb4_4&Prime; _builder_version=\u00a0\u00bb4.27.4&Prime; _module_preset=\u00a0\u00bbdefault\u00a0\u00bb global_colors_info=\u00a0\u00bb{}\u00a0\u00bb][et_pb_text _builder_version=\u00a0\u00bb4.27.4&Prime; _module_preset=\u00a0\u00bbdefault\u00a0\u00bb text_font_size=\u00a0\u00bb22px\u00a0\u00bb header_font=\u00a0\u00bbMontserrat Regular||||||||\u00a0\u00bb header_text_color=\u00a0\u00bb#BBA454&Prime; header_letter_spacing=\u00a0\u00bb1px\u00a0\u00bb header_4_font=\u00a0\u00bbMontserrat Regular||||||||\u00a0\u00bb header_4_text_color=\u00a0\u00bb#BBA454&Prime; header_4_font_size=\u00a0\u00bb30px\u00a0\u00bb header_4_letter_spacing=\u00a0\u00bb1px\u00a0\u00bb text_orientation=\u00a0\u00bbcenter\u00a0\u00bb custom_margin=\u00a0\u00bb||20px||false|false\u00a0\u00bb custom_padding=\u00a0\u00bb||0px||false|false\u00a0\u00bb text_font_size_phone=\u00a0\u00bb18px\u00a0\u00bb text_font_size_last_edited=\u00a0\u00bboff|phone\u00a0\u00bb text_line_height_tablet=\u00a0\u00bb\u00a0\u00bb text_line_height_phone=\u00a0\u00bb1.5em\u00a0\u00bb text_line_height_last_edited=\u00a0\u00bbon|phone\u00a0\u00bb header_font_size_tablet=\u00a0\u00bb30px\u00a0\u00bb header_font_size_phone=\u00a0\u00bb28px\u00a0\u00bb header_font_size_last_edited=\u00a0\u00bbon|phone\u00a0\u00bb header_4_font_size_tablet=\u00a0\u00bb30px\u00a0\u00bb header_4_font_size_phone=\u00a0\u00bb28px\u00a0\u00bb header_4_font_size_last_edited=\u00a0\u00bbon|phone\u00a0\u00bb global_colors_info=\u00a0\u00bb{}\u00a0\u00bb]<\/p>\n<h1>Nous vous attendons!<\/h1>\n<p>[\/et_pb_text][et_pb_text _builder_version=\u00a0\u00bb4.27.4&Prime; _module_preset=\u00a0\u00bbdefault\u00a0\u00bb text_font_size=\u00a0\u00bb20px\u00a0\u00bb text_line_height=\u00a0\u00bb1.5em\u00a0\u00bb header_4_text_color=\u00a0\u00bb#BBA454&Prime; header_4_letter_spacing=\u00a0\u00bb1px\u00a0\u00bb text_orientation=\u00a0\u00bbcenter\u00a0\u00bb text_font_size_tablet=\u00a0\u00bb20px\u00a0\u00bb text_font_size_phone=\u00a0\u00bb16px\u00a0\u00bb text_font_size_last_edited=\u00a0\u00bbon|phone\u00a0\u00bb text_line_height_tablet=\u00a0\u00bb1.5em\u00a0\u00bb text_line_height_phone=\u00a0\u00bb1.4em\u00a0\u00bb text_line_height_last_edited=\u00a0\u00bbon|phone\u00a0\u00bb global_colors_info=\u00a0\u00bb{}\u00a0\u00bb]<\/p>\n<p>Pour plus d&rsquo;informations, s&rsquo;il vous pla\u00eet n&rsquo;h\u00e9sitez pas \u00e0 nous contacter, veuillez appeler-nous ou utiliser le formulaire de contact.<\/p>\n<p>[\/et_pb_text][wpforms_selector form_id=\u00a0\u00bb288&Prime; show_desc=\u00a0\u00bboff\u00a0\u00bb _builder_version=\u00a0\u00bb4.27.4&Prime; _module_preset=\u00a0\u00bbdefault\u00a0\u00bb hover_enabled=\u00a0\u00bb0&Prime; global_colors_info=\u00a0\u00bb{}\u00a0\u00bb sticky_enabled=\u00a0\u00bb0&Prime;][\/wpforms_selector][et_pb_text _builder_version=\u00a0\u00bb4.27.4&Prime; _module_preset=\u00a0\u00bbdefault\u00a0\u00bb text_font_size=\u00a0\u00bb16px\u00a0\u00bb text_line_height=\u00a0\u00bb1.5em\u00a0\u00bb header_2_font=\u00a0\u00bbOpen Sans SemiBold lokal||||||||\u00a0\u00bb header_2_text_align=\u00a0\u00bbcenter\u00a0\u00bb header_2_font_size=\u00a0\u00bb24px\u00a0\u00bb header_2_letter_spacing=\u00a0\u00bb1px\u00a0\u00bb text_orientation=\u00a0\u00bbcenter\u00a0\u00bb text_font_size_tablet=\u00a0\u00bb16px\u00a0\u00bb text_font_size_phone=\u00a0\u00bb16px\u00a0\u00bb text_font_size_last_edited=\u00a0\u00bbon|phone\u00a0\u00bb text_line_height_tablet=\u00a0\u00bb1.5em\u00a0\u00bb text_line_height_phone=\u00a0\u00bb1.4em\u00a0\u00bb text_line_height_last_edited=\u00a0\u00bbon|phone\u00a0\u00bb header_font_size_tablet=\u00a0\u00bb\u00a0\u00bb header_font_size_phone=\u00a0\u00bb\u00a0\u00bb header_font_size_last_edited=\u00a0\u00bbon|phone\u00a0\u00bb header_2_font_size_tablet=\u00a0\u00bb24px\u00a0\u00bb header_2_font_size_phone=\u00a0\u00bb20px\u00a0\u00bb header_2_font_size_last_edited=\u00a0\u00bbon|phone\u00a0\u00bb global_colors_info=\u00a0\u00bb{}\u00a0\u00bb]<\/p>\n<p>Quinta Do Sobral | Ribeira de S\u00e3o Pedro &#8211; Quinta Do Sobral P-3260-342 Figueir\u00f3 dos Vinhos<br \/>Tlm.: +351 960 232 988 (appel vers le r\u00e9seau mobile national portuguais) E-Mail: brigitte.quintadosobral@gmail.com<\/p>\n<p>[\/et_pb_text][\/et_pb_column][\/et_pb_row][\/et_pb_section]<\/p>\n","protected":false},"excerpt":{"rendered":"<p>DEMANDE DE R\u00c9SERVATIONNous vous attendons!Pour plus d&rsquo;informations, s&rsquo;il vous pla\u00eet n&rsquo;h\u00e9sitez pas \u00e0 nous contacter, veuillez appeler-nous ou utiliser le formulaire de contact.<div class=\"et_pb_module wpforms_selector wpforms_selector_0\">\n\t\t\t\t\n\t\t\t\t\n\t\t\t\t\n\t\t\t\t\n\t\t\t\t\n\t\t\t\t\n\t\t\t\t<div class=\"et_pb_module_inner\">\n\t\t\t\t\t<style id=\"wpforms-css-vars-288\">\n\t\t\t\t#wpforms-288 {\n\t\t\t\t--wpforms-container-padding: 0px;\n--wpforms-container-border-width: 1px;\n--wpforms-container-border-radius: 3px;\n--wpforms-background-color: rgba(0, 0, 0, 0);\n--wpforms-field-size-input-height: 43px;\n--wpforms-field-size-input-spacing: 15px;\n--wpforms-field-size-font-size: 16px;\n--wpforms-field-size-line-height: 19px;\n--wpforms-field-size-padding-h: 14px;\n--wpforms-field-size-checkbox-size: 16px;\n--wpforms-field-size-sublabel-spacing: 5px;\n--wpforms-field-size-icon-size: 1;\n--wpforms-label-size-font-size: 16px;\n--wpforms-label-size-line-height: 19px;\n--wpforms-label-size-sublabel-font-size: 14px;\n--wpforms-label-size-sublabel-line-height: 17px;\n--wpforms-button-size-font-size: 17px;\n--wpforms-button-size-height: 41px;\n--wpforms-button-size-padding-h: 15px;\n--wpforms-button-size-margin-top: 10px;\n--wpforms-container-shadow-size-box-shadow: none;\n\t\t\t}\n\t\t\t<\/style><div class=\"wpforms-container wpforms-container-full wpforms-render-modern\" id=\"wpforms-288\"><form id=\"wpforms-form-288\" class=\"wpforms-validate wpforms-form wpforms-ajax-form\" data-formid=\"288\" method=\"post\" enctype=\"multipart\/form-data\" action=\"\/fr\/wp-json\/wp\/v2\/pages\/905\" data-token=\"e895ff737fa34ae141160ac945657458\" data-token-time=\"1775397703\"><noscript class=\"wpforms-error-noscript\">Veuillez activer JavaScript dans votre navigateur pour remplir ce formulaire.<\/noscript><div id=\"wpforms-error-noscript\" style=\"display: none;\">Veuillez activer JavaScript dans votre navigateur pour remplir ce formulaire.<\/div><div class=\"wpforms-field-container\"><div id=\"wpforms-288-field_1-container\" class=\"wpforms-field wpforms-field-name\" data-field-id=\"1\"><fieldset><legend class=\"wpforms-field-label\">Nom   <span class=\"wpforms-required-label\" aria-hidden=\"true\">*<\/span><\/legend><div class=\"wpforms-field-row wpforms-field-large\"><div class=\"wpforms-field-row-block wpforms-first wpforms-one-half\"><input type=\"text\" id=\"wpforms-288-field_1\" class=\"wpforms-field-name-first wpforms-field-required\" name=\"wpforms[fields][1][first]\" aria-errormessage=\"wpforms-288-field_1-error\" required><label for=\"wpforms-288-field_1\" class=\"wpforms-field-sublabel after\">Pr\u00e9nom<\/label><\/div><div class=\"wpforms-field-row-block wpforms-one-half\"><input type=\"text\" id=\"wpforms-288-field_1-last\" class=\"wpforms-field-name-last wpforms-field-required\" name=\"wpforms[fields][1][last]\" aria-errormessage=\"wpforms-288-field_1-last-error\" required><label for=\"wpforms-288-field_1-last\" class=\"wpforms-field-sublabel after\">Nom de famille<\/label><\/div><\/div><\/fieldset><\/div><div id=\"wpforms-288-field_2-container\" class=\"wpforms-field wpforms-field-email\" data-field-id=\"2\"><label class=\"wpforms-field-label\" for=\"wpforms-288-field_2\">Adresse \u00e9lectronique <span class=\"wpforms-required-label\" aria-hidden=\"true\">*<\/span><\/label><input type=\"email\" id=\"wpforms-288-field_2\" class=\"wpforms-field-large wpforms-field-required\" name=\"wpforms[fields][2]\" spellcheck=\"false\" aria-errormessage=\"wpforms-288-field_2-error\" required><\/div>\t\t<div id=\"wpforms-288-field_4-container\"\n\t\t\tclass=\"wpforms-field wpforms-field-text\"\n\t\t\tdata-field-type=\"text\"\n\t\t\tdata-field-id=\"4\"\n\t\t\t>\n\t\t\t<label class=\"wpforms-field-label\" for=\"wpforms-288-field_4\" >Nom ? <\/label>\n\t\t\t<input type=\"text\" id=\"wpforms-288-field_4\" class=\"wpforms-field-medium\" name=\"wpforms[fields][4]\" >\n\t\t<\/div>\n\t\t<div id=\"wpforms-288-field_5-container\" class=\"wpforms-field wpforms-field-text\" data-field-id=\"5\"><label class=\"wpforms-field-label\" for=\"wpforms-288-field_5\">Num\u00e9ro de t\u00e9l\u00e9phone<\/label><input type=\"text\" id=\"wpforms-288-field_5\" class=\"wpforms-field-large\" name=\"wpforms[fields][5]\" aria-errormessage=\"wpforms-288-field_5-error\" ><\/div><div id=\"wpforms-288-field_3-container\" class=\"wpforms-field wpforms-field-textarea\" data-field-id=\"3\"><label class=\"wpforms-field-label\" for=\"wpforms-288-field_3\">Quand souhaitez-vous nous rejoindre ? <span class=\"wpforms-required-label\" aria-hidden=\"true\">*<\/span><\/label><textarea id=\"wpforms-288-field_3\" class=\"wpforms-field-small wpforms-field-required\" name=\"wpforms[fields][3]\" placeholder=\"Veuillez indiquer les dates d&#039;arriv\u00e9e et de d\u00e9part\" aria-errormessage=\"wpforms-288-field_3-error\" required><\/textarea><\/div><script>\n\t\t\t\t( function() {\n\t\t\t\t\tconst style = document.createElement( 'style' );\n\t\t\t\t\tstyle.appendChild( document.createTextNode( '#wpforms-288-field_4-container { position: absolute !important; overflow: hidden !important; display: inline !important; height: 1px !important; width: 1px !important; z-index: -1000 !important; padding: 0 !important; } #wpforms-288-field_4-container input { visibility: hidden; } #wpforms-conversational-form-page #wpforms-288-field_4-container label { counter-increment: none; }' ) );\n\t\t\t\t\tdocument.head.appendChild( style );\n\t\t\t\t\tdocument.currentScript?.remove();\n\t\t\t\t} )();\n\t\t\t<\/script><\/div><!-- .wpforms-field-container --><div class=\"wpforms-submit-container\" ><input type=\"hidden\" name=\"wpforms[id]\" value=\"288\"><input type=\"hidden\" name=\"page_title\" value=\"\"><input type=\"hidden\" name=\"page_url\" value=\"https:\/\/quintadosobral.com\/fr\/wp-json\/wp\/v2\/pages\/905\"><input type=\"hidden\" name=\"url_referer\" value=\"\"><button type=\"submit\" name=\"wpforms[submit]\" id=\"wpforms-submit-288\" class=\"wpforms-submit\" data-alt-text=\"En cours d&#039;envoi ...\" data-submit-text=\"Envoyer\" aria-live=\"assertive\" value=\"wpforms-submit\">Envoyer<\/button><img loading=\"lazy\" decoding=\"async\" src=\"https:\/\/quintadosobral.com\/wp-content\/plugins\/wpforms-lite\/assets\/images\/submit-spin.svg\" class=\"wpforms-submit-spinner\" style=\"display: none;\" width=\"26\" height=\"26\" alt=\"Chargement en cours\"><\/div><\/form><\/div>  <!-- .wpforms-container -->\n\t\t\t\t<\/div>\n\t\t\t<\/div>Quinta Do Sobral | Ribeira de S\u00e3o Pedro &#8211; Quinta Do Sobral P-3260-342 Figueir\u00f3 dos VinhosTlm.: +351 960 232 988 (appel vers le r\u00e9seau mobile national [&hellip;]<\/p>\n","protected":false},"author":1,"featured_media":0,"parent":0,"menu_order":0,"comment_status":"closed","ping_status":"closed","template":"","meta":{"_et_pb_use_builder":"on","_et_pb_old_content":"","_et_gb_content_width":"","footnotes":""},"class_list":["post-905","page","type-page","status-publish","hentry"],"yoast_head":"<!-- This site is optimized with the Yoast SEO plugin v27.1.1 - https:\/\/yoast.com\/product\/yoast-seo-wordpress\/ -->\n<title>DEMANDE DE R\u00c9SERVATION - Quinta Do Sobral<\/title>\n<meta name=\"robots\" content=\"index, follow, max-snippet:-1, max-image-preview:large, max-video-preview:-1\" \/>\n<link rel=\"canonical\" href=\"https:\/\/quintadosobral.com\/fr\/demande-de-reservation\/\" \/>\n<meta property=\"og:locale\" content=\"fr_FR\" \/>\n<meta property=\"og:type\" content=\"article\" \/>\n<meta property=\"og:title\" content=\"DEMANDE DE R\u00c9SERVATION - Quinta Do Sobral\" \/>\n<meta property=\"og:description\" content=\"DEMANDE DE R\u00c9SERVATIONNous vous attendons!Pour plus d&#039;informations, s&#039;il vous pla\u00eet n&#039;h\u00e9sitez pas \u00e0 nous contacter, veuillez appeler-nous ou utiliser le formulaire de contact.Quinta Do Sobral | Ribeira de S\u00e3o Pedro - Quinta Do Sobral P-3260-342 Figueir\u00f3 dos VinhosTlm.: +351 960 232 988 (appel vers le r\u00e9seau mobile national [&hellip;]\" \/>\n<meta property=\"og:url\" content=\"https:\/\/quintadosobral.com\/fr\/demande-de-reservation\/\" \/>\n<meta property=\"og:site_name\" content=\"Quinta Do Sobral\" \/>\n<meta property=\"article:publisher\" content=\"https:\/\/www.facebook.com\/BernhardundBrigitte\/\" \/>\n<meta property=\"article:modified_time\" content=\"2025-02-03T09:43:09+00:00\" \/>\n<meta name=\"twitter:card\" content=\"summary_large_image\" \/>\n<meta name=\"twitter:label1\" content=\"Dur\u00e9e de lecture estim\u00e9e\" \/>\n\t<meta name=\"twitter:data1\" content=\"3 minutes\" \/>\n<script type=\"application\/ld+json\" class=\"yoast-schema-graph\">{\"@context\":\"https:\/\/schema.org\",\"@graph\":[{\"@type\":\"WebPage\",\"@id\":\"https:\/\/quintadosobral.com\/fr\/demande-de-reservation\/\",\"url\":\"https:\/\/quintadosobral.com\/fr\/demande-de-reservation\/\",\"name\":\"DEMANDE DE R\u00c9SERVATION - Quinta Do Sobral\",\"isPartOf\":{\"@id\":\"https:\/\/quintadosobral.com\/fr\/#website\"},\"datePublished\":\"2025-01-30T15:31:29+00:00\",\"dateModified\":\"2025-02-03T09:43:09+00:00\",\"breadcrumb\":{\"@id\":\"https:\/\/quintadosobral.com\/fr\/demande-de-reservation\/#breadcrumb\"},\"inLanguage\":\"fr-FR\",\"potentialAction\":[{\"@type\":\"ReadAction\",\"target\":[\"https:\/\/quintadosobral.com\/fr\/demande-de-reservation\/\"]}]},{\"@type\":\"BreadcrumbList\",\"@id\":\"https:\/\/quintadosobral.com\/fr\/demande-de-reservation\/#breadcrumb\",\"itemListElement\":[{\"@type\":\"ListItem\",\"position\":1,\"name\":\"Startseite\",\"item\":\"https:\/\/quintadosobral.com\/fr\/\"},{\"@type\":\"ListItem\",\"position\":2,\"name\":\"DEMANDE DE R\u00c9SERVATION\"}]},{\"@type\":\"WebSite\",\"@id\":\"https:\/\/quintadosobral.com\/fr\/#website\",\"url\":\"https:\/\/quintadosobral.com\/fr\/\",\"name\":\"Quinta Do Sobral\",\"description\":\"Rural Guest Houses | Central Portugal | Acceuil\",\"publisher\":{\"@id\":\"https:\/\/quintadosobral.com\/fr\/#organization\"},\"potentialAction\":[{\"@type\":\"SearchAction\",\"target\":{\"@type\":\"EntryPoint\",\"urlTemplate\":\"https:\/\/quintadosobral.com\/fr\/?s={search_term_string}\"},\"query-input\":{\"@type\":\"PropertyValueSpecification\",\"valueRequired\":true,\"valueName\":\"search_term_string\"}}],\"inLanguage\":\"fr-FR\"},{\"@type\":\"Organization\",\"@id\":\"https:\/\/quintadosobral.com\/fr\/#organization\",\"name\":\"Quinta Do Sobral\",\"url\":\"https:\/\/quintadosobral.com\/fr\/\",\"logo\":{\"@type\":\"ImageObject\",\"inLanguage\":\"fr-FR\",\"@id\":\"https:\/\/quintadosobral.com\/fr\/#\/schema\/logo\/image\/\",\"url\":\"https:\/\/quintadosobral.com\/wp-content\/uploads\/2025\/01\/quinta-do-sobral-pool02-min.jpg\",\"contentUrl\":\"https:\/\/quintadosobral.com\/wp-content\/uploads\/2025\/01\/quinta-do-sobral-pool02-min.jpg\",\"width\":1475,\"height\":983,\"caption\":\"Quinta Do Sobral\"},\"image\":{\"@id\":\"https:\/\/quintadosobral.com\/fr\/#\/schema\/logo\/image\/\"},\"sameAs\":[\"https:\/\/www.facebook.com\/BernhardundBrigitte\/\"]}]}<\/script>\n<!-- \/ Yoast SEO plugin. -->","yoast_head_json":{"title":"DEMANDE DE R\u00c9SERVATION - Quinta Do Sobral","robots":{"index":"index","follow":"follow","max-snippet":"max-snippet:-1","max-image-preview":"max-image-preview:large","max-video-preview":"max-video-preview:-1"},"canonical":"https:\/\/quintadosobral.com\/fr\/demande-de-reservation\/","og_locale":"fr_FR","og_type":"article","og_title":"DEMANDE DE R\u00c9SERVATION - Quinta Do Sobral","og_description":"DEMANDE DE R\u00c9SERVATIONNous vous attendons!Pour plus d'informations, s'il vous pla\u00eet n'h\u00e9sitez pas \u00e0 nous contacter, veuillez appeler-nous ou utiliser le formulaire de contact.Quinta Do Sobral | Ribeira de S\u00e3o Pedro - Quinta Do Sobral P-3260-342 Figueir\u00f3 dos VinhosTlm.: +351 960 232 988 (appel vers le r\u00e9seau mobile national [&hellip;]","og_url":"https:\/\/quintadosobral.com\/fr\/demande-de-reservation\/","og_site_name":"Quinta Do Sobral","article_publisher":"https:\/\/www.facebook.com\/BernhardundBrigitte\/","article_modified_time":"2025-02-03T09:43:09+00:00","twitter_card":"summary_large_image","twitter_misc":{"Dur\u00e9e de lecture estim\u00e9e":"3 minutes"},"schema":{"@context":"https:\/\/schema.org","@graph":[{"@type":"WebPage","@id":"https:\/\/quintadosobral.com\/fr\/demande-de-reservation\/","url":"https:\/\/quintadosobral.com\/fr\/demande-de-reservation\/","name":"DEMANDE DE R\u00c9SERVATION - Quinta Do Sobral","isPartOf":{"@id":"https:\/\/quintadosobral.com\/fr\/#website"},"datePublished":"2025-01-30T15:31:29+00:00","dateModified":"2025-02-03T09:43:09+00:00","breadcrumb":{"@id":"https:\/\/quintadosobral.com\/fr\/demande-de-reservation\/#breadcrumb"},"inLanguage":"fr-FR","potentialAction":[{"@type":"ReadAction","target":["https:\/\/quintadosobral.com\/fr\/demande-de-reservation\/"]}]},{"@type":"BreadcrumbList","@id":"https:\/\/quintadosobral.com\/fr\/demande-de-reservation\/#breadcrumb","itemListElement":[{"@type":"ListItem","position":1,"name":"Startseite","item":"https:\/\/quintadosobral.com\/fr\/"},{"@type":"ListItem","position":2,"name":"DEMANDE DE R\u00c9SERVATION"}]},{"@type":"WebSite","@id":"https:\/\/quintadosobral.com\/fr\/#website","url":"https:\/\/quintadosobral.com\/fr\/","name":"Quinta Do Sobral","description":"Rural Guest Houses | Central Portugal | Acceuil","publisher":{"@id":"https:\/\/quintadosobral.com\/fr\/#organization"},"potentialAction":[{"@type":"SearchAction","target":{"@type":"EntryPoint","urlTemplate":"https:\/\/quintadosobral.com\/fr\/?s={search_term_string}"},"query-input":{"@type":"PropertyValueSpecification","valueRequired":true,"valueName":"search_term_string"}}],"inLanguage":"fr-FR"},{"@type":"Organization","@id":"https:\/\/quintadosobral.com\/fr\/#organization","name":"Quinta Do Sobral","url":"https:\/\/quintadosobral.com\/fr\/","logo":{"@type":"ImageObject","inLanguage":"fr-FR","@id":"https:\/\/quintadosobral.com\/fr\/#\/schema\/logo\/image\/","url":"https:\/\/quintadosobral.com\/wp-content\/uploads\/2025\/01\/quinta-do-sobral-pool02-min.jpg","contentUrl":"https:\/\/quintadosobral.com\/wp-content\/uploads\/2025\/01\/quinta-do-sobral-pool02-min.jpg","width":1475,"height":983,"caption":"Quinta Do Sobral"},"image":{"@id":"https:\/\/quintadosobral.com\/fr\/#\/schema\/logo\/image\/"},"sameAs":["https:\/\/www.facebook.com\/BernhardundBrigitte\/"]}]}},"_links":{"self":[{"href":"https:\/\/quintadosobral.com\/fr\/wp-json\/wp\/v2\/pages\/905","targetHints":{"allow":["GET"]}}],"collection":[{"href":"https:\/\/quintadosobral.com\/fr\/wp-json\/wp\/v2\/pages"}],"about":[{"href":"https:\/\/quintadosobral.com\/fr\/wp-json\/wp\/v2\/types\/page"}],"author":[{"embeddable":true,"href":"https:\/\/quintadosobral.com\/fr\/wp-json\/wp\/v2\/users\/1"}],"replies":[{"embeddable":true,"href":"https:\/\/quintadosobral.com\/fr\/wp-json\/wp\/v2\/comments?post=905"}],"version-history":[{"count":3,"href":"https:\/\/quintadosobral.com\/fr\/wp-json\/wp\/v2\/pages\/905\/revisions"}],"predecessor-version":[{"id":1398,"href":"https:\/\/quintadosobral.com\/fr\/wp-json\/wp\/v2\/pages\/905\/revisions\/1398"}],"wp:attachment":[{"href":"https:\/\/quintadosobral.com\/fr\/wp-json\/wp\/v2\/media?parent=905"}],"curies":[{"name":"wp","href":"https:\/\/api.w.org\/{rel}","templated":true}]}}