{"id":984,"date":"2025-01-31T11:18:10","date_gmt":"2025-01-31T11:18:10","guid":{"rendered":"https:\/\/preview.quintadosobral.com\/declaracion-de-privacidad\/"},"modified":"2025-02-02T13:09:00","modified_gmt":"2025-02-02T13:09:00","slug":"declaracion-de-privacidad","status":"publish","type":"page","link":"https:\/\/quintadosobral.com\/es\/declaracion-de-privacidad\/","title":{"rendered":"Declaraci\u00f3n de privacidad"},"content":{"rendered":"<p>[et_pb_section fb_built=\u00bb1&#8243; module_id=\u00bbthe-country-estate\u00bb _builder_version=\u00bb4.27.4&#8243; _module_preset=\u00bbdefault\u00bb custom_padding=\u00bb||0px||false|false\u00bb locked=\u00bboff\u00bb global_colors_info=\u00bb{}\u00bb][et_pb_row _builder_version=\u00bb4.27.4&#8243; _module_preset=\u00bbdefault\u00bb custom_padding=\u00bb||10px||false|false\u00bb global_colors_info=\u00bb{}\u00bb][et_pb_column type=\u00bb4_4&#8243; _builder_version=\u00bb4.27.4&#8243; _module_preset=\u00bbdefault\u00bb global_colors_info=\u00bb{}\u00bb][et_pb_text _builder_version=\u00bb4.27.4&#8243; _module_preset=\u00bbdefault\u00bb header_3_font=\u00bb|||on|||||\u00bb header_3_text_align=\u00bbcenter\u00bb header_3_font_size=\u00bb20px\u00bb header_3_letter_spacing=\u00bb3px\u00bb header_3_line_height=\u00bb1.2em\u00bb header_3_font_size_tablet=\u00bb20px\u00bb header_3_font_size_phone=\u00bb18px\u00bb header_3_font_size_last_edited=\u00bbon|desktop\u00bb global_colors_info=\u00bb{}\u00bb]<\/p>\n<h3>Declaraci\u00f3n de privacidad<\/h3>\n<p>[\/et_pb_text][et_pb_divider _builder_version=\u00bb4.27.4&#8243; _module_preset=\u00bbdefault\u00bb width=\u00bb100px\u00bb module_alignment=\u00bbcenter\u00bb custom_padding=\u00bb0px||||false|false\u00bb global_colors_info=\u00bb{}\u00bb][\/et_pb_divider][\/et_pb_column][\/et_pb_row][\/et_pb_section][et_pb_section fb_built=\u00bb1&#8243; _builder_version=\u00bb4.27.4&#8243; _module_preset=\u00bbdefault\u00bb custom_padding=\u00bb0px||40px||false|false\u00bb global_colors_info=\u00bb{}\u00bb][et_pb_row _builder_version=\u00bb4.27.4&#8243; _module_preset=\u00bbdefault\u00bb max_width=\u00bb1080px\u00bb custom_padding=\u00bb0px||||false|false\u00bb global_colors_info=\u00bb{}\u00bb][et_pb_column type=\u00bb4_4&#8243; _builder_version=\u00bb4.27.4&#8243; _module_preset=\u00bbdefault\u00bb global_colors_info=\u00bb{}\u00bb][et_pb_text _builder_version=\u00bb4.27.4&#8243; _module_preset=\u00bbdefault\u00bb text_line_height=\u00bb1.5em\u00bb header_4_text_color=\u00bb#BBA454&#8243; header_4_letter_spacing=\u00bb1px\u00bb text_font_size_tablet=\u00bb20px\u00bb text_font_size_phone=\u00bb16px\u00bb text_font_size_last_edited=\u00bbon|desktop\u00bb text_line_height_tablet=\u00bb1.5em\u00bb text_line_height_phone=\u00bb1.4em\u00bb text_line_height_last_edited=\u00bbon|phone\u00bb global_colors_info=\u00bb{}\u00bb]<\/p>\n<p>NowaVino, Lda. \u2013 Turismo y Agricultura se ha propuesto brindar un servicio de alta calidad a todos los clientes y visitantes del sitio web Quinta Do Sobral\u00ae en todos los aspectos de la protecci\u00f3n de datos. Toda la informaci\u00f3n personal relacionada con los clientes, miembros o visitantes del sitio web se tratar\u00e1 de conformidad con el RGPD (Regulamento Geral de Prote\u00e7\u00e3o de Dados). <\/p>\n<p><strong>\u00bfC\u00f3mo y con qu\u00e9 fines se utiliza su informaci\u00f3n personal?<\/strong><\/p>\n<p>NowaVino, Lda. Utiliza la informaci\u00f3n recopilada para facilitar la reserva de habitaciones y casas de vacaciones con facturaci\u00f3n, gesti\u00f3n de clientes, con fines hist\u00f3ricos y estad\u00edsticos, obligaciones legales, control de calidad de servicios y futuros contactos. Utilizamos la informaci\u00f3n recopilada para adaptar nuestros productos y servicios a las necesidades de nuestros clientes para enviar informaci\u00f3n, promociones y tarifas por correo electr\u00f3nico, SMS o llamada telef\u00f3nica, dependiendo de su estad\u00eda. En este contexto, sugerimos que se proporcione una direcci\u00f3n de correo electr\u00f3nico adecuada para la recepci\u00f3n de dichos mensajes. Estas comunicaciones est\u00e1n relacionadas con nuestros productos y servicios y no constituyen una obligaci\u00f3n legal o contractual, y no hay consecuencias para quienes no las proporcionan.   <\/p>\n<p>El retiro retroactivo del consentimiento no afecta la legalidad del curso de acci\u00f3n elegido sobre la base de ese consentimiento.<\/p>\n<p><strong>\u00bfQui\u00e9n es responsable de la informaci\u00f3n?<\/strong><\/p>\n<p>NowaVino es responsable de los datos recopilados procesados por la computadora. Para garantizar la seguridad de su informaci\u00f3n, tratamos la informaci\u00f3n que nos proporciona como estrictamente confidencial, no la compartimos y no la revelamos a terceros con fines comerciales. <\/p>\n<p>El interesado puede presentar una queja ante la autoridad supervisora, la Comisi\u00f3n Nacional de Protecci\u00f3n de Datos (Comiss\u00e3o Nacional de Prote\u00e7\u00e3o de Dados).<\/p>\n<p><strong>\u00bfCon qui\u00e9n puede ponerse en contacto para acceder, corregir o eliminar los datos?<\/strong><\/p>\n<p>Nuestros clientes y visitantes tienen diferentes problemas de privacidad y siempre pueden revisar, actualizar y decidir qu\u00e9 tipo de datos desean almacenar. Se puede contactar directamente con el oficial de protecci\u00f3n de datos por correo electr\u00f3nico o por correo postal a brigitte@quintadosobral.com o, respectivamente, NowaVino, Lda, Rua Principal, 3260-342 Figueir\u00f3 dos Vinhos, en cualquier momento una copia de los datos, revocaci\u00f3n del consentimiento, rectificaci\u00f3n, eliminaci\u00f3n, Restricci\u00f3n, transferibilidad y oposici\u00f3n a su tratamiento. <\/p>\n<p><strong>\u00bfCu\u00e1nto tiempo se almacenan los datos?<\/strong><\/p>\n<p>Los datos personales se guardan hasta el final del per\u00edodo para el que est\u00e1n destinados. En el caso de los datos del cliente, estos se eliminar\u00e1n 2 a\u00f1os despu\u00e9s de la \u00faltima interacci\u00f3n con respecto a los servicios o, si el cliente se beneficia de un programa de lealtad de Quinta Do Sobral\u00ae, en una fecha posterior y si corresponde, si corresponde. Puede haber disposiciones legales que exigen que los datos personales se conserven durante un per\u00edodo m\u00ednimo de tiempo.  <\/p>\n<p><strong>Seguridad<\/strong><\/p>\n<p>Para garantizar la seguridad de su informaci\u00f3n y la m\u00e1xima confidencialidad, tratamos la informaci\u00f3n que nos proporciona con estricta confidencialidad con nuestras pol\u00edticas y procedimientos de seguridad y confidencialidad internos. Cuando se le solicita informaci\u00f3n de la tarjeta de cr\u00e9dito, esta comunicaci\u00f3n se produce a trav\u00e9s de una conexi\u00f3n segura de Capa de sockets seguros (SSL) cuando se utilizan navegadores habilitados para SSL, como Microsoft Internet Explorer o Netscape Navigator. Tambi\u00e9n utilizaremos SSL en todas las p\u00e1ginas que soliciten informaci\u00f3n personal, lo que significa que su informaci\u00f3n se enviar\u00e1 encriptada a trav\u00e9s de Internet. Es posible que se encuentre en modo seguro cuando vea un \u00edcono de candado o llave en la esquina inferior derecha o izquierda del monitor.   <\/p>\n<p><strong>Derechos de propiedad intelectual<\/strong><\/p>\n<p>Todo el contenido del sitio web de Quinta Do Sobral\u00ae (texto, im\u00e1genes y v\u00eddeos) est\u00e1 autorizado y protegido por el C\u00f3digo de Derechos de Autor y Derechos Conexos. Este sitio web puede contener enlaces a sitios web de terceros que no est\u00e1n bajo el control de NowaVino, Lda. Nuestra pol\u00edtica de privacidad no se aplica a estos sitios web y, por lo tanto, le recomendamos que lea la pol\u00edtica de privacidad de estos sitios.  <\/p>\n<p><strong>Contacto y personas de contacto<\/strong><\/p>\n<p>NowaVino, Lda. | Quinta Do Sobral\u00ae<\/p>\n<p>Ribeira de S\u00e3o Pedro \u2013 Quinta Do Sobral<br \/>P-3260-342 Figueir\u00f3 dos Vinhos<br \/>Tlm.: +351 960 232 988<br \/>Managing Directors: Dr. Bernhard and Dr. Brigitte Nowakowsky<\/p>\n<p>[\/et_pb_text][\/et_pb_column][\/et_pb_row][\/et_pb_section]<\/p>\n","protected":false},"excerpt":{"rendered":"<p>Declaraci\u00f3n de privacidadNowaVino, Lda. \u2013 Turismo y Agricultura se ha propuesto brindar un servicio de alta calidad a todos los clientes y visitantes del sitio web Quinta Do Sobral\u00ae en todos los aspectos de la protecci\u00f3n de datos. Toda la informaci\u00f3n personal relacionada con los clientes, miembros o visitantes del sitio web se tratar\u00e1 de [&hellip;]<\/p>\n","protected":false},"author":1,"featured_media":0,"parent":0,"menu_order":0,"comment_status":"closed","ping_status":"closed","template":"","meta":{"_et_pb_use_builder":"on","_et_pb_old_content":"","_et_gb_content_width":"","footnotes":""},"class_list":["post-984","page","type-page","status-publish","hentry"],"yoast_head":"<!-- This site is optimized with the Yoast SEO plugin v27.1.1 - https:\/\/yoast.com\/product\/yoast-seo-wordpress\/ -->\n<title>Declaraci\u00f3n de privacidad - Quinta Do Sobral<\/title>\n<meta name=\"robots\" content=\"index, follow, max-snippet:-1, max-image-preview:large, max-video-preview:-1\" \/>\n<link rel=\"canonical\" href=\"https:\/\/quintadosobral.com\/es\/declaracion-de-privacidad\/\" \/>\n<meta property=\"og:locale\" content=\"es_ES\" \/>\n<meta property=\"og:type\" content=\"article\" \/>\n<meta property=\"og:title\" content=\"Declaraci\u00f3n de privacidad - Quinta Do Sobral\" \/>\n<meta property=\"og:description\" content=\"Declaraci\u00f3n de privacidadNowaVino, Lda. \u2013 Turismo y Agricultura se ha propuesto brindar un servicio de alta calidad a todos los clientes y visitantes del sitio web Quinta Do Sobral\u00ae en todos los aspectos de la protecci\u00f3n de datos. Toda la informaci\u00f3n personal relacionada con los clientes, miembros o visitantes del sitio web se tratar\u00e1 de [&hellip;]\" \/>\n<meta property=\"og:url\" content=\"https:\/\/quintadosobral.com\/es\/declaracion-de-privacidad\/\" \/>\n<meta property=\"og:site_name\" content=\"Quinta Do Sobral\" \/>\n<meta property=\"article:publisher\" content=\"https:\/\/www.facebook.com\/BernhardundBrigitte\/\" \/>\n<meta property=\"article:modified_time\" content=\"2025-02-02T13:09:00+00:00\" \/>\n<meta name=\"twitter:card\" content=\"summary_large_image\" \/>\n<meta name=\"twitter:label1\" content=\"Tiempo de lectura\" \/>\n\t<meta name=\"twitter:data1\" content=\"5 minutos\" \/>\n<script type=\"application\/ld+json\" class=\"yoast-schema-graph\">{\"@context\":\"https:\/\/schema.org\",\"@graph\":[{\"@type\":\"WebPage\",\"@id\":\"https:\/\/quintadosobral.com\/es\/declaracion-de-privacidad\/\",\"url\":\"https:\/\/quintadosobral.com\/es\/declaracion-de-privacidad\/\",\"name\":\"Declaraci\u00f3n de privacidad - Quinta Do Sobral\",\"isPartOf\":{\"@id\":\"https:\/\/quintadosobral.com\/es\/#website\"},\"datePublished\":\"2025-01-31T11:18:10+00:00\",\"dateModified\":\"2025-02-02T13:09:00+00:00\",\"breadcrumb\":{\"@id\":\"https:\/\/quintadosobral.com\/es\/declaracion-de-privacidad\/#breadcrumb\"},\"inLanguage\":\"es\",\"potentialAction\":[{\"@type\":\"ReadAction\",\"target\":[\"https:\/\/quintadosobral.com\/es\/declaracion-de-privacidad\/\"]}]},{\"@type\":\"BreadcrumbList\",\"@id\":\"https:\/\/quintadosobral.com\/es\/declaracion-de-privacidad\/#breadcrumb\",\"itemListElement\":[{\"@type\":\"ListItem\",\"position\":1,\"name\":\"Startseite\",\"item\":\"https:\/\/quintadosobral.com\/es\/\"},{\"@type\":\"ListItem\",\"position\":2,\"name\":\"Declaraci\u00f3n de privacidad\"}]},{\"@type\":\"WebSite\",\"@id\":\"https:\/\/quintadosobral.com\/es\/#website\",\"url\":\"https:\/\/quintadosobral.com\/es\/\",\"name\":\"Quinta Do Sobral\",\"description\":\"Rural Guest Houses | Central Portugal | Acceuil\",\"publisher\":{\"@id\":\"https:\/\/quintadosobral.com\/es\/#organization\"},\"potentialAction\":[{\"@type\":\"SearchAction\",\"target\":{\"@type\":\"EntryPoint\",\"urlTemplate\":\"https:\/\/quintadosobral.com\/es\/?s={search_term_string}\"},\"query-input\":{\"@type\":\"PropertyValueSpecification\",\"valueRequired\":true,\"valueName\":\"search_term_string\"}}],\"inLanguage\":\"es\"},{\"@type\":\"Organization\",\"@id\":\"https:\/\/quintadosobral.com\/es\/#organization\",\"name\":\"Quinta Do Sobral\",\"url\":\"https:\/\/quintadosobral.com\/es\/\",\"logo\":{\"@type\":\"ImageObject\",\"inLanguage\":\"es\",\"@id\":\"https:\/\/quintadosobral.com\/es\/#\/schema\/logo\/image\/\",\"url\":\"https:\/\/quintadosobral.com\/wp-content\/uploads\/2025\/01\/quinta-do-sobral-pool02-min.jpg\",\"contentUrl\":\"https:\/\/quintadosobral.com\/wp-content\/uploads\/2025\/01\/quinta-do-sobral-pool02-min.jpg\",\"width\":1475,\"height\":983,\"caption\":\"Quinta Do Sobral\"},\"image\":{\"@id\":\"https:\/\/quintadosobral.com\/es\/#\/schema\/logo\/image\/\"},\"sameAs\":[\"https:\/\/www.facebook.com\/BernhardundBrigitte\/\"]}]}<\/script>\n<!-- \/ Yoast SEO plugin. -->","yoast_head_json":{"title":"Declaraci\u00f3n de privacidad - Quinta Do Sobral","robots":{"index":"index","follow":"follow","max-snippet":"max-snippet:-1","max-image-preview":"max-image-preview:large","max-video-preview":"max-video-preview:-1"},"canonical":"https:\/\/quintadosobral.com\/es\/declaracion-de-privacidad\/","og_locale":"es_ES","og_type":"article","og_title":"Declaraci\u00f3n de privacidad - Quinta Do Sobral","og_description":"Declaraci\u00f3n de privacidadNowaVino, Lda. \u2013 Turismo y Agricultura se ha propuesto brindar un servicio de alta calidad a todos los clientes y visitantes del sitio web Quinta Do Sobral\u00ae en todos los aspectos de la protecci\u00f3n de datos. Toda la informaci\u00f3n personal relacionada con los clientes, miembros o visitantes del sitio web se tratar\u00e1 de [&hellip;]","og_url":"https:\/\/quintadosobral.com\/es\/declaracion-de-privacidad\/","og_site_name":"Quinta Do Sobral","article_publisher":"https:\/\/www.facebook.com\/BernhardundBrigitte\/","article_modified_time":"2025-02-02T13:09:00+00:00","twitter_card":"summary_large_image","twitter_misc":{"Tiempo de lectura":"5 minutos"},"schema":{"@context":"https:\/\/schema.org","@graph":[{"@type":"WebPage","@id":"https:\/\/quintadosobral.com\/es\/declaracion-de-privacidad\/","url":"https:\/\/quintadosobral.com\/es\/declaracion-de-privacidad\/","name":"Declaraci\u00f3n de privacidad - Quinta Do Sobral","isPartOf":{"@id":"https:\/\/quintadosobral.com\/es\/#website"},"datePublished":"2025-01-31T11:18:10+00:00","dateModified":"2025-02-02T13:09:00+00:00","breadcrumb":{"@id":"https:\/\/quintadosobral.com\/es\/declaracion-de-privacidad\/#breadcrumb"},"inLanguage":"es","potentialAction":[{"@type":"ReadAction","target":["https:\/\/quintadosobral.com\/es\/declaracion-de-privacidad\/"]}]},{"@type":"BreadcrumbList","@id":"https:\/\/quintadosobral.com\/es\/declaracion-de-privacidad\/#breadcrumb","itemListElement":[{"@type":"ListItem","position":1,"name":"Startseite","item":"https:\/\/quintadosobral.com\/es\/"},{"@type":"ListItem","position":2,"name":"Declaraci\u00f3n de privacidad"}]},{"@type":"WebSite","@id":"https:\/\/quintadosobral.com\/es\/#website","url":"https:\/\/quintadosobral.com\/es\/","name":"Quinta Do Sobral","description":"Rural Guest Houses | Central Portugal | Acceuil","publisher":{"@id":"https:\/\/quintadosobral.com\/es\/#organization"},"potentialAction":[{"@type":"SearchAction","target":{"@type":"EntryPoint","urlTemplate":"https:\/\/quintadosobral.com\/es\/?s={search_term_string}"},"query-input":{"@type":"PropertyValueSpecification","valueRequired":true,"valueName":"search_term_string"}}],"inLanguage":"es"},{"@type":"Organization","@id":"https:\/\/quintadosobral.com\/es\/#organization","name":"Quinta Do Sobral","url":"https:\/\/quintadosobral.com\/es\/","logo":{"@type":"ImageObject","inLanguage":"es","@id":"https:\/\/quintadosobral.com\/es\/#\/schema\/logo\/image\/","url":"https:\/\/quintadosobral.com\/wp-content\/uploads\/2025\/01\/quinta-do-sobral-pool02-min.jpg","contentUrl":"https:\/\/quintadosobral.com\/wp-content\/uploads\/2025\/01\/quinta-do-sobral-pool02-min.jpg","width":1475,"height":983,"caption":"Quinta Do Sobral"},"image":{"@id":"https:\/\/quintadosobral.com\/es\/#\/schema\/logo\/image\/"},"sameAs":["https:\/\/www.facebook.com\/BernhardundBrigitte\/"]}]}},"_links":{"self":[{"href":"https:\/\/quintadosobral.com\/es\/wp-json\/wp\/v2\/pages\/984","targetHints":{"allow":["GET"]}}],"collection":[{"href":"https:\/\/quintadosobral.com\/es\/wp-json\/wp\/v2\/pages"}],"about":[{"href":"https:\/\/quintadosobral.com\/es\/wp-json\/wp\/v2\/types\/page"}],"author":[{"embeddable":true,"href":"https:\/\/quintadosobral.com\/es\/wp-json\/wp\/v2\/users\/1"}],"replies":[{"embeddable":true,"href":"https:\/\/quintadosobral.com\/es\/wp-json\/wp\/v2\/comments?post=984"}],"version-history":[{"count":3,"href":"https:\/\/quintadosobral.com\/es\/wp-json\/wp\/v2\/pages\/984\/revisions"}],"predecessor-version":[{"id":1252,"href":"https:\/\/quintadosobral.com\/es\/wp-json\/wp\/v2\/pages\/984\/revisions\/1252"}],"wp:attachment":[{"href":"https:\/\/quintadosobral.com\/es\/wp-json\/wp\/v2\/media?parent=984"}],"curies":[{"name":"wp","href":"https:\/\/api.w.org\/{rel}","templated":true}]}}