{"id":909,"date":"2025-01-30T15:31:29","date_gmt":"2025-01-30T15:31:29","guid":{"rendered":"https:\/\/preview.quintadosobral.com\/peticion-de-reserva\/"},"modified":"2025-02-03T09:43:09","modified_gmt":"2025-02-03T09:43:09","slug":"peticion-de-reserva","status":"publish","type":"page","link":"https:\/\/quintadosobral.com\/es\/peticion-de-reserva\/","title":{"rendered":"PETICI\u00d3N DE RESERVA"},"content":{"rendered":"<p>[et_pb_section fb_built=\u00bb1&#8243; module_id=\u00bbthe-country-estate\u00bb _builder_version=\u00bb4.27.4&#8243; _module_preset=\u00bbdefault\u00bb custom_padding=\u00bb||0px||false|false\u00bb locked=\u00bboff\u00bb global_colors_info=\u00bb{}\u00bb][et_pb_row _builder_version=\u00bb4.27.4&#8243; _module_preset=\u00bbdefault\u00bb custom_padding=\u00bb||10px||false|false\u00bb global_colors_info=\u00bb{}\u00bb][et_pb_column type=\u00bb4_4&#8243; _builder_version=\u00bb4.27.4&#8243; _module_preset=\u00bbdefault\u00bb global_colors_info=\u00bb{}\u00bb][et_pb_text _builder_version=\u00bb4.27.4&#8243; _module_preset=\u00bbdefault\u00bb header_3_font=\u00bb|||on|||||\u00bb header_3_text_align=\u00bbcenter\u00bb header_3_font_size=\u00bb20px\u00bb header_3_letter_spacing=\u00bb3px\u00bb header_3_line_height=\u00bb1.2em\u00bb header_3_font_size_tablet=\u00bb20px\u00bb header_3_font_size_phone=\u00bb18px\u00bb header_3_font_size_last_edited=\u00bbon|desktop\u00bb global_colors_info=\u00bb{}\u00bb]<\/p>\n<h3>PETICI\u00d3N DE RESERVA<\/h3>\n<p>[\/et_pb_text][et_pb_divider _builder_version=\u00bb4.27.4&#8243; _module_preset=\u00bbdefault\u00bb width=\u00bb100px\u00bb module_alignment=\u00bbcenter\u00bb custom_padding=\u00bb0px||||false|false\u00bb global_colors_info=\u00bb{}\u00bb][\/et_pb_divider][\/et_pb_column][\/et_pb_row][\/et_pb_section][et_pb_section fb_built=\u00bb1&#8243; _builder_version=\u00bb4.27.4&#8243; _module_preset=\u00bbdefault\u00bb custom_padding=\u00bb0px||40px||false|false\u00bb global_colors_info=\u00bb{}\u00bb][et_pb_row _builder_version=\u00bb4.27.4&#8243; _module_preset=\u00bbdefault\u00bb custom_padding=\u00bb0px||||false|false\u00bb hover_enabled=\u00bb0&#8243; global_colors_info=\u00bb{}\u00bb width=\u00bb800px\u00bb width_last_edited=\u00bbon|phone\u00bb sticky_enabled=\u00bb0&#8243; width_phone=\u00bb90%\u00bb width_tablet=\u00bb800px\u00bb][et_pb_column type=\u00bb4_4&#8243; _builder_version=\u00bb4.27.4&#8243; _module_preset=\u00bbdefault\u00bb global_colors_info=\u00bb{}\u00bb][et_pb_text _builder_version=\u00bb4.27.4&#8243; _module_preset=\u00bbdefault\u00bb text_font_size=\u00bb22px\u00bb header_font=\u00bbMontserrat Regular||||||||\u00bb header_text_color=\u00bb#BBA454&#8243; header_letter_spacing=\u00bb1px\u00bb header_4_font=\u00bbMontserrat Regular||||||||\u00bb header_4_text_color=\u00bb#BBA454&#8243; header_4_font_size=\u00bb30px\u00bb header_4_letter_spacing=\u00bb1px\u00bb text_orientation=\u00bbcenter\u00bb custom_margin=\u00bb||20px||false|false\u00bb custom_padding=\u00bb||0px||false|false\u00bb text_font_size_phone=\u00bb18px\u00bb text_font_size_last_edited=\u00bboff|phone\u00bb text_line_height_tablet=\u00bb\u00bb text_line_height_phone=\u00bb1.5em\u00bb text_line_height_last_edited=\u00bbon|phone\u00bb header_font_size_tablet=\u00bb30px\u00bb header_font_size_phone=\u00bb28px\u00bb header_font_size_last_edited=\u00bbon|phone\u00bb header_4_font_size_tablet=\u00bb30px\u00bb header_4_font_size_phone=\u00bb28px\u00bb header_4_font_size_last_edited=\u00bbon|phone\u00bb global_colors_info=\u00bb{}\u00bb]<\/p>\n<h1>\u00a1Le esperamos!<\/h1>\n<p>[\/et_pb_text][et_pb_text _builder_version=\u00bb4.27.4&#8243; _module_preset=\u00bbdefault\u00bb text_font_size=\u00bb20px\u00bb text_line_height=\u00bb1.5em\u00bb header_4_text_color=\u00bb#BBA454&#8243; header_4_letter_spacing=\u00bb1px\u00bb text_orientation=\u00bbcenter\u00bb text_font_size_tablet=\u00bb20px\u00bb text_font_size_phone=\u00bb16px\u00bb text_font_size_last_edited=\u00bbon|phone\u00bb text_line_height_tablet=\u00bb1.5em\u00bb text_line_height_phone=\u00bb1.4em\u00bb text_line_height_last_edited=\u00bbon|phone\u00bb global_colors_info=\u00bb{}\u00bb]<\/p>\n<p>Para obtener m\u00e1s informaci\u00f3n, no dude en contactarnos por tel\u00e9fono en el futuro o enviar un correo electr\u00f3nico a brigitte.quintadosobral@gmail.com.<\/p>\n<p>[\/et_pb_text][wpforms_selector form_id=\u00bb288&#8243; show_desc=\u00bboff\u00bb _builder_version=\u00bb4.27.4&#8243; _module_preset=\u00bbdefault\u00bb hover_enabled=\u00bb0&#8243; global_colors_info=\u00bb{}\u00bb sticky_enabled=\u00bb0&#8243;][\/wpforms_selector][et_pb_text _builder_version=\u00bb4.27.4&#8243; _module_preset=\u00bbdefault\u00bb text_font_size=\u00bb16px\u00bb text_line_height=\u00bb1.5em\u00bb header_2_font=\u00bbOpen Sans SemiBold lokal||||||||\u00bb header_2_text_align=\u00bbcenter\u00bb header_2_font_size=\u00bb24px\u00bb header_2_letter_spacing=\u00bb1px\u00bb text_orientation=\u00bbcenter\u00bb text_font_size_tablet=\u00bb16px\u00bb text_font_size_phone=\u00bb16px\u00bb text_font_size_last_edited=\u00bbon|phone\u00bb text_line_height_tablet=\u00bb1.5em\u00bb text_line_height_phone=\u00bb1.4em\u00bb text_line_height_last_edited=\u00bbon|phone\u00bb header_font_size_tablet=\u00bb\u00bb header_font_size_phone=\u00bb\u00bb header_font_size_last_edited=\u00bbon|phone\u00bb header_2_font_size_tablet=\u00bb24px\u00bb header_2_font_size_phone=\u00bb20px\u00bb header_2_font_size_last_edited=\u00bbon|phone\u00bb global_colors_info=\u00bb{}\u00bb]<\/p>\n<p>Quinta Do Sobral | Ribeira de S\u00e3o Pedro &#8211; Quinta Do Sobral P-3260-342 Figueir\u00f3 dos Vinhos<br \/>Tlm.: +351 960 232 988 (llamada a la red m\u00f3vil nacional portuguesa) E-Mail: brigitte.quintadosobral@gmail.com<\/p>\n<p>[\/et_pb_text][\/et_pb_column][\/et_pb_row][\/et_pb_section]<\/p>\n","protected":false},"excerpt":{"rendered":"<p>PETICI\u00d3N DE RESERVA\u00a1Le esperamos!Para obtener m\u00e1s informaci\u00f3n, no dude en contactarnos por tel\u00e9fono en el futuro o enviar un correo electr\u00f3nico a brigitte.quintadosobral@gmail.com.<div class=\"et_pb_module wpforms_selector wpforms_selector_0\">\n\t\t\t\t\n\t\t\t\t\n\t\t\t\t\n\t\t\t\t\n\t\t\t\t\n\t\t\t\t\n\t\t\t\t<div class=\"et_pb_module_inner\">\n\t\t\t\t\t<style id=\"wpforms-css-vars-288\">\n\t\t\t\t#wpforms-288 {\n\t\t\t\t--wpforms-container-padding: 0px;\n--wpforms-container-border-width: 1px;\n--wpforms-container-border-radius: 3px;\n--wpforms-background-color: rgba(0, 0, 0, 0);\n--wpforms-field-size-input-height: 43px;\n--wpforms-field-size-input-spacing: 15px;\n--wpforms-field-size-font-size: 16px;\n--wpforms-field-size-line-height: 19px;\n--wpforms-field-size-padding-h: 14px;\n--wpforms-field-size-checkbox-size: 16px;\n--wpforms-field-size-sublabel-spacing: 5px;\n--wpforms-field-size-icon-size: 1;\n--wpforms-label-size-font-size: 16px;\n--wpforms-label-size-line-height: 19px;\n--wpforms-label-size-sublabel-font-size: 14px;\n--wpforms-label-size-sublabel-line-height: 17px;\n--wpforms-button-size-font-size: 17px;\n--wpforms-button-size-height: 41px;\n--wpforms-button-size-padding-h: 15px;\n--wpforms-button-size-margin-top: 10px;\n--wpforms-container-shadow-size-box-shadow: none;\n\t\t\t}\n\t\t\t<\/style><div class=\"wpforms-container wpforms-container-full wpforms-render-modern\" id=\"wpforms-288\"><form id=\"wpforms-form-288\" class=\"wpforms-validate wpforms-form wpforms-ajax-form\" data-formid=\"288\" method=\"post\" enctype=\"multipart\/form-data\" action=\"\/es\/wp-json\/wp\/v2\/pages\/909\" data-token=\"bacef6076f5c9d605b99389b680fdb5d\" data-token-time=\"1775863480\"><noscript class=\"wpforms-error-noscript\">Por favor, activa JavaScript en tu navegador para completar este formulario.<\/noscript><div id=\"wpforms-error-noscript\" style=\"display: none;\">Por favor, activa JavaScript en tu navegador para completar este formulario.<\/div><div class=\"wpforms-field-container\"><div id=\"wpforms-288-field_1-container\" class=\"wpforms-field wpforms-field-name\" data-field-id=\"1\"><fieldset><legend class=\"wpforms-field-label\">Nombre   <span class=\"wpforms-required-label\" aria-hidden=\"true\">*<\/span><\/legend><div class=\"wpforms-field-row wpforms-field-large\"><div class=\"wpforms-field-row-block wpforms-first wpforms-one-half\"><input type=\"text\" id=\"wpforms-288-field_1\" class=\"wpforms-field-name-first wpforms-field-required\" name=\"wpforms[fields][1][first]\" aria-errormessage=\"wpforms-288-field_1-error\" required><label for=\"wpforms-288-field_1\" class=\"wpforms-field-sublabel after\">Nombre<\/label><\/div><div class=\"wpforms-field-row-block wpforms-one-half\"><input type=\"text\" id=\"wpforms-288-field_1-last\" class=\"wpforms-field-name-last wpforms-field-required\" name=\"wpforms[fields][1][last]\" aria-errormessage=\"wpforms-288-field_1-last-error\" required><label for=\"wpforms-288-field_1-last\" class=\"wpforms-field-sublabel after\">Apellido<\/label><\/div><\/div><\/fieldset><\/div><div id=\"wpforms-288-field_2-container\" class=\"wpforms-field wpforms-field-email\" data-field-id=\"2\"><label class=\"wpforms-field-label\" for=\"wpforms-288-field_2\">Direcci\u00f3n de correo electr\u00f3nico <span class=\"wpforms-required-label\" aria-hidden=\"true\">*<\/span><\/label><input type=\"email\" id=\"wpforms-288-field_2\" class=\"wpforms-field-large wpforms-field-required\" name=\"wpforms[fields][2]\" spellcheck=\"false\" aria-errormessage=\"wpforms-288-field_2-error\" required><\/div>\t\t<div id=\"wpforms-288-field_4-container\"\n\t\t\tclass=\"wpforms-field wpforms-field-text\"\n\t\t\tdata-field-type=\"text\"\n\t\t\tdata-field-id=\"4\"\n\t\t\t>\n\t\t\t<label class=\"wpforms-field-label\" for=\"wpforms-288-field_4\" >correo Nombre de<\/label>\n\t\t\t<input type=\"text\" id=\"wpforms-288-field_4\" class=\"wpforms-field-medium\" name=\"wpforms[fields][4]\" >\n\t\t<\/div>\n\t\t<div id=\"wpforms-288-field_5-container\" class=\"wpforms-field wpforms-field-text\" data-field-id=\"5\"><label class=\"wpforms-field-label\" for=\"wpforms-288-field_5\">N\u00famero de tel\u00e9fono<\/label><input type=\"text\" id=\"wpforms-288-field_5\" class=\"wpforms-field-large\" name=\"wpforms[fields][5]\" aria-errormessage=\"wpforms-288-field_5-error\" ><\/div><div id=\"wpforms-288-field_3-container\" class=\"wpforms-field wpforms-field-textarea\" data-field-id=\"3\"><label class=\"wpforms-field-label\" for=\"wpforms-288-field_3\">\u00bfCu\u00e1ndo te gustar\u00eda visitarnos? <span class=\"wpforms-required-label\" aria-hidden=\"true\">*<\/span><\/label><textarea id=\"wpforms-288-field_3\" class=\"wpforms-field-small wpforms-field-required\" name=\"wpforms[fields][3]\" placeholder=\"Especifica la fecha de llegada y de salida\" aria-errormessage=\"wpforms-288-field_3-error\" required><\/textarea><\/div><script>\n\t\t\t\t( function() {\n\t\t\t\t\tconst style = document.createElement( 'style' );\n\t\t\t\t\tstyle.appendChild( document.createTextNode( '#wpforms-288-field_4-container { position: absolute !important; overflow: hidden !important; display: inline !important; height: 1px !important; width: 1px !important; z-index: -1000 !important; padding: 0 !important; } #wpforms-288-field_4-container input { visibility: hidden; } #wpforms-conversational-form-page #wpforms-288-field_4-container label { counter-increment: none; }' ) );\n\t\t\t\t\tdocument.head.appendChild( style );\n\t\t\t\t\tdocument.currentScript?.remove();\n\t\t\t\t} )();\n\t\t\t<\/script><\/div><!-- .wpforms-field-container --><div class=\"wpforms-submit-container\" ><input type=\"hidden\" name=\"wpforms[id]\" value=\"288\"><input type=\"hidden\" name=\"page_title\" value=\"\"><input type=\"hidden\" name=\"page_url\" value=\"https:\/\/quintadosobral.com\/es\/wp-json\/wp\/v2\/pages\/909\"><input type=\"hidden\" name=\"url_referer\" value=\"\"><button type=\"submit\" name=\"wpforms[submit]\" id=\"wpforms-submit-288\" class=\"wpforms-submit\" data-alt-text=\"Se enviar\u00e1 ...\" data-submit-text=\"Env\u00edo de\" aria-live=\"assertive\" value=\"wpforms-submit\">Env\u00edo de<\/button><img loading=\"lazy\" decoding=\"async\" src=\"https:\/\/quintadosobral.com\/wp-content\/plugins\/wpforms-lite\/assets\/images\/submit-spin.svg\" class=\"wpforms-submit-spinner\" style=\"display: none;\" width=\"26\" height=\"26\" alt=\"Cargando\"><\/div><\/form><\/div>  <!-- .wpforms-container -->\n\t\t\t\t<\/div>\n\t\t\t<\/div>Quinta Do Sobral | Ribeira de S\u00e3o Pedro &#8211; Quinta Do Sobral P-3260-342 Figueir\u00f3 dos VinhosTlm.: +351 960 232 988 (llamada a la red m\u00f3vil nacional [&hellip;]<\/p>\n","protected":false},"author":1,"featured_media":0,"parent":0,"menu_order":0,"comment_status":"closed","ping_status":"closed","template":"","meta":{"_et_pb_use_builder":"on","_et_pb_old_content":"","_et_gb_content_width":"","footnotes":""},"class_list":["post-909","page","type-page","status-publish","hentry"],"yoast_head":"<!-- This site is optimized with the Yoast SEO plugin v27.1.1 - https:\/\/yoast.com\/product\/yoast-seo-wordpress\/ -->\n<title>PETICI\u00d3N DE RESERVA - Quinta Do Sobral<\/title>\n<meta name=\"robots\" content=\"index, follow, max-snippet:-1, max-image-preview:large, max-video-preview:-1\" \/>\n<link rel=\"canonical\" href=\"https:\/\/quintadosobral.com\/es\/peticion-de-reserva\/\" \/>\n<meta property=\"og:locale\" content=\"es_ES\" \/>\n<meta property=\"og:type\" content=\"article\" \/>\n<meta property=\"og:title\" content=\"PETICI\u00d3N DE RESERVA - Quinta Do Sobral\" \/>\n<meta property=\"og:description\" content=\"PETICI\u00d3N DE RESERVA\u00a1Le esperamos!Para obtener m\u00e1s informaci\u00f3n, no dude en contactarnos por tel\u00e9fono en el futuro o enviar un correo electr\u00f3nico a brigitte.quintadosobral@gmail.com.Quinta Do Sobral | Ribeira de S\u00e3o Pedro - Quinta Do Sobral P-3260-342 Figueir\u00f3 dos VinhosTlm.: +351 960 232 988 (llamada a la red m\u00f3vil nacional [&hellip;]\" \/>\n<meta property=\"og:url\" content=\"https:\/\/quintadosobral.com\/es\/peticion-de-reserva\/\" \/>\n<meta property=\"og:site_name\" content=\"Quinta Do Sobral\" \/>\n<meta property=\"article:publisher\" content=\"https:\/\/www.facebook.com\/BernhardundBrigitte\/\" \/>\n<meta property=\"article:modified_time\" content=\"2025-02-03T09:43:09+00:00\" \/>\n<meta name=\"twitter:card\" content=\"summary_large_image\" \/>\n<meta name=\"twitter:label1\" content=\"Tiempo de lectura\" \/>\n\t<meta name=\"twitter:data1\" content=\"3 minutos\" \/>\n<script type=\"application\/ld+json\" class=\"yoast-schema-graph\">{\"@context\":\"https:\/\/schema.org\",\"@graph\":[{\"@type\":\"WebPage\",\"@id\":\"https:\/\/quintadosobral.com\/es\/peticion-de-reserva\/\",\"url\":\"https:\/\/quintadosobral.com\/es\/peticion-de-reserva\/\",\"name\":\"PETICI\u00d3N DE RESERVA - Quinta Do Sobral\",\"isPartOf\":{\"@id\":\"https:\/\/quintadosobral.com\/es\/#website\"},\"datePublished\":\"2025-01-30T15:31:29+00:00\",\"dateModified\":\"2025-02-03T09:43:09+00:00\",\"breadcrumb\":{\"@id\":\"https:\/\/quintadosobral.com\/es\/peticion-de-reserva\/#breadcrumb\"},\"inLanguage\":\"es\",\"potentialAction\":[{\"@type\":\"ReadAction\",\"target\":[\"https:\/\/quintadosobral.com\/es\/peticion-de-reserva\/\"]}]},{\"@type\":\"BreadcrumbList\",\"@id\":\"https:\/\/quintadosobral.com\/es\/peticion-de-reserva\/#breadcrumb\",\"itemListElement\":[{\"@type\":\"ListItem\",\"position\":1,\"name\":\"Startseite\",\"item\":\"https:\/\/quintadosobral.com\/es\/\"},{\"@type\":\"ListItem\",\"position\":2,\"name\":\"PETICI\u00d3N DE RESERVA\"}]},{\"@type\":\"WebSite\",\"@id\":\"https:\/\/quintadosobral.com\/es\/#website\",\"url\":\"https:\/\/quintadosobral.com\/es\/\",\"name\":\"Quinta Do Sobral\",\"description\":\"Rural Guest Houses | Central Portugal | Acceuil\",\"publisher\":{\"@id\":\"https:\/\/quintadosobral.com\/es\/#organization\"},\"potentialAction\":[{\"@type\":\"SearchAction\",\"target\":{\"@type\":\"EntryPoint\",\"urlTemplate\":\"https:\/\/quintadosobral.com\/es\/?s={search_term_string}\"},\"query-input\":{\"@type\":\"PropertyValueSpecification\",\"valueRequired\":true,\"valueName\":\"search_term_string\"}}],\"inLanguage\":\"es\"},{\"@type\":\"Organization\",\"@id\":\"https:\/\/quintadosobral.com\/es\/#organization\",\"name\":\"Quinta Do Sobral\",\"url\":\"https:\/\/quintadosobral.com\/es\/\",\"logo\":{\"@type\":\"ImageObject\",\"inLanguage\":\"es\",\"@id\":\"https:\/\/quintadosobral.com\/es\/#\/schema\/logo\/image\/\",\"url\":\"https:\/\/quintadosobral.com\/wp-content\/uploads\/2025\/01\/quinta-do-sobral-pool02-min.jpg\",\"contentUrl\":\"https:\/\/quintadosobral.com\/wp-content\/uploads\/2025\/01\/quinta-do-sobral-pool02-min.jpg\",\"width\":1475,\"height\":983,\"caption\":\"Quinta Do Sobral\"},\"image\":{\"@id\":\"https:\/\/quintadosobral.com\/es\/#\/schema\/logo\/image\/\"},\"sameAs\":[\"https:\/\/www.facebook.com\/BernhardundBrigitte\/\"]}]}<\/script>\n<!-- \/ Yoast SEO plugin. -->","yoast_head_json":{"title":"PETICI\u00d3N DE RESERVA - Quinta Do Sobral","robots":{"index":"index","follow":"follow","max-snippet":"max-snippet:-1","max-image-preview":"max-image-preview:large","max-video-preview":"max-video-preview:-1"},"canonical":"https:\/\/quintadosobral.com\/es\/peticion-de-reserva\/","og_locale":"es_ES","og_type":"article","og_title":"PETICI\u00d3N DE RESERVA - Quinta Do Sobral","og_description":"PETICI\u00d3N DE RESERVA\u00a1Le esperamos!Para obtener m\u00e1s informaci\u00f3n, no dude en contactarnos por tel\u00e9fono en el futuro o enviar un correo electr\u00f3nico a brigitte.quintadosobral@gmail.com.Quinta Do Sobral | Ribeira de S\u00e3o Pedro - Quinta Do Sobral P-3260-342 Figueir\u00f3 dos VinhosTlm.: +351 960 232 988 (llamada a la red m\u00f3vil nacional [&hellip;]","og_url":"https:\/\/quintadosobral.com\/es\/peticion-de-reserva\/","og_site_name":"Quinta Do Sobral","article_publisher":"https:\/\/www.facebook.com\/BernhardundBrigitte\/","article_modified_time":"2025-02-03T09:43:09+00:00","twitter_card":"summary_large_image","twitter_misc":{"Tiempo de lectura":"3 minutos"},"schema":{"@context":"https:\/\/schema.org","@graph":[{"@type":"WebPage","@id":"https:\/\/quintadosobral.com\/es\/peticion-de-reserva\/","url":"https:\/\/quintadosobral.com\/es\/peticion-de-reserva\/","name":"PETICI\u00d3N DE RESERVA - Quinta Do Sobral","isPartOf":{"@id":"https:\/\/quintadosobral.com\/es\/#website"},"datePublished":"2025-01-30T15:31:29+00:00","dateModified":"2025-02-03T09:43:09+00:00","breadcrumb":{"@id":"https:\/\/quintadosobral.com\/es\/peticion-de-reserva\/#breadcrumb"},"inLanguage":"es","potentialAction":[{"@type":"ReadAction","target":["https:\/\/quintadosobral.com\/es\/peticion-de-reserva\/"]}]},{"@type":"BreadcrumbList","@id":"https:\/\/quintadosobral.com\/es\/peticion-de-reserva\/#breadcrumb","itemListElement":[{"@type":"ListItem","position":1,"name":"Startseite","item":"https:\/\/quintadosobral.com\/es\/"},{"@type":"ListItem","position":2,"name":"PETICI\u00d3N DE RESERVA"}]},{"@type":"WebSite","@id":"https:\/\/quintadosobral.com\/es\/#website","url":"https:\/\/quintadosobral.com\/es\/","name":"Quinta Do Sobral","description":"Rural Guest Houses | Central Portugal | Acceuil","publisher":{"@id":"https:\/\/quintadosobral.com\/es\/#organization"},"potentialAction":[{"@type":"SearchAction","target":{"@type":"EntryPoint","urlTemplate":"https:\/\/quintadosobral.com\/es\/?s={search_term_string}"},"query-input":{"@type":"PropertyValueSpecification","valueRequired":true,"valueName":"search_term_string"}}],"inLanguage":"es"},{"@type":"Organization","@id":"https:\/\/quintadosobral.com\/es\/#organization","name":"Quinta Do Sobral","url":"https:\/\/quintadosobral.com\/es\/","logo":{"@type":"ImageObject","inLanguage":"es","@id":"https:\/\/quintadosobral.com\/es\/#\/schema\/logo\/image\/","url":"https:\/\/quintadosobral.com\/wp-content\/uploads\/2025\/01\/quinta-do-sobral-pool02-min.jpg","contentUrl":"https:\/\/quintadosobral.com\/wp-content\/uploads\/2025\/01\/quinta-do-sobral-pool02-min.jpg","width":1475,"height":983,"caption":"Quinta Do Sobral"},"image":{"@id":"https:\/\/quintadosobral.com\/es\/#\/schema\/logo\/image\/"},"sameAs":["https:\/\/www.facebook.com\/BernhardundBrigitte\/"]}]}},"_links":{"self":[{"href":"https:\/\/quintadosobral.com\/es\/wp-json\/wp\/v2\/pages\/909","targetHints":{"allow":["GET"]}}],"collection":[{"href":"https:\/\/quintadosobral.com\/es\/wp-json\/wp\/v2\/pages"}],"about":[{"href":"https:\/\/quintadosobral.com\/es\/wp-json\/wp\/v2\/types\/page"}],"author":[{"embeddable":true,"href":"https:\/\/quintadosobral.com\/es\/wp-json\/wp\/v2\/users\/1"}],"replies":[{"embeddable":true,"href":"https:\/\/quintadosobral.com\/es\/wp-json\/wp\/v2\/comments?post=909"}],"version-history":[{"count":3,"href":"https:\/\/quintadosobral.com\/es\/wp-json\/wp\/v2\/pages\/909\/revisions"}],"predecessor-version":[{"id":1400,"href":"https:\/\/quintadosobral.com\/es\/wp-json\/wp\/v2\/pages\/909\/revisions\/1400"}],"wp:attachment":[{"href":"https:\/\/quintadosobral.com\/es\/wp-json\/wp\/v2\/media?parent=909"}],"curies":[{"name":"wp","href":"https:\/\/api.w.org\/{rel}","templated":true}]}}