{"id":888,"date":"2025-01-30T16:11:09","date_gmt":"2025-01-30T16:11:09","guid":{"rendered":"https:\/\/preview.quintadosobral.com\/actividades\/"},"modified":"2025-02-02T12:53:50","modified_gmt":"2025-02-02T12:53:50","slug":"actividades","status":"publish","type":"page","link":"https:\/\/quintadosobral.com\/es\/actividades\/","title":{"rendered":"Actividades"},"content":{"rendered":"<p>[et_pb_section fb_built=\u00bb1&#8243; _builder_version=\u00bb4.27.4&#8243; _module_preset=\u00bbdefault\u00bb global_colors_info=\u00bb{}\u00bb][et_pb_row _builder_version=\u00bb4.27.4&#8243; _module_preset=\u00bbdefault\u00bb custom_padding=\u00bb||10px||false|false\u00bb locked=\u00bboff\u00bb global_colors_info=\u00bb{}\u00bb][et_pb_column type=\u00bb4_4&#8243; _builder_version=\u00bb4.27.4&#8243; _module_preset=\u00bbdefault\u00bb global_colors_info=\u00bb{}\u00bb][et_pb_text _builder_version=\u00bb4.27.4&#8243; _module_preset=\u00bbdefault\u00bb header_3_font=\u00bb|||on|||||\u00bb header_3_text_align=\u00bbcenter\u00bb header_3_font_size=\u00bb20px\u00bb header_3_letter_spacing=\u00bb3px\u00bb header_3_line_height=\u00bb1.2em\u00bb header_3_font_size_tablet=\u00bb20px\u00bb header_3_font_size_phone=\u00bb18px\u00bb header_3_font_size_last_edited=\u00bbon|desktop\u00bb global_colors_info=\u00bb{}\u00bb]<\/p>\n<h3>Actividades<\/h3>\n<p>[\/et_pb_text][et_pb_divider _builder_version=\u00bb4.27.4&#8243; _module_preset=\u00bbdefault\u00bb width=\u00bb100px\u00bb module_alignment=\u00bbcenter\u00bb custom_padding=\u00bb0px||||false|false\u00bb global_colors_info=\u00bb{}\u00bb][\/et_pb_divider][\/et_pb_column][\/et_pb_row][et_pb_row _builder_version=\u00bb4.27.4&#8243; _module_preset=\u00bbdefault\u00bb global_colors_info=\u00bb{}\u00bb][et_pb_column type=\u00bb4_4&#8243; _builder_version=\u00bb4.27.4&#8243; _module_preset=\u00bbdefault\u00bb global_colors_info=\u00bb{}\u00bb][et_pb_text _builder_version=\u00bb4.27.4&#8243; _module_preset=\u00bbdefault\u00bb text_font_size=\u00bb22px\u00bb text_orientation=\u00bbcenter\u00bb text_font_size_tablet=\u00bb22px\u00bb text_font_size_phone=\u00bb18px\u00bb text_font_size_last_edited=\u00bbon|phone\u00bb text_line_height_tablet=\u00bb\u00bb text_line_height_phone=\u00bb1.5em\u00bb text_line_height_last_edited=\u00bbon|phone\u00bb global_colors_info=\u00bb{}\u00bb]<\/p>\n<p>Cultura, deporte y relax: \u00a1muchas oportunidades!<\/p>\n<p>[\/et_pb_text][\/et_pb_column][\/et_pb_row][et_pb_row column_structure=\u00bb1_4,1_4,1_4,1_4&#8243; _builder_version=\u00bb4.27.4&#8243; _module_preset=\u00bbdefault\u00bb global_colors_info=\u00bb{}\u00bb][et_pb_column type=\u00bb1_4&#8243; _builder_version=\u00bb4.27.4&#8243; _module_preset=\u00bbdefault\u00bb global_colors_info=\u00bb{}\u00bb][et_pb_blurb title=\u00bbFestivales\u00bb image=\u00bbhttps:\/\/quintadosobral.com\/wp-content\/uploads\/2025\/01\/quinta-do-sobral-traditionelle-feste.jpg\u00bb image_icon_width_tablet=\u00bb\u00bb image_icon_width_phone=\u00bb\u00bb image_icon_width_last_edited=\u00bbon|phone\u00bb _builder_version=\u00bb4.27.4&#8243; _module_preset=\u00bbdefault\u00bb header_font=\u00bbMontserrat Semibold lokal||||||||\u00bb header_text_align=\u00bbcenter\u00bb header_font_size=\u00bb20px\u00bb header_letter_spacing=\u00bb1px\u00bb body_text_align=\u00bbcenter\u00bb body_font_size=\u00bb16px\u00bb header_font_size_phone=\u00bb20px\u00bb header_font_size_last_edited=\u00bboff|phone\u00bb body_font_size_tablet=\u00bb16px\u00bb body_font_size_phone=\u00bb16px\u00bb body_font_size_last_edited=\u00bbon|phone\u00bb border_radii_image=\u00bbon|400px|400px|400px|400px\u00bb global_colors_info=\u00bb{}\u00bb]<\/p>\n<p>Durante todo el a\u00f1o, en todas las estaciones, se realizan festivales y eventos tradicionales. Ven y visita \u2013 disfruta de las actuaciones! <\/p>\n<p>[\/et_pb_blurb][\/et_pb_column][et_pb_column type=\u00bb1_4&#8243; _builder_version=\u00bb4.27.4&#8243; _module_preset=\u00bbdefault\u00bb global_colors_info=\u00bb{}\u00bb][et_pb_blurb title=\u00bbNaturaleza\u00bb image=\u00bbhttps:\/\/quintadosobral.com\/wp-content\/uploads\/2025\/01\/quinta-do-sobral-natur.jpg\u00bb image_icon_width_tablet=\u00bb\u00bb image_icon_width_phone=\u00bb\u00bb image_icon_width_last_edited=\u00bbon|phone\u00bb _builder_version=\u00bb4.27.4&#8243; _module_preset=\u00bbdefault\u00bb header_font=\u00bbMontserrat Semibold lokal||||||||\u00bb header_text_align=\u00bbcenter\u00bb header_font_size=\u00bb20px\u00bb header_letter_spacing=\u00bb1px\u00bb body_text_align=\u00bbcenter\u00bb body_font_size=\u00bb16px\u00bb header_font_size_phone=\u00bb20px\u00bb header_font_size_last_edited=\u00bboff|phone\u00bb body_font_size_tablet=\u00bb16px\u00bb body_font_size_phone=\u00bb16px\u00bb body_font_size_last_edited=\u00bbon|phone\u00bb border_radii_image=\u00bbon|400px|400px|400px|400px\u00bb global_colors_info=\u00bb{}\u00bb]<\/p>\n<p>El encantador pa\u00eds ofrece diversas oportunidades para observar la flora y la fauna, por ejemplo, especies de aves raras.<\/p>\n<p>[\/et_pb_blurb][\/et_pb_column][et_pb_column type=\u00bb1_4&#8243; _builder_version=\u00bb4.27.4&#8243; _module_preset=\u00bbdefault\u00bb global_colors_info=\u00bb{}\u00bb][et_pb_blurb title=\u00bbEquitaci\u00f3n\u00bb image=\u00bbhttps:\/\/quintadosobral.com\/wp-content\/uploads\/2025\/01\/quinta-do-sobral-reiten.jpg\u00bb image_icon_width_tablet=\u00bb\u00bb image_icon_width_phone=\u00bb\u00bb image_icon_width_last_edited=\u00bbon|phone\u00bb _builder_version=\u00bb4.27.4&#8243; _module_preset=\u00bbdefault\u00bb header_font=\u00bbMontserrat Semibold lokal||||||||\u00bb header_text_align=\u00bbcenter\u00bb header_font_size=\u00bb20px\u00bb header_letter_spacing=\u00bb1px\u00bb body_text_align=\u00bbcenter\u00bb body_font_size=\u00bb16px\u00bb header_font_size_phone=\u00bb20px\u00bb header_font_size_last_edited=\u00bboff|phone\u00bb body_font_size_tablet=\u00bb16px\u00bb body_font_size_phone=\u00bb16px\u00bb body_font_size_last_edited=\u00bbon|phone\u00bb border_radii_image=\u00bbon|400px|400px|400px|400px\u00bb global_colors_info=\u00bb{}\u00bb]<\/p>\n<p>Hay un atractivo centro de equitaci\u00f3n dentro del municipio. Entre otros ofrecen excursiones a caballo por los alrededores. <\/p>\n<p>[\/et_pb_blurb][\/et_pb_column][et_pb_column type=\u00bb1_4&#8243; _builder_version=\u00bb4.27.4&#8243; _module_preset=\u00bbdefault\u00bb global_colors_info=\u00bb{}\u00bb][et_pb_blurb title=\u00bbDeportes acu\u00e1ticos&lt;br&gt;\u00bb image=\u00bbhttps:\/\/quintadosobral.com\/wp-content\/uploads\/2025\/01\/quinta-do-sobral-wassersport.jpg\u00bb image_icon_width_tablet=\u00bb\u00bb image_icon_width_phone=\u00bb\u00bb image_icon_width_last_edited=\u00bbon|phone\u00bb _builder_version=\u00bb4.27.4&#8243; _module_preset=\u00bbdefault\u00bb header_font=\u00bbMontserrat Semibold lokal||||||||\u00bb header_text_align=\u00bbcenter\u00bb header_font_size=\u00bb20px\u00bb header_letter_spacing=\u00bb1px\u00bb body_text_align=\u00bbcenter\u00bb body_font_size=\u00bb16px\u00bb header_font_size_phone=\u00bb20px\u00bb header_font_size_last_edited=\u00bboff|phone\u00bb body_font_size_tablet=\u00bb16px\u00bb body_font_size_phone=\u00bb16px\u00bb body_font_size_last_edited=\u00bbon|phone\u00bb border_radii_image=\u00bbon|400px|400px|400px|400px\u00bb global_colors_info=\u00bb{}\u00bb]<\/p>\n<p>Numerosas opciones: por ejemplo, puede alquilar una canoa en el cercano r\u00edo Z\u00eazere y recorrer muchos kil\u00f3metros. <\/p>\n<p>[\/et_pb_blurb][\/et_pb_column][\/et_pb_row][et_pb_row column_structure=\u00bb1_4,1_4,1_4,1_4&#8243; _builder_version=\u00bb4.27.4&#8243; _module_preset=\u00bbdefault\u00bb global_colors_info=\u00bb{}\u00bb][et_pb_column type=\u00bb1_4&#8243; _builder_version=\u00bb4.27.4&#8243; _module_preset=\u00bbdefault\u00bb global_colors_info=\u00bb{}\u00bb][et_pb_blurb title=\u00bbAgricultura\u00bb image=\u00bbhttps:\/\/quintadosobral.com\/wp-content\/uploads\/2025\/01\/quinta-do-sobral-landwirtschaft.jpg\u00bb image_icon_width_tablet=\u00bb\u00bb image_icon_width_phone=\u00bb\u00bb image_icon_width_last_edited=\u00bbon|phone\u00bb _builder_version=\u00bb4.27.4&#8243; _module_preset=\u00bbdefault\u00bb header_font=\u00bbMontserrat Semibold lokal||||||||\u00bb header_text_align=\u00bbcenter\u00bb header_font_size=\u00bb20px\u00bb header_letter_spacing=\u00bb1px\u00bb body_text_align=\u00bbcenter\u00bb body_font_size=\u00bb16px\u00bb header_font_size_phone=\u00bb20px\u00bb header_font_size_last_edited=\u00bboff|phone\u00bb body_font_size_tablet=\u00bb16px\u00bb body_font_size_phone=\u00bb16px\u00bb body_font_size_last_edited=\u00bbon|phone\u00bb border_radii_image=\u00bbon|400px|400px|400px|400px\u00bb global_colors_info=\u00bb{}\u00bb]<\/p>\n<p>La Quinta Do Sobral dispone de vi\u00f1edos, casta\u00f1os, bosque de alcornoques, olivos, limoneros, huertas, ovejas y aguas de manantiales. \u00a1Ofrecemos una visita guiada de la finca a nuestros hu\u00e9spedes! <\/p>\n<p>[\/et_pb_blurb][\/et_pb_column][et_pb_column type=\u00bb1_4&#8243; _builder_version=\u00bb4.27.4&#8243; _module_preset=\u00bbdefault\u00bb global_colors_info=\u00bb{}\u00bb][et_pb_blurb title=\u00bbBTT\u00bb image=\u00bbhttps:\/\/quintadosobral.com\/wp-content\/uploads\/2025\/01\/quinta-do-sobral-mountainbiking.jpg\u00bb image_icon_width_tablet=\u00bb\u00bb image_icon_width_phone=\u00bb\u00bb image_icon_width_last_edited=\u00bbon|phone\u00bb _builder_version=\u00bb4.27.4&#8243; _module_preset=\u00bbdefault\u00bb header_font=\u00bbMontserrat Semibold lokal||||||||\u00bb header_text_align=\u00bbcenter\u00bb header_font_size=\u00bb20px\u00bb header_letter_spacing=\u00bb1px\u00bb body_text_align=\u00bbcenter\u00bb body_font_size=\u00bb16px\u00bb header_font_size_phone=\u00bb20px\u00bb header_font_size_last_edited=\u00bboff|phone\u00bb body_font_size_tablet=\u00bb16px\u00bb body_font_size_phone=\u00bb16px\u00bb body_font_size_last_edited=\u00bbon|phone\u00bb border_radii_image=\u00bbon|400px|400px|400px|400px\u00bb global_colors_info=\u00bb{}\u00bb]<\/p>\n<p>La regi\u00f3n ofrece una multitud de rutas se\u00f1alizadas para BTT para todos los niveles de dificultad. Tambi\u00e9n existen v\u00e1rias centros de servicios bien equipados. \u00a1La Quinta Do Sobral es un punto de partida excelente! <\/p>\n<p>[\/et_pb_blurb][\/et_pb_column][et_pb_column type=\u00bb1_4&#8243; _builder_version=\u00bb4.27.4&#8243; _module_preset=\u00bbdefault\u00bb global_colors_info=\u00bb{}\u00bb][et_pb_blurb title=\u00bbDelicias culinarias\u00bb image=\u00bbhttps:\/\/quintadosobral.com\/wp-content\/uploads\/2025\/01\/quinta-do-sobral-essen-trinken.jpg\u00bb image_icon_width_tablet=\u00bb\u00bb image_icon_width_phone=\u00bb\u00bb image_icon_width_last_edited=\u00bbon|phone\u00bb _builder_version=\u00bb4.27.4&#8243; _module_preset=\u00bbdefault\u00bb header_font=\u00bbMontserrat Semibold lokal||||||||\u00bb header_text_align=\u00bbcenter\u00bb header_font_size=\u00bb20px\u00bb header_letter_spacing=\u00bb1px\u00bb body_text_align=\u00bbcenter\u00bb body_font_size=\u00bb16px\u00bb header_font_size_phone=\u00bb20px\u00bb header_font_size_last_edited=\u00bboff|phone\u00bb body_font_size_tablet=\u00bb16px\u00bb body_font_size_phone=\u00bb16px\u00bb body_font_size_last_edited=\u00bbon|phone\u00bb border_radii_image=\u00bbon|400px|400px|400px|400px\u00bb global_colors_info=\u00bb{}\u00bb]<\/p>\n<p>Nosotros ayudan con placer en descubrir la gastronomia de la regi\u00f3n. Hay muchas restaurantes acogedores con una atm\u00f3sfera familiar. Tambi\u00e9n nosotros preparamos refecciones saborosas. <\/p>\n<p>[\/et_pb_blurb][\/et_pb_column][et_pb_column type=\u00bb1_4&#8243; _builder_version=\u00bb4.27.4&#8243; _module_preset=\u00bbdefault\u00bb global_colors_info=\u00bb{}\u00bb][et_pb_blurb title=\u00bbCultura\u00bb image=\u00bbhttps:\/\/quintadosobral.com\/wp-content\/uploads\/2025\/01\/quinta-do-sobral-kultur.jpg\u00bb image_icon_width_tablet=\u00bb\u00bb image_icon_width_phone=\u00bb\u00bb image_icon_width_last_edited=\u00bbon|phone\u00bb _builder_version=\u00bb4.27.4&#8243; _module_preset=\u00bbdefault\u00bb header_font=\u00bbMontserrat Semibold lokal||||||||\u00bb header_text_align=\u00bbcenter\u00bb header_font_size=\u00bb20px\u00bb header_letter_spacing=\u00bb1px\u00bb body_text_align=\u00bbcenter\u00bb body_font_size=\u00bb16px\u00bb header_font_size_phone=\u00bb20px\u00bb header_font_size_last_edited=\u00bboff|phone\u00bb body_font_size_tablet=\u00bb16px\u00bb body_font_size_phone=\u00bb16px\u00bb body_font_size_last_edited=\u00bbon|phone\u00bb border_radii_image=\u00bbon|400px|400px|400px|400px\u00bb global_colors_info=\u00bb{}\u00bb]<\/p>\n<p>Cuatro puntos del Patrimonio Mundial de la UNESCO pueden visitarse en excursiones agradables. M\u00e1s, el famoso pintor portugu\u00e9s Jos\u00e9 Malhoa, eligi\u00f3 este lugar para vivir y trabajar durante muchos a\u00f1os. <\/p>\n<p>[\/et_pb_blurb][\/et_pb_column][\/et_pb_row][et_pb_row column_structure=\u00bb1_4,1_4,1_4,1_4&#8243; _builder_version=\u00bb4.27.4&#8243; _module_preset=\u00bbdefault\u00bb global_colors_info=\u00bb{}\u00bb][et_pb_column type=\u00bb1_4&#8243; _builder_version=\u00bb4.27.4&#8243; _module_preset=\u00bbdefault\u00bb global_colors_info=\u00bb{}\u00bb][et_pb_blurb title=\u00bbPesca\u00bb image=\u00bbhttps:\/\/quintadosobral.com\/wp-content\/uploads\/2025\/01\/quinta-do-sobral-angeln.jpg\u00bb image_icon_width_tablet=\u00bb\u00bb image_icon_width_phone=\u00bb\u00bb image_icon_width_last_edited=\u00bbon|phone\u00bb _builder_version=\u00bb4.27.4&#8243; _module_preset=\u00bbdefault\u00bb header_font=\u00bbMontserrat Semibold lokal||||||||\u00bb header_text_align=\u00bbcenter\u00bb header_font_size=\u00bb20px\u00bb header_letter_spacing=\u00bb1px\u00bb body_text_align=\u00bbcenter\u00bb body_font_size=\u00bb16px\u00bb header_font_size_phone=\u00bb20px\u00bb header_font_size_last_edited=\u00bboff|phone\u00bb body_font_size_tablet=\u00bb16px\u00bb body_font_size_phone=\u00bb16px\u00bb body_font_size_last_edited=\u00bbon|phone\u00bb border_radii_image=\u00bbon|400px|400px|400px|400px\u00bb global_colors_info=\u00bb{}\u00bb]<\/p>\n<p>La regi\u00f3n con su belleza paisaj\u00edstica, con la proximidad del rio Z\u00eazere y diversos arroyos y lagos es ideal para pescar y realizar todo tipo de deportes n\u00e1uticos. <\/p>\n<p>[\/et_pb_blurb][\/et_pb_column][et_pb_column type=\u00bb1_4&#8243; _builder_version=\u00bb4.27.4&#8243; _module_preset=\u00bbdefault\u00bb global_colors_info=\u00bb{}\u00bb][et_pb_blurb title=\u00bbNataci\u00f3n\u00bb image=\u00bbhttps:\/\/quintadosobral.com\/wp-content\/uploads\/2025\/01\/quinta-do-sobral-schwimmen.jpg\u00bb image_icon_width_tablet=\u00bb\u00bb image_icon_width_phone=\u00bb\u00bb image_icon_width_last_edited=\u00bbon|phone\u00bb _builder_version=\u00bb4.27.4&#8243; _module_preset=\u00bbdefault\u00bb header_font=\u00bbMontserrat Semibold lokal||||||||\u00bb header_text_align=\u00bbcenter\u00bb header_font_size=\u00bb20px\u00bb header_letter_spacing=\u00bb1px\u00bb body_text_align=\u00bbcenter\u00bb body_font_size=\u00bb16px\u00bb header_font_size_phone=\u00bb20px\u00bb header_font_size_last_edited=\u00bboff|phone\u00bb body_font_size_tablet=\u00bb16px\u00bb body_font_size_phone=\u00bb16px\u00bb body_font_size_last_edited=\u00bbon|phone\u00bb border_radii_image=\u00bbon|400px|400px|400px|400px\u00bb global_colors_info=\u00bb{}\u00bb]<\/p>\n<p>La Quinta dispone de una piscina bonita con todas las comodidades. M\u00e1s, las playas fluviales id\u00edlicas, especialidad de la regi\u00f3n, siempre cuentan con aguas muy limpias. <\/p>\n<p>[\/et_pb_blurb][\/et_pb_column][et_pb_column type=\u00bb1_4&#8243; _builder_version=\u00bb4.27.4&#8243; _module_preset=\u00bbdefault\u00bb global_colors_info=\u00bb{}\u00bb][et_pb_blurb title=\u00bbEscalada\u00bb image=\u00bbhttps:\/\/quintadosobral.com\/wp-content\/uploads\/2025\/01\/quinta-do-sobral-klettern.jpg\u00bb image_icon_width_tablet=\u00bb\u00bb image_icon_width_phone=\u00bb\u00bb image_icon_width_last_edited=\u00bbon|phone\u00bb _builder_version=\u00bb4.27.4&#8243; _module_preset=\u00bbdefault\u00bb header_font=\u00bbMontserrat Semibold lokal||||||||\u00bb header_text_align=\u00bbcenter\u00bb header_font_size=\u00bb20px\u00bb header_letter_spacing=\u00bb1px\u00bb body_text_align=\u00bbcenter\u00bb body_font_size=\u00bb16px\u00bb header_font_size_phone=\u00bb20px\u00bb header_font_size_last_edited=\u00bboff|phone\u00bb body_font_size_tablet=\u00bb16px\u00bb body_font_size_phone=\u00bb16px\u00bb body_font_size_last_edited=\u00bbon|phone\u00bb border_radii_image=\u00bbon|400px|400px|400px|400px\u00bb global_colors_info=\u00bb{}\u00bb]<\/p>\n<p>Existen diversas rutas de escalada bonitas y exigentes, pero tambi\u00e9n les hu\u00e9spedes pueden participar en las actividades ofrecidas mediante agenias profesionales. <\/p>\n<p>[\/et_pb_blurb][\/et_pb_column][et_pb_column type=\u00bb1_4&#8243; _builder_version=\u00bb4.27.4&#8243; _module_preset=\u00bbdefault\u00bb global_colors_info=\u00bb{}\u00bb][et_pb_blurb title=\u00bbSenderismo\u00bb image=\u00bbhttps:\/\/quintadosobral.com\/wp-content\/uploads\/2025\/01\/quinta-do-sobral-wandern.jpg\u00bb image_icon_width_tablet=\u00bb\u00bb image_icon_width_phone=\u00bb\u00bb image_icon_width_last_edited=\u00bbon|phone\u00bb _builder_version=\u00bb4.27.4&#8243; _module_preset=\u00bbdefault\u00bb header_font=\u00bbMontserrat Semibold lokal||||||||\u00bb header_text_align=\u00bbcenter\u00bb header_font_size=\u00bb20px\u00bb header_letter_spacing=\u00bb1px\u00bb body_text_align=\u00bbcenter\u00bb body_font_size=\u00bb16px\u00bb header_font_size_phone=\u00bb20px\u00bb header_font_size_last_edited=\u00bboff|phone\u00bb body_font_size_tablet=\u00bb16px\u00bb body_font_size_phone=\u00bb16px\u00bb body_font_size_last_edited=\u00bbon|phone\u00bb border_radii_image=\u00bbon|400px|400px|400px|400px\u00bb global_colors_info=\u00bb{}\u00bb]<\/p>\n<p>Existen varias rutas de senderismo bien se\u00f1alizadas a partir de la Quinta. Perfecto para o descubrimieto de la regi\u00f3n con sus pintorescos pueblos antiguos.<\/p>\n<p>[\/et_pb_blurb][\/et_pb_column][\/et_pb_row][\/et_pb_section]<\/p>\n","protected":false},"excerpt":{"rendered":"<p>ActividadesCultura, deporte y relax: \u00a1muchas oportunidades!Durante todo el a\u00f1o, en todas las estaciones, se realizan festivales y eventos tradicionales. Ven y visita \u2013 disfruta de las actuaciones! El encantador pa\u00eds ofrece diversas oportunidades para observar la flora y la fauna, por ejemplo, especies de aves raras.Hay un atractivo centro de equitaci\u00f3n dentro del municipio. Entre [&hellip;]<\/p>\n","protected":false},"author":1,"featured_media":0,"parent":0,"menu_order":0,"comment_status":"closed","ping_status":"closed","template":"","meta":{"_et_pb_use_builder":"on","_et_pb_old_content":"","_et_gb_content_width":"","footnotes":""},"class_list":["post-888","page","type-page","status-publish","hentry"],"yoast_head":"<!-- This site is optimized with the Yoast SEO plugin v27.1.1 - https:\/\/yoast.com\/product\/yoast-seo-wordpress\/ -->\n<title>Actividades - Quinta Do Sobral<\/title>\n<meta name=\"robots\" content=\"index, follow, max-snippet:-1, max-image-preview:large, max-video-preview:-1\" \/>\n<link rel=\"canonical\" href=\"https:\/\/quintadosobral.com\/es\/actividades\/\" \/>\n<meta property=\"og:locale\" content=\"es_ES\" \/>\n<meta property=\"og:type\" content=\"article\" \/>\n<meta property=\"og:title\" content=\"Actividades - Quinta Do Sobral\" \/>\n<meta property=\"og:description\" content=\"ActividadesCultura, deporte y relax: \u00a1muchas oportunidades!Durante todo el a\u00f1o, en todas las estaciones, se realizan festivales y eventos tradicionales. Ven y visita \u2013 disfruta de las actuaciones! El encantador pa\u00eds ofrece diversas oportunidades para observar la flora y la fauna, por ejemplo, especies de aves raras.Hay un atractivo centro de equitaci\u00f3n dentro del municipio. Entre [&hellip;]\" \/>\n<meta property=\"og:url\" content=\"https:\/\/quintadosobral.com\/es\/actividades\/\" \/>\n<meta property=\"og:site_name\" content=\"Quinta Do Sobral\" \/>\n<meta property=\"article:publisher\" content=\"https:\/\/www.facebook.com\/BernhardundBrigitte\/\" \/>\n<meta property=\"article:modified_time\" content=\"2025-02-02T12:53:50+00:00\" \/>\n<meta name=\"twitter:card\" content=\"summary_large_image\" \/>\n<meta name=\"twitter:label1\" content=\"Tiempo de lectura\" \/>\n\t<meta name=\"twitter:data1\" content=\"10 minutos\" \/>\n<script type=\"application\/ld+json\" class=\"yoast-schema-graph\">{\"@context\":\"https:\/\/schema.org\",\"@graph\":[{\"@type\":\"WebPage\",\"@id\":\"https:\/\/quintadosobral.com\/es\/actividades\/\",\"url\":\"https:\/\/quintadosobral.com\/es\/actividades\/\",\"name\":\"Actividades - Quinta Do Sobral\",\"isPartOf\":{\"@id\":\"https:\/\/quintadosobral.com\/es\/#website\"},\"datePublished\":\"2025-01-30T16:11:09+00:00\",\"dateModified\":\"2025-02-02T12:53:50+00:00\",\"breadcrumb\":{\"@id\":\"https:\/\/quintadosobral.com\/es\/actividades\/#breadcrumb\"},\"inLanguage\":\"es\",\"potentialAction\":[{\"@type\":\"ReadAction\",\"target\":[\"https:\/\/quintadosobral.com\/es\/actividades\/\"]}]},{\"@type\":\"BreadcrumbList\",\"@id\":\"https:\/\/quintadosobral.com\/es\/actividades\/#breadcrumb\",\"itemListElement\":[{\"@type\":\"ListItem\",\"position\":1,\"name\":\"Startseite\",\"item\":\"https:\/\/quintadosobral.com\/es\/\"},{\"@type\":\"ListItem\",\"position\":2,\"name\":\"Actividades\"}]},{\"@type\":\"WebSite\",\"@id\":\"https:\/\/quintadosobral.com\/es\/#website\",\"url\":\"https:\/\/quintadosobral.com\/es\/\",\"name\":\"Quinta Do Sobral\",\"description\":\"Rural Guest Houses | Central Portugal | Acceuil\",\"publisher\":{\"@id\":\"https:\/\/quintadosobral.com\/es\/#organization\"},\"potentialAction\":[{\"@type\":\"SearchAction\",\"target\":{\"@type\":\"EntryPoint\",\"urlTemplate\":\"https:\/\/quintadosobral.com\/es\/?s={search_term_string}\"},\"query-input\":{\"@type\":\"PropertyValueSpecification\",\"valueRequired\":true,\"valueName\":\"search_term_string\"}}],\"inLanguage\":\"es\"},{\"@type\":\"Organization\",\"@id\":\"https:\/\/quintadosobral.com\/es\/#organization\",\"name\":\"Quinta Do Sobral\",\"url\":\"https:\/\/quintadosobral.com\/es\/\",\"logo\":{\"@type\":\"ImageObject\",\"inLanguage\":\"es\",\"@id\":\"https:\/\/quintadosobral.com\/es\/#\/schema\/logo\/image\/\",\"url\":\"https:\/\/quintadosobral.com\/wp-content\/uploads\/2025\/01\/quinta-do-sobral-pool02-min.jpg\",\"contentUrl\":\"https:\/\/quintadosobral.com\/wp-content\/uploads\/2025\/01\/quinta-do-sobral-pool02-min.jpg\",\"width\":1475,\"height\":983,\"caption\":\"Quinta Do Sobral\"},\"image\":{\"@id\":\"https:\/\/quintadosobral.com\/es\/#\/schema\/logo\/image\/\"},\"sameAs\":[\"https:\/\/www.facebook.com\/BernhardundBrigitte\/\"]}]}<\/script>\n<!-- \/ Yoast SEO plugin. -->","yoast_head_json":{"title":"Actividades - Quinta Do Sobral","robots":{"index":"index","follow":"follow","max-snippet":"max-snippet:-1","max-image-preview":"max-image-preview:large","max-video-preview":"max-video-preview:-1"},"canonical":"https:\/\/quintadosobral.com\/es\/actividades\/","og_locale":"es_ES","og_type":"article","og_title":"Actividades - Quinta Do Sobral","og_description":"ActividadesCultura, deporte y relax: \u00a1muchas oportunidades!Durante todo el a\u00f1o, en todas las estaciones, se realizan festivales y eventos tradicionales. Ven y visita \u2013 disfruta de las actuaciones! El encantador pa\u00eds ofrece diversas oportunidades para observar la flora y la fauna, por ejemplo, especies de aves raras.Hay un atractivo centro de equitaci\u00f3n dentro del municipio. Entre [&hellip;]","og_url":"https:\/\/quintadosobral.com\/es\/actividades\/","og_site_name":"Quinta Do Sobral","article_publisher":"https:\/\/www.facebook.com\/BernhardundBrigitte\/","article_modified_time":"2025-02-02T12:53:50+00:00","twitter_card":"summary_large_image","twitter_misc":{"Tiempo de lectura":"10 minutos"},"schema":{"@context":"https:\/\/schema.org","@graph":[{"@type":"WebPage","@id":"https:\/\/quintadosobral.com\/es\/actividades\/","url":"https:\/\/quintadosobral.com\/es\/actividades\/","name":"Actividades - Quinta Do Sobral","isPartOf":{"@id":"https:\/\/quintadosobral.com\/es\/#website"},"datePublished":"2025-01-30T16:11:09+00:00","dateModified":"2025-02-02T12:53:50+00:00","breadcrumb":{"@id":"https:\/\/quintadosobral.com\/es\/actividades\/#breadcrumb"},"inLanguage":"es","potentialAction":[{"@type":"ReadAction","target":["https:\/\/quintadosobral.com\/es\/actividades\/"]}]},{"@type":"BreadcrumbList","@id":"https:\/\/quintadosobral.com\/es\/actividades\/#breadcrumb","itemListElement":[{"@type":"ListItem","position":1,"name":"Startseite","item":"https:\/\/quintadosobral.com\/es\/"},{"@type":"ListItem","position":2,"name":"Actividades"}]},{"@type":"WebSite","@id":"https:\/\/quintadosobral.com\/es\/#website","url":"https:\/\/quintadosobral.com\/es\/","name":"Quinta Do Sobral","description":"Rural Guest Houses | Central Portugal | Acceuil","publisher":{"@id":"https:\/\/quintadosobral.com\/es\/#organization"},"potentialAction":[{"@type":"SearchAction","target":{"@type":"EntryPoint","urlTemplate":"https:\/\/quintadosobral.com\/es\/?s={search_term_string}"},"query-input":{"@type":"PropertyValueSpecification","valueRequired":true,"valueName":"search_term_string"}}],"inLanguage":"es"},{"@type":"Organization","@id":"https:\/\/quintadosobral.com\/es\/#organization","name":"Quinta Do Sobral","url":"https:\/\/quintadosobral.com\/es\/","logo":{"@type":"ImageObject","inLanguage":"es","@id":"https:\/\/quintadosobral.com\/es\/#\/schema\/logo\/image\/","url":"https:\/\/quintadosobral.com\/wp-content\/uploads\/2025\/01\/quinta-do-sobral-pool02-min.jpg","contentUrl":"https:\/\/quintadosobral.com\/wp-content\/uploads\/2025\/01\/quinta-do-sobral-pool02-min.jpg","width":1475,"height":983,"caption":"Quinta Do Sobral"},"image":{"@id":"https:\/\/quintadosobral.com\/es\/#\/schema\/logo\/image\/"},"sameAs":["https:\/\/www.facebook.com\/BernhardundBrigitte\/"]}]}},"_links":{"self":[{"href":"https:\/\/quintadosobral.com\/es\/wp-json\/wp\/v2\/pages\/888","targetHints":{"allow":["GET"]}}],"collection":[{"href":"https:\/\/quintadosobral.com\/es\/wp-json\/wp\/v2\/pages"}],"about":[{"href":"https:\/\/quintadosobral.com\/es\/wp-json\/wp\/v2\/types\/page"}],"author":[{"embeddable":true,"href":"https:\/\/quintadosobral.com\/es\/wp-json\/wp\/v2\/users\/1"}],"replies":[{"embeddable":true,"href":"https:\/\/quintadosobral.com\/es\/wp-json\/wp\/v2\/comments?post=888"}],"version-history":[{"count":3,"href":"https:\/\/quintadosobral.com\/es\/wp-json\/wp\/v2\/pages\/888\/revisions"}],"predecessor-version":[{"id":1164,"href":"https:\/\/quintadosobral.com\/es\/wp-json\/wp\/v2\/pages\/888\/revisions\/1164"}],"wp:attachment":[{"href":"https:\/\/quintadosobral.com\/es\/wp-json\/wp\/v2\/media?parent=888"}],"curies":[{"name":"wp","href":"https:\/\/api.w.org\/{rel}","templated":true}]}}